{"id":3044,"date":"2016-06-21T18:17:01","date_gmt":"2016-06-21T17:17:01","guid":{"rendered":"http:\/\/simproperty.com\/sk\/?page_id=3044"},"modified":"2023-04-24T07:27:34","modified_gmt":"2023-04-24T06:27:34","slug":"rentflow-softver-spravu-prenajmu","status":"publish","type":"page","link":"https:\/\/www.simproperty.com\/sk\/sprava-prenajmu\/rentflow-softver-spravu-prenajmu\/","title":{"rendered":"Rentflow softv\u00e9r pre spr\u00e1vu pren\u00e1jmu"},"content":{"rendered":"<div class=\"row-wrap \"><!-- row-wrap --><div class=\"container\"><!-- cointainer --><div class=\"wpb-row row     \"><!-- wpb-row row --><div class=\"wpb-column col-md-12        \" style=\"height:px\"><div class=\"wpb-column-text column-text  \"><!-- wpb-column-text --><h1><strong>Rentflow \u2013 softv\u00e9r pre spr\u00e1vu pren\u00e1jmu<\/strong><\/h1>\n<p>Spr\u00e1va nehnute\u013enost\u00ed vie by\u0165 mimoriadne \u010dasovo n\u00e1ro\u010dn\u00e1. Preto sme v\u00a0<strong>SIM Property <\/strong>h\u013eadali sp\u00f4sob, ako by\u0165 \u010do najefekt\u00edvnej\u0161\u00ed. V\u00fdsledkom je softv\u00e9r Rentflow, ktor\u00fd vyv\u00edjame od roku 2009. V\u010faka svoj\u00edm pokro\u010dil\u00fdm marketingov\u00fdm funkci\u00e1m a\u00a0prepracovan\u00e9mu online reportingu pom\u00e1ha n\u00e1m a\u00a0na\u0161im klientom dr\u017ea\u0165 krok s\u00a0dobou a\u00a0z\u00edska\u0165 potrebn\u00fd n\u00e1skok. <strong>D\u00f4kazom toho je, \u017ee n\u00e1\u0161 softv\u00e9r pou\u017e\u00edvaj\u00fa aj \u010fal\u0161ie spolo\u010dnosti p\u00f4sobiace v oblasti spr\u00e1vy pren\u00e1jmu a na vy\u017eiadanie je dostupn\u00fd aj pre V\u00e1s. <\/strong><a href=\"http:\/\/www.rentflow.io\">www.rentflow.io<\/a><\/p>\n<p><em>Kliknite na miniat\u00fary ni\u017e\u0161ie <\/em>a pozrite si uk\u00e1\u017eky n\u00e1\u0161ho syst\u00e9mu tak, ako ho vidia majitelia nehnute\u013enost\u00ed:<\/p>\n    <div class=\"gallery row\">\r\n                    <div class=\"col-sm-2 col-xs-3 gallery-item\">\r\n                <a rel=\"gallery\" href=\"https:\/\/www.simproperty.com\/wp-content\/uploads\/2015\/01\/sim-propertytab1.png\"><img class=\"img-responsive\" src=\"https:\/\/www.simproperty.com\/wp-content\/uploads\/2015\/01\/sim-propertytab1-150x150.png\" alt=\"\"><\/a>\r\n            <\/div>\r\n                    <div class=\"col-sm-2 col-xs-3 gallery-item\">\r\n                <a rel=\"gallery\" href=\"https:\/\/www.simproperty.com\/wp-content\/uploads\/2015\/01\/sim-propertytab2-language.png\"><img class=\"img-responsive\" src=\"https:\/\/www.simproperty.com\/wp-content\/uploads\/2015\/01\/sim-propertytab2-language-150x150.png\" alt=\"\"><\/a>\r\n            <\/div>\r\n                    <div class=\"col-sm-2 col-xs-3 gallery-item\">\r\n                <a rel=\"gallery\" href=\"https:\/\/www.simproperty.com\/wp-content\/uploads\/2015\/01\/sim-propertytab3-photo.png\"><img class=\"img-responsive\" src=\"https:\/\/www.simproperty.com\/wp-content\/uploads\/2015\/01\/sim-propertytab3-photo-150x150.png\" alt=\"\"><\/a>\r\n            <\/div>\r\n                    <div class=\"col-sm-2 col-xs-3 gallery-item\">\r\n                <a rel=\"gallery\" href=\"https:\/\/www.simproperty.com\/wp-content\/uploads\/2015\/01\/sim-propertytab4-units.png\"><img class=\"img-responsive\" src=\"https:\/\/www.simproperty.com\/wp-content\/uploads\/2015\/01\/sim-propertytab4-units-150x150.png\" alt=\"\"><\/a>\r\n            <\/div>\r\n                    <div class=\"col-sm-2 col-xs-3 gallery-item\">\r\n                <a rel=\"gallery\" href=\"https:\/\/www.simproperty.com\/wp-content\/uploads\/2015\/01\/sim-propertytab5-unitsdetail.png\"><img class=\"img-responsive\" src=\"https:\/\/www.simproperty.com\/wp-content\/uploads\/2015\/01\/sim-propertytab5-unitsdetail-150x150.png\" alt=\"\"><\/a>\r\n            <\/div>\r\n                    <div class=\"col-sm-2 col-xs-3 gallery-item\">\r\n                <a rel=\"gallery\" href=\"https:\/\/www.simproperty.com\/wp-content\/uploads\/2015\/01\/sim-financetab1.png\"><img class=\"img-responsive\" src=\"https:\/\/www.simproperty.com\/wp-content\/uploads\/2015\/01\/sim-financetab1-150x150.png\" alt=\"\"><\/a>\r\n            <\/div>\r\n                    <div class=\"col-sm-2 col-xs-3 gallery-item\">\r\n                <a rel=\"gallery\" href=\"https:\/\/www.simproperty.com\/wp-content\/uploads\/2015\/01\/sim-financetab2-billhover.png\"><img class=\"img-responsive\" src=\"https:\/\/www.simproperty.com\/wp-content\/uploads\/2015\/01\/sim-financetab2-billhover-150x150.png\" alt=\"\"><\/a>\r\n            <\/div>\r\n                    <div class=\"col-sm-2 col-xs-3 gallery-item\">\r\n                <a rel=\"gallery\" href=\"https:\/\/www.simproperty.com\/wp-content\/uploads\/2015\/01\/sim-financetab3-renthover.png\"><img class=\"img-responsive\" src=\"https:\/\/www.simproperty.com\/wp-content\/uploads\/2015\/01\/sim-financetab3-renthover-150x150.png\" alt=\"\"><\/a>\r\n            <\/div>\r\n                    <div class=\"col-sm-2 col-xs-3 gallery-item\">\r\n                <a rel=\"gallery\" href=\"https:\/\/www.simproperty.com\/wp-content\/uploads\/2015\/01\/sim-paymentstab1.png\"><img class=\"img-responsive\" src=\"https:\/\/www.simproperty.com\/wp-content\/uploads\/2015\/01\/sim-paymentstab1-150x150.png\" alt=\"\"><\/a>\r\n            <\/div>\r\n                    <div class=\"col-sm-2 col-xs-3 gallery-item\">\r\n                <a rel=\"gallery\" href=\"https:\/\/www.simproperty.com\/wp-content\/uploads\/2015\/01\/sim-billstab1.png\"><img class=\"img-responsive\" src=\"https:\/\/www.simproperty.com\/wp-content\/uploads\/2015\/01\/sim-billstab1-150x150.png\" alt=\"\"><\/a>\r\n            <\/div>\r\n                    <div class=\"col-sm-2 col-xs-3 gallery-item\">\r\n                <a rel=\"gallery\" href=\"https:\/\/www.simproperty.com\/wp-content\/uploads\/2015\/01\/sim-feestab1.png\"><img class=\"img-responsive\" src=\"https:\/\/www.simproperty.com\/wp-content\/uploads\/2015\/01\/sim-feestab1-150x150.png\" alt=\"\"><\/a>\r\n            <\/div>\r\n                    <div class=\"col-sm-2 col-xs-3 gallery-item\">\r\n                <a rel=\"gallery\" href=\"https:\/\/www.simproperty.com\/wp-content\/uploads\/2015\/01\/sim-rentalcontractstab1.png\"><img class=\"img-responsive\" src=\"https:\/\/www.simproperty.com\/wp-content\/uploads\/2015\/01\/sim-rentalcontractstab1-150x150.png\" alt=\"\"><\/a>\r\n            <\/div>\r\n                    <div class=\"col-sm-2 col-xs-3 gallery-item\">\r\n                <a rel=\"gallery\" href=\"https:\/\/www.simproperty.com\/wp-content\/uploads\/2015\/01\/sim-rentalcontractstab2-detail.png\"><img class=\"img-responsive\" src=\"https:\/\/www.simproperty.com\/wp-content\/uploads\/2015\/01\/sim-rentalcontractstab2-detail-150x150.png\" alt=\"\"><\/a>\r\n            <\/div>\r\n                    <div class=\"col-sm-2 col-xs-3 gallery-item\">\r\n                <a rel=\"gallery\" href=\"https:\/\/www.simproperty.com\/wp-content\/uploads\/2015\/01\/sim-rentalcontractstab3-deposit.png\"><img class=\"img-responsive\" src=\"https:\/\/www.simproperty.com\/wp-content\/uploads\/2015\/01\/sim-rentalcontractstab3-deposit-150x150.png\" alt=\"\"><\/a>\r\n            <\/div>\r\n            <\/div>\r\n    \n<p>N\u00e1\u0161 softv\u00e9r m\u00e1 pokro\u010dil\u00e9 funkcie, ktor\u00e9 n\u00e1m, spr\u00e1vcom, umo\u017e\u0148uj\u00fa efekt\u00edvne spravova\u0165 Va\u0161e nehnute\u013enosti v r\u00f4znych krajin\u00e1ch. Navy\u0161e n\u00e1m pom\u00e1ha jasne a transparentne komunikova\u0165 s\u00a0Vami &#8211; na\u0161imi klientmi.<\/p>\n<p>Ka\u017ed\u00fd majite\u013e, alebo spr\u00e1vca nehnute\u013enosti, mus\u00ed sledova\u0165 nespo\u010detn\u00e9 mno\u017estvo mali\u010dkost\u00ed a mus\u00ed sa nimi pravidelne zaobera\u0165. V\u00a0pr\u00edpade jednej nehnute\u013enosti to nie je \u017eiadny ve\u013ek\u00fd probl\u00e9m. Pri ich v\u00e4\u010d\u0161om mno\u017estve je dobr\u00fd softv\u00e9r pre spr\u00e1vu nepostr\u00e1date\u013en\u00fdm pomocn\u00edkom. V\u010faka automatick\u00e9mu sledovaniu d\u00f4le\u017eit\u00fdch ukazovate\u013eov n\u00e1s v\u010das upozorn\u00ed na mo\u017en\u00e9 probl\u00e9my a\u00a0zabra\u0148uje zbyto\u010dn\u00fdm chyb\u00e1m (ktor\u00e9 sa v\u00a0mnoh\u00fdch spr\u00e1vcovsk\u00fdch spolo\u010dnostiach \u010dasto dej\u00fa).<\/p>\n<p>Pre spr\u00e1vcu nehnute\u013enost\u00ed so stovkami bytov a\u00a0in\u00fdch jednotiek v\u00a0mnoh\u00fdch krajin\u00e1ch, ak\u00fdm je Sim Property, je tak\u00fdto softv\u00e9r k\u013e\u00fa\u010dov\u00fd, inak by n\u00e1\u0161 biznis vyzeral ako jeden ve\u013ek\u00fd neporiadok. Nedok\u00e1\u017eeme si preto predstavi\u0165, ako m\u00f4\u017eu bez neho ostatn\u00ed fungova\u0165.<\/p>\n<\/div><!-- \/wpb-column-text --><div class=\"accordion  \" data-activetab=\"false\" data-collapsible=\"yes\"><div class=\"accordion-tab\"><div class=\"accordion-header\"><div class=\"accordion-header-icon\"><i class=\"fa fa-plus\"><\/i><\/div><h3>V\u00fdhody Rentflow pre na\u0161ich klientov<\/h3><\/div><div class=\"accordion-content\"><div class=\"wpb-column-text column-text  \"><!-- wpb-column-text --><ul>\n<li>V\u0161etky detaily nehnute\u013enosti na jednom mieste (adresa, identifika\u010dn\u00e9 \u010d\u00edslo, mapa, ve\u013ekos\u0165, poschodie at\u010f.)<\/li>\n<li>M\u00e1te preh\u013ead o v\u0161etk\u00fdch prich\u00e1dzaj\u00facich (napr. n\u00e1jom) a odch\u00e1dzaj\u00facich platb\u00e1ch (napr. elektrika, slu\u017eby, poistenie)<\/li>\n<li>Jasn\u00e9 rozdelenie platieb. Presne vid\u00edte o ktor\u00e9 platby sa star\u00e1te Vy a o ktor\u00e9 V\u00e1\u0161 spr\u00e1vca, pr\u00edpadne o ktor\u00e9 sa star\u00e1te spolo\u010dne<\/li>\n<li>Sledovanie depozitu\/kaucie a kompletn\u00fd preh\u013ead jeho\/jej \u010derpania<\/li>\n<li>Kompletn\u00e1 hist\u00f3ria v\u0161etk\u00fdch n\u00e1jomn\u00fdch zml\u00fav (a v\u0161etk\u00fdch o\u010dak\u00e1van\u00fdch platieb n\u00e1jomn\u00e9ho)<\/li>\n<li>Preh\u013ead bud\u00faceho pe\u0148a\u017en\u00e9ho toku, aby ste mohli lep\u0161ie pl\u00e1nova\u0165 Va\u0161e financie, \u010di spl\u00e1tky hypot\u00e9ky<\/li>\n<li>Pr\u00edstup 24 hod\u00edn denne \/ 7 dn\u00ed v\u00a0t\u00fd\u017edni \/ 365 dn\u00ed v\u00a0roku<\/li>\n<li>14 jazykov (en, cs, sk, pl, bg, ru, es, it, pt, ro, he, tr, fr, de)<\/li>\n<li>Aktualiz\u00e1cie v\u00a0re\u00e1lnom \u010dase (nemus\u00edte na report \u010daka\u0165 do konca mesiaca)<\/li>\n<li>Evidencia v\u0161etk\u00fdch historick\u00fdch a bud\u00facich platieb (napr. za elektriku, slu\u017eby, poistenie)<\/li>\n<li>Mo\u017enos\u0165 filtrova\u0165 a triedi\u0165 v\u0161etky platby pod\u013ea potreby s\u00a0mo\u017enos\u0165ou exportu (napr. do Excelu)<\/li>\n<li>V\u0161etky relevantn\u00e9 dokumenty na jednom mieste, pripraven\u00e9 na stiahnutie kedyko\u013evek (n\u00e1jomn\u00e9 zmluvy, preberacie protokoly, vy\u00fa\u010dtovania&#8230;)<\/li>\n<li>Jeden syst\u00e9m pre v\u0161etky Va\u0161e nehnute\u013enosti, nech s\u00fa kdeko\u013evek na svete.<\/li>\n<li>Mo\u017enos\u0165 delegova\u0165 pr\u00edstup k\u00a0nehnute\u013enosti pre tretie osoby (napr. Va\u0161ej sekret\u00e1rke \/ finan\u010dn\u00e9mu, \u010di da\u0148ov\u00e9mu poradcovi)<\/li>\n<li>Priamy kontakt na V\u00e1\u0161ho property managera<\/li>\n<\/ul>\n<\/div><!-- \/wpb-column-text -->\n<\/div><\/div><div class=\"accordion-tab\"><div class=\"accordion-header\"><div class=\"accordion-header-icon\"><i class=\"fa fa-plus\"><\/i><\/div><h3>Rentflow ako n\u00e1stroj pre property managera<\/h3><\/div><div class=\"accordion-content\"><div class=\"wpb-column-text column-text  \"><!-- wpb-column-text --><ul>\n<li>Efekt\u00edvne sledovanie n\u00e1jmov a dlhov<\/li>\n<li>Sledovanie splatnosti \u00fa\u010dtov \/n\u00e1kladov \u2013 aby boli platen\u00e9 v\u010das<\/li>\n<li>Efekt\u00edvne rozpoznanie hroziacich \u0165a\u017ekost\u00ed a detailn\u00e1 hist\u00f3ria nehnute\u013enosti<\/li>\n<li>R\u00fdchly pr\u00edstup ku v\u0161etk\u00fdm detailom nehnute\u013enosti\/n\u00e1jomn\u00edka\/platieb pre zlep\u0161enie komunik\u00e1cie a efektivity<\/li>\n<li>Lep\u0161ia koordin\u00e1cia medzi jednotliv\u00fdmi krajinami a\u00a0zamestnancami navz\u00e1jom<\/li>\n<li>Efekt\u00edvna spr\u00e1va dan\u00ed<\/li>\n<li>Jasnej\u0161\u00ed reporting a vy\u00fa\u010dtovanie pre n\u00e1jomn\u00edkov<\/li>\n<li>Automatick\u00fd v\u00fdpo\u010det poplatkov pod\u013ea platnej zmluvy<\/li>\n<li>Automatick\u00e1 kontrola spr\u00e1vnosti v\u00fdpo\u010dtu DPH<\/li>\n<li>Efekt\u00edvne sledovanie a reporting v\u0161etk\u00fdch poplatkov<\/li>\n<li>Efekt\u00edvne sledovanie, reporting a rie\u0161enie technick\u00fdch z\u00e1vad<\/li>\n<li>Zaznamen\u00e1va hist\u00f3riu komunik\u00e1cie s\u00a0klientom<\/li>\n<li>Kompletn\u00e9 CRM (Customer Relationship Management \u2013 Syst\u00e9m spr\u00e1vy vz\u0165ahov so z\u00e1kazn\u00edkmi)<\/li>\n<li>Jednoduch\u00e9 vytv\u00e1ranie a zverej\u0148ovanie inzercie na pren\u00e1jom \/ predaj nehnute\u013enost\u00ed<\/li>\n<li>Sledovanie\u00a0platnosti n\u00e1jomn\u00fdch zml\u00fav, aby sme obmedzili neobsadenos\u0165 nehnute\u013enosti.<\/li>\n<\/ul>\n<\/div><!-- \/wpb-column-text -->\n<\/div><\/div>\n<\/div><div class=\"wpb-column-text column-text  \"><!-- wpb-column-text --><p>Na vy\u017eiadanie je Rentflow dostupn\u00fd s\u00a0plnou podporou aj pre ostatn\u00e9 spr\u00e1vcovsk\u00e9 spolo\u010dnosti, ale aj realitn\u00e9 kancel\u00e1rie, kdeko\u013evek na svete.<\/p>\n<p><a href=https:\/\/www.simproperty.com\/sk\/kontakt\/>Kontaktujte n\u00e1s<\/a> a z\u00edskajte \u010fal\u0161ie inform\u00e1cie o fungovan\u00ed n\u00e1\u0161ho softv\u00e9ru a\/alebo o mo\u017enosti z\u00edska\u0165 pr\u00edstupov\u00e9 \u00fadaje do na\u0161ej <a href=\"http:\/\/demo.rentflow.net\">demo<\/a> verzie.<\/p>\n<\/div><!-- \/wpb-column-text --><div class=\"wpb-row row      \"><div class=\"wpb-column col-md-12        \" style=\"height:px\"><div class=\"box-wrap       box-wrap-box-icon-top box-wrap-box-icon-normal \" style=\"height:px\"><div class=\"box-inner \"><span class=\"box-icon-bg box-icon-normal-wrap box-icon-bg-orange box-icon-top\"><i class=\"fa fa-child box-icon-white box-icon-normal\"><\/i><\/span><h3 class=\"box-title  text-center box-icon-top-title box-icon-normal-title \">Client feedback on our software<\/h3>\r\n            <div id=\"testimonial-slider-1\" class=\"testimonial-slider \">\r\n                <ul>\r\n                                    <li class=\"jcarousel-item\">\r\n                        \r\n                        <div class=\"testimonial-box row \">\r\n    <div class=\"col-xs-12 col-testimonial-image text-center\">\r\n\r\n                    <img class=\"img-responsive\" src=\"https:\/\/www.simproperty.com\/wp-content\/themes\/simproperty\/images\/dummy.png\" alt=\"\">\r\n\r\n\r\n\r\n    <\/div>    \r\n    <div class=\"col-xs-12 col-testimonial-text\">\r\n        <blockquote><p>Sim Property group has been particularly helpful in identifying quality real estate investments in Wroclaw and managing them. Their information system is state of the art and helps keeping control of the situation from a distance. In any case, SPG is reactive to any incident so that there is no need to worry about anything. In summary I would not have considered investing in Poland without the outstanding support of SPG. Patrick L, France<\/p><\/blockquote>\r\n        <p class=\"testimonial-author\">Patrick Laredo - Wroclaw, PL<\/p>                \r\n    <\/div>\r\n<\/div>  \r\n                        \r\n                    <\/li>\r\n                                        <li class=\"jcarousel-item\">\r\n                        \r\n                        <div class=\"testimonial-box row \">\r\n    <div class=\"col-xs-12 col-testimonial-image text-center\">\r\n\r\n                    <img class=\"img-responsive\" src=\"https:\/\/www.simproperty.com\/wp-content\/themes\/simproperty\/images\/dummy.png\" alt=\"\">\r\n\r\n\r\n\r\n    <\/div>    \r\n    <div class=\"col-xs-12 col-testimonial-text\">\r\n        <blockquote><p>Simon\r\nI have logged on to my online account and it is very impressive and userfriendly.\r\nThanks\r\nNeel<\/p><\/blockquote>\r\n        <p class=\"testimonial-author\">Neel Sahai - Brno, CZ<\/p>                \r\n    <\/div>\r\n<\/div>  \r\n                        \r\n                    <\/li>\r\n                                        <li class=\"jcarousel-item\">\r\n                        \r\n                        <div class=\"testimonial-box row \">\r\n    <div class=\"col-xs-12 col-testimonial-image text-center\">\r\n\r\n                    <img class=\"img-responsive\" src=\"https:\/\/www.simproperty.com\/wp-content\/themes\/simproperty\/images\/dummy.png\" alt=\"\">\r\n\r\n\r\n\r\n    <\/div>    \r\n    <div class=\"col-xs-12 col-testimonial-text\">\r\n        <blockquote><p>simon,\r\ni went onto the website a few days ago and i think this is the best online reporting i have seen for any of our properties.\r\nthanks\r\ndavid<\/p><\/blockquote>\r\n        <p class=\"testimonial-author\">David Bauernfeind - CZ & SK<\/p>                \r\n    <\/div>\r\n<\/div>  \r\n                        \r\n                    <\/li>\r\n                                        <li class=\"jcarousel-item\">\r\n                        \r\n                        <div class=\"testimonial-box row \">\r\n    <div class=\"col-xs-12 col-testimonial-image text-center\">\r\n\r\n                    <img class=\"img-responsive\" src=\"https:\/\/www.simproperty.com\/wp-content\/themes\/simproperty\/images\/dummy.png\" alt=\"\">\r\n\r\n\r\n\r\n    <\/div>    \r\n    <div class=\"col-xs-12 col-testimonial-text\">\r\n        <blockquote><p>Hi Simon,\r\nJust wanted to say thanks for the continuing emails.  I appreciate your views and enjoy reading them, as you appear to give a balanced and honest appraisal.  This is a rare thing these days!\r\nRegards,\r\nDavid Barker<\/p><\/blockquote>\r\n        <p class=\"testimonial-author\">David Barker<\/p>                \r\n    <\/div>\r\n<\/div>  \r\n                        \r\n                    <\/li>\r\n                                        <li class=\"jcarousel-item\">\r\n                        \r\n                        <div class=\"testimonial-box row \">\r\n    <div class=\"col-xs-12 col-testimonial-image text-center\">\r\n\r\n                    <img class=\"img-responsive\" src=\"https:\/\/www.simproperty.com\/wp-content\/themes\/simproperty\/images\/dummy.png\" alt=\"\">\r\n\r\n\r\n\r\n    <\/div>    \r\n    <div class=\"col-xs-12 col-testimonial-text\">\r\n        <blockquote><p>Hi Simon\r\nThanks for yet another market report, best in class. \r\nMads<\/p><\/blockquote>\r\n        <p class=\"testimonial-author\">Mads Larsen - Prague, CZ<\/p>                \r\n    <\/div>\r\n<\/div>  \r\n                        \r\n                    <\/li>\r\n                     \r\n                <\/ul>\r\n            <\/div>\r\n\r\n            <script>\r\n                jQuery(document).ready(function ($) {\r\n                     \r\n                    $('#testimonial-slider-1').on('jcarousel:create jcarousel:reload', function () {\r\n\r\n                        var carousel = $(this);\r\n                        width = carousel.innerWidth();\r\n                        carousel.jcarousel('items').css('width', width + 'px');\r\n\r\n                    }).jcarousel({\r\n                        wrap: 'circular'                        \r\n                    });\r\n                    \r\n                    $('.testimonial-slider').jcarouselAutoscroll({\r\n                        autostart: true,\r\n                        interval: 5000                    });                    \r\n                })\r\n            <\/script>\r\n\r\n            \n<div class=\"clearfix\"><\/div><\/div><\/div> <\/div>\n<\/div> <\/div>\n<\/div><!-- \/wpb-row row --><\/div><!-- \/cointainer fluid or cointainer --><\/div><!-- \/row-wrap -->\n","protected":false},"excerpt":{"rendered":"Rentflow \u2013 softv\u00e9r pre spr\u00e1vu pren\u00e1jmu Spr\u00e1va nehnute\u013enost\u00ed vie by\u0165 mimoriadne \u010dasovo n\u00e1ro\u010dn\u00e1. Preto sme v\u00a0SIM Property h\u013eadali sp\u00f4sob, ako by\u0165 \u010do najefekt\u00edvnej\u0161\u00ed. V\u00fdsledkom je softv\u00e9r Rentflow, ktor\u00fd vyv\u00edjame od roku 2009. V\u010faka svoj\u00edm pokro\u010dil\u00fdm marketingov\u00fdm funkci\u00e1m a\u00a0prepracovan\u00e9mu online reportingu pom\u00e1ha n\u00e1m a\u00a0na\u0161im klientom dr\u017ea\u0165 krok s\u00a0dobou a\u00a0z\u00edska\u0165 potrebn\u00fd n\u00e1skok. D\u00f4kazom toho je, \u017ee n\u00e1\u0161 [...]","protected":false},"author":6,"featured_media":0,"parent":2630,"menu_order":0,"comment_status":"closed","ping_status":"open","template":"","meta":[],"aioseo_notices":[],"_links":{"self":[{"href":"https:\/\/www.simproperty.com\/sk\/wp-json\/wp\/v2\/pages\/3044"}],"collection":[{"href":"https:\/\/www.simproperty.com\/sk\/wp-json\/wp\/v2\/pages"}],"about":[{"href":"https:\/\/www.simproperty.com\/sk\/wp-json\/wp\/v2\/types\/page"}],"author":[{"embeddable":true,"href":"https:\/\/www.simproperty.com\/sk\/wp-json\/wp\/v2\/users\/6"}],"replies":[{"embeddable":true,"href":"https:\/\/www.simproperty.com\/sk\/wp-json\/wp\/v2\/comments?post=3044"}],"version-history":[{"count":13,"href":"https:\/\/www.simproperty.com\/sk\/wp-json\/wp\/v2\/pages\/3044\/revisions"}],"predecessor-version":[{"id":15787,"href":"https:\/\/www.simproperty.com\/sk\/wp-json\/wp\/v2\/pages\/3044\/revisions\/15787"}],"up":[{"embeddable":true,"href":"https:\/\/www.simproperty.com\/sk\/wp-json\/wp\/v2\/pages\/2630"}],"wp:attachment":[{"href":"https:\/\/www.simproperty.com\/sk\/wp-json\/wp\/v2\/media?parent=3044"}],"curies":[{"name":"wp","href":"https:\/\/api.w.org\/{rel}","templated":true}]}}