{"id":2970,"date":"2016-06-21T17:10:29","date_gmt":"2016-06-21T16:10:29","guid":{"rendered":"http:\/\/simproperty.com\/sk\/?page_id=2970"},"modified":"2021-02-01T13:48:13","modified_gmt":"2021-02-01T12:48:13","slug":"hypoteky","status":"publish","type":"page","link":"https:\/\/www.simproperty.com\/sk\/hypoteky\/","title":{"rendered":"Hypot\u00e9ky"},"content":{"rendered":"<div class=\"row-wrap \"><!-- row-wrap --><div class=\"container\"><!-- cointainer --><div class=\"wpb-row row     \"><!-- wpb-row row --><div class=\"wpb-column col-md-12        \" style=\"height:px\"><div class=\"wpb-column-text column-text  \"><!-- wpb-column-text --><h2 style=\"text-align: center;\">Hypot\u00e9ky<\/h2>\n<p>Sim Property svojim klientom sprostredkuje kompletn\u00fa a ucelen\u00fa ponuku hypot\u00e9k dostupn\u00fdch na Slovensku.<\/p>\n<p>V\u017edy sap re V\u00e1s sna\u017e\u00edme zariadi\u0165 tie najlep\u0161ie podmienky, ktor\u00e9 V\u00e1m bud\u00fa najviac vyhovova\u0165. Bez oh\u013eadu na to, \u010di ste investor, alebo vlastn\u00edk.<\/p>\n<ul>\n<li>Nov\u00e1 hypot\u00e9ka, ke\u010f kupujete nehnute\u013enos\u0165<\/li>\n<li>Hypot\u00e9ka pre cudzincov, s\u00a0pr\u00edjmom zo zahrani\u010dia, alebo v\u00a0r\u00e1mci Slovenska<\/li>\n<li>Hypot\u00e9ka na pren\u00e1jom, pre investorov bez dokladovania pr\u00edjmu<\/li>\n<li>Refinancovanie hypot\u00e9ky pre z\u00edskanie lep\u0161\u00edch podmienok \u00faveru<\/li>\n<li>Refinancovanie pre z\u00edskanie dodato\u010dn\u00fdch zdrojov pre \u010fal\u0161ie invest\u00edcie do nehnute\u013enost\u00ed<\/li>\n<\/ul>\n<p>Ak pred\u00e1vate svoju nehnute\u013enos\u0165, pom\u00f4\u017eeme V\u00e1m n\u00e1js\u0165 najlep\u0161\u00ed sp\u00f4sob doplatenia Va\u0161ej hypot\u00e9ky. Tak\u00e1to rada m\u00f4\u017ee by\u0165 ve\u013emi cenn\u00e1, preto\u017ee pri star\u0161\u00edch \u00faveroch si niektor\u00e9 banky \u00fa\u010dtuj\u00fa vysok\u00e9 poplatky za pred\u010dasn\u00e9 splatenie.<\/p>\n<p><a href=https:\/\/www.simproperty.com\/sk\/kontakt\/>Kontaktujte n\u00e1s<\/a>\u00a0a\u00a0z\u00edskajte ZDARMA nez\u00e1v\u00e4zn\u00fd prepo\u010det.<\/p>\n<\/div><!-- \/wpb-column-text --> <\/div>\n<\/div><!-- \/wpb-row row --><\/div><!-- \/cointainer fluid or cointainer --><\/div><!-- \/row-wrap -->\n","protected":false},"excerpt":{"rendered":"Hypot\u00e9ky Sim Property svojim klientom sprostredkuje kompletn\u00fa a ucelen\u00fa ponuku hypot\u00e9k dostupn\u00fdch na Slovensku. V\u017edy sap re V\u00e1s sna\u017e\u00edme zariadi\u0165 tie najlep\u0161ie podmienky, ktor\u00e9 V\u00e1m bud\u00fa najviac vyhovova\u0165. Bez oh\u013eadu na to, \u010di ste investor, alebo vlastn\u00edk. Nov\u00e1 hypot\u00e9ka, ke\u010f kupujete nehnute\u013enos\u0165 Hypot\u00e9ka pre cudzincov, s\u00a0pr\u00edjmom zo zahrani\u010dia, alebo v\u00a0r\u00e1mci Slovenska Hypot\u00e9ka na pren\u00e1jom, pre [...]","protected":false},"author":6,"featured_media":0,"parent":0,"menu_order":0,"comment_status":"closed","ping_status":"open","template":"","meta":[],"aioseo_notices":[],"_links":{"self":[{"href":"https:\/\/www.simproperty.com\/sk\/wp-json\/wp\/v2\/pages\/2970"}],"collection":[{"href":"https:\/\/www.simproperty.com\/sk\/wp-json\/wp\/v2\/pages"}],"about":[{"href":"https:\/\/www.simproperty.com\/sk\/wp-json\/wp\/v2\/types\/page"}],"author":[{"embeddable":true,"href":"https:\/\/www.simproperty.com\/sk\/wp-json\/wp\/v2\/users\/6"}],"replies":[{"embeddable":true,"href":"https:\/\/www.simproperty.com\/sk\/wp-json\/wp\/v2\/comments?post=2970"}],"version-history":[{"count":8,"href":"https:\/\/www.simproperty.com\/sk\/wp-json\/wp\/v2\/pages\/2970\/revisions"}],"predecessor-version":[{"id":15501,"href":"https:\/\/www.simproperty.com\/sk\/wp-json\/wp\/v2\/pages\/2970\/revisions\/15501"}],"wp:attachment":[{"href":"https:\/\/www.simproperty.com\/sk\/wp-json\/wp\/v2\/media?parent=2970"}],"curies":[{"name":"wp","href":"https:\/\/api.w.org\/{rel}","templated":true}]}}