{"id":2656,"date":"2016-06-20T17:29:51","date_gmt":"2016-06-20T16:29:51","guid":{"rendered":"http:\/\/simproperty.com\/sk\/?page_id=2656"},"modified":"2020-06-29T18:04:55","modified_gmt":"2020-06-29T17:04:55","slug":"novinky","status":"publish","type":"page","link":"https:\/\/www.simproperty.com\/sk\/novinky\/","title":{"rendered":"Novinky"},"content":{"rendered":"<div class=\"row-wrap \"><!-- row-wrap --><div class=\"container\"><!-- cointainer --><div class=\"wpb-row row     \"><!-- wpb-row row --><div class=\"wpb-column col-md-3        \" style=\"height:px\"><div class=\"box-wrap    box-blue   box-wrap-box-icon-top box-wrap-box-icon-normal \" style=\"height:px\"><div class=\"box-inner \"><span class=\"box-icon-bg box-icon-normal-wrap box-icon-bg-orange box-icon-top\"><i class=\"fa fa-adjust box-icon-white box-icon-normal\"><\/i><\/span><h3 class=\"box-title  text-center box-icon-top-title box-icon-normal-title \">Novinky filter<\/h3>\r\n\r\n    <script type=\"text\/javascript\">\r\n        jQuery(document).ready(function ($) {\r\n            multiselectJs('#country-select-1', 'Krajina');\r\n            multiselectJs('#category-select-1', 'Category');\r\n            multiselectJs('#tag-select-1', 'Tag');\r\n        });\r\n    <\/script>\r\n\r\n    \r\n    <form class=\"news-filter clearfix\" action=\"https:\/\/www.simproperty.com\/sk\/novinky\/\" method=\"get\">\r\n\r\n        <div class=\"row\">\r\n\r\n            <div class=\"col-news\">\r\n                <div class=\"fpad\">\r\n                    <div class=\"w100 select-placeholder\">\r\n                        <select id=\"country-select-1\" class=\"checkboxes-select\" multiple=\"multiple\" name=\"news-country[]\">\r\n\r\n                                                    <option value=\"633\" >\r\n                                Bulharsko                            <\/option>\r\n                                                    <option value=\"632\" >\r\n                                \u010cesk\u00e1 republika                            <\/option>\r\n                                                    <option value=\"639\" >\r\n                                Po\u013esko                            <\/option>\r\n                                                    <option value=\"635\" >\r\n                                Slovensko                            <\/option>\r\n                        \r\n                        <\/select>\r\n                    <\/div>\r\n                <\/div>\r\n            <\/div>\r\n\r\n\r\n            <div class=\"col-news\">\r\n                <div class=\"fpad\">\r\n                    <div class=\"w100 select-placeholder\">\r\n                        <select id=\"category-select-1\" class=\"checkboxes-select\" multiple=\"multiple\" name=\"news-category[]\">\r\n\r\n                                                    <option value=\"104\" >Know-how<\/option>\r\n                                                    <option value=\"96\" >Novinky<\/option>\r\n                        \r\n                        <\/select>\r\n                    <\/div>\r\n                <\/div>\r\n            <\/div>\r\n\r\n\r\n            <div class=\"col-news\">\r\n                <div class=\"fpad\">\r\n                    <div class=\"w100 select-placeholder\">\r\n                        <select id=\"tag-select-1\" class=\"checkboxes-select\" multiple=\"multiple\" name=\"news-tag[]\">\r\n\r\n                                                    <option value=\"609\" >anal\u00fdza trhu<\/option>\r\n                                                    <option value=\"676\" >Da\u0148 z nehnute\u013enosti<\/option>\r\n                                                    <option value=\"607\" >invest\u00edcie<\/option>\r\n                                                    <option value=\"677\" >k\u00fapa<\/option>\r\n                                                    <option value=\"613\" >predaj<\/option>\r\n                                                    <option value=\"612\" >pren\u00e1jmy<\/option>\r\n                                                    <option value=\"614\" >simproperty<\/option>\r\n                                                    <option value=\"611\" >spr\u00e1va nehnute\u013enost\u00ed<\/option>\r\n                                                    <option value=\"675\" >spr\u00e1va pren\u00e1jmu<\/option>\r\n                        \r\n                        <\/select>\r\n                    <\/div>\r\n                <\/div>\r\n            <\/div>\r\n\r\n\r\n            <div class=\"col-news\">\r\n                <div class=\"fpad\">\r\n                    <div class=\"w100 select-placeholder\">\r\n                        <input class=\"w100\" type=\"text\" name=\"keyword\" value=\"\" placeholder=\"K\u013e\u00fa\u010dov\u00e9 slov\u00e1\">\r\n                    <\/div>\r\n                <\/div>\r\n            <\/div>\r\n\r\n            <div class=\"col-news\">\r\n                <div class=\"fpad\">\r\n                    <input type=\"submit\" class=\"w100 button button-big button-bigke\" name=\"news-filter\" value=\"Vyh\u013eada\u0165\">\r\n                <\/div>\r\n            <\/div>\r\n\r\n        <\/div>\r\n    <\/form>\r\n\r\n    \n<div class=\"clearfix\"><\/div><\/div><\/div><div class=\"box-wrap    box-blue   box-wrap-box-icon-top box-wrap-box-icon-normal \" style=\"height:px\"><div class=\"box-inner \"><span class=\"box-icon-bg box-icon-normal-wrap box-icon-bg-orange box-icon-top\"><i class=\"fa fa-envelope box-icon-white box-icon-normal\"><\/i><\/span><h3 class=\"box-title  text-center box-icon-top-title box-icon-normal-title \">Newsletter<\/h3><div class=\"wpb-column-text column-text  \"><!-- wpb-column-text --><p>Z\u00edskajte najnov\u0161ie spr\u00e1vy z trhu a know-how<\/p>\n<\/div><!-- \/wpb-column-text -->\r\n    <div class=\"newsletter-box \">\r\n\r\n        <form action=\"https:\/\/www.simproperty.com\/wp-admin\/admin-ajax.php\" method=\"post\" class=\"newsletter-form\" data-name=\"Default sign-up form\">            \r\n            \r\n            <input type=\"hidden\" name=\"pid\" value=\"2656\">\r\n            <input type=\"hidden\" name=\"tt\" value=\"1777639604\">\r\n            <input type=\"email\" name=\"email\" placeholder=\"Your e-mail\" required=\"\">\r\n            <input value=\"Send\" type=\"submit\">            \r\n\r\n            <div class=\"newsletter-response\"><\/div>\r\n\r\n        <\/form><!-- \/ MailChimp for WordPress Plugin -->\r\n    <\/div>\r\n\r\n    <div class=\"clearfix\"><\/div>\n<div class=\"clearfix\"><\/div><\/div><\/div> <\/div><div class=\"wpb-column col-md-9 padding-t-40       \" style=\"height:px\">\r\n        <div class=\"posts-list-wrap-extra \">\r\n                        \r\n            <div class=\"posts-list-wrap\">\r\n                                            <div class=\"row posts-list-one\">\r\n        \r\n            \r\n            <div class=\" col-xs-12 \">\r\n                <h2 class=\"posts-list-title\"><a href=\"https:\/\/www.simproperty.com\/sk\/novinky-sk\/kratky-sprievodca-k-dani-z-nehnutelnosti\/\">Kr\u00e1tky sprievodca k dani z nehnute\u013enost\u00ed<\/a><\/h2>\r\n                <div class=\"posts-list-date tag-header\">\r\n            <span class=\"cell\"><a href=\"https:\/\/www.simproperty.com\/sk\/novinky\/?news-category[]=104&keyword=&news-filter=Search\" class=\"button button-flat button-flat-orange pull-left\">Know-how<\/a><\/span> <span class=\"cell\"><a href=\"https:\/\/www.simproperty.com\/sk\/novinky\/?news-category[]=96&keyword=&news-filter=Search\" class=\"button button-flat button-flat-orange pull-left\">Novinky<\/a><\/span>                    <span class=\"tag-row\">\r\n                        <span class=\"cell\">2022-01-14<\/span>\r\n                        <span class=\"cell\">jaroslavbarla<\/span>\r\n                        <span class=\"post-tags\"><a href=\"https:\/\/www.simproperty.com\/sk\/novinky\/?news-tag[]=676&news-filter=\">Da\u0148 z nehnute\u013enosti<\/a>, <a href=\"https:\/\/www.simproperty.com\/sk\/novinky\/?news-tag[]=677&news-filter=\">k\u00fapa<\/a>, <a href=\"https:\/\/www.simproperty.com\/sk\/novinky\/?news-tag[]=613&news-filter=\">predaj<\/a> | <a href=\"https:\/\/www.simproperty.com\/sk\/novinky\/?news-country[]=635&news-filter=\">Slovensko<\/a><\/span>\r\n                    <\/span>\r\n                <\/div>\r\n                <p>Kr\u00e1tky sprievodca k dani z nehnute\u013enost\u00ed \u010ci u\u017e v nehnute\u013enostiach podnik\u00e1te, alebo nie, bl\u00ed\u017ei sa d\u00e1tum 31.1., ktor\u00fd je pre vlastn\u00edkov nehnute\u013enost\u00ed prv\u00fdm d\u00f4le\u017eit\u00fdm d\u00e1tumom roka.&hellip;                <\/p>\r\n\r\n                <a href=\"https:\/\/www.simproperty.com\/sk\/novinky-sk\/kratky-sprievodca-k-dani-z-nehnutelnosti\/\">Pre\u010d\u00edtajte si viac<\/a>\r\n            <\/div>\r\n            <div class=\"col-xs-12\"><div class=\"line\"><\/div><\/div>\r\n        <\/div>\r\n                        <div class=\"row posts-list-one\">\r\n        \r\n            \r\n            <div class=\" col-xs-12 \">\r\n                <h2 class=\"posts-list-title\"><a href=\"https:\/\/www.simproperty.com\/sk\/novinky-sk\/know-how-sk\/ako-zaistujeme-sluzby-v-roznych-lokalitach\/\">Ako zais\u0165ujeme slu\u017eby v r\u00f4znych lokalit\u00e1ch?<\/a><\/h2>\r\n                <div class=\"posts-list-date tag-header\">\r\n            <span class=\"cell\"><a href=\"https:\/\/www.simproperty.com\/sk\/novinky\/?news-category[]=104&keyword=&news-filter=Search\" class=\"button button-flat button-flat-orange pull-left\">Know-how<\/a><\/span>                    <span class=\"tag-row\">\r\n                        <span class=\"cell\">2021-02-11<\/span>\r\n                        <span class=\"cell\">jaroslavbarla<\/span>\r\n                        <span class=\"post-tags\"><a href=\"https:\/\/www.simproperty.com\/sk\/novinky\/?news-tag[]=614&news-filter=\">simproperty<\/a> | <a href=\"https:\/\/www.simproperty.com\/sk\/novinky\/?news-country[]=633&news-filter=\">Bulharsko<\/a>, <a href=\"https:\/\/www.simproperty.com\/sk\/novinky\/?news-country[]=632&news-filter=\">\u010cesk\u00e1 republika<\/a>, <a href=\"https:\/\/www.simproperty.com\/sk\/novinky\/?news-country[]=639&news-filter=\">Po\u013esko<\/a>, <a href=\"https:\/\/www.simproperty.com\/sk\/novinky\/?news-country[]=635&news-filter=\">Slovensko<\/a><\/span>\r\n                    <\/span>\r\n                <\/div>\r\n                <p>V Sim Property na jednom mieste zabezpe\u010dujeme \u0161irok\u00e9 spektrum slu\u017eieb pre investorov v mnoh\u00fdch lokalit\u00e1ch. \u010casto dost\u00e1vame ot\u00e1zku, ako to v\u0161etko zvl\u00e1dame ... Softv\u00e9r a procesy&hellip;                <\/p>\r\n\r\n                <a href=\"https:\/\/www.simproperty.com\/sk\/novinky-sk\/know-how-sk\/ako-zaistujeme-sluzby-v-roznych-lokalitach\/\">Pre\u010d\u00edtajte si viac<\/a>\r\n            <\/div>\r\n            <div class=\"col-xs-12\"><div class=\"line\"><\/div><\/div>\r\n        <\/div>\r\n                        <div class=\"row posts-list-one\">\r\n                        <div class=\"col-xs-2\">\r\n            <img width=\"450\" height=\"450\" src=\"https:\/\/www.simproperty.com\/wp-content\/uploads\/2020\/09\/17TSWwIEGUDuO3cv6Tlr-34-img-0366-450x450.jpg\" class=\"img-responsive wp-post-image\" alt=\"Bytov\u00fd dom\" decoding=\"async\" loading=\"lazy\" srcset=\"https:\/\/www.simproperty.com\/wp-content\/uploads\/2020\/09\/17TSWwIEGUDuO3cv6Tlr-34-img-0366-450x450.jpg 450w, https:\/\/www.simproperty.com\/wp-content\/uploads\/2020\/09\/17TSWwIEGUDuO3cv6Tlr-34-img-0366-150x150.jpg 150w, https:\/\/www.simproperty.com\/wp-content\/uploads\/2020\/09\/17TSWwIEGUDuO3cv6Tlr-34-img-0366-400x400.jpg 400w, https:\/\/www.simproperty.com\/wp-content\/uploads\/2020\/09\/17TSWwIEGUDuO3cv6Tlr-34-img-0366-71x71.jpg 71w, https:\/\/www.simproperty.com\/wp-content\/uploads\/2020\/09\/17TSWwIEGUDuO3cv6Tlr-34-img-0366-140x140.jpg 140w\" sizes=\"(max-width: 450px) 100vw, 450px\" \/>                <\/div>\r\n        \r\n            \r\n            <div class=\" col-xs-10 \">\r\n                <h2 class=\"posts-list-title\"><a href=\"https:\/\/www.simproperty.com\/sk\/novinky-sk\/ako-funguje-property-management\/\">Ako funguje Property management<\/a><\/h2>\r\n                <div class=\"posts-list-date tag-header\">\r\n            <span class=\"cell\"><a href=\"https:\/\/www.simproperty.com\/sk\/novinky\/?news-category[]=104&keyword=&news-filter=Search\" class=\"button button-flat button-flat-orange pull-left\">Know-how<\/a><\/span> <span class=\"cell\"><a href=\"https:\/\/www.simproperty.com\/sk\/novinky\/?news-category[]=96&keyword=&news-filter=Search\" class=\"button button-flat button-flat-orange pull-left\">Novinky<\/a><\/span>                    <span class=\"tag-row\">\r\n                        <span class=\"cell\">2020-09-07<\/span>\r\n                        <span class=\"cell\">jaroslavbarla<\/span>\r\n                        <span class=\"post-tags\"><a href=\"https:\/\/www.simproperty.com\/sk\/novinky\/?news-country[]=635&news-filter=\">Slovensko<\/a><\/span>\r\n                    <\/span>\r\n                <\/div>\r\n                <p>Property management, zn\u00e1my aj pod pojmom rent management, znamen\u00e1 spr\u00e1vu nehnute\u013enosti, alebo v\u00a0u\u017e\u0161om v\u00fdzname spr\u00e1vu pren\u00e1jmu nehnute\u013enosti. Jedn\u00e1 sa o\u00a0slu\u017ebu, ktor\u00e1 poskytuje majite\u013eovi nehnute\u013enosti profesion\u00e1lnu a\u00a0spravidla&hellip;                <\/p>\r\n\r\n                <a href=\"https:\/\/www.simproperty.com\/sk\/novinky-sk\/ako-funguje-property-management\/\">Pre\u010d\u00edtajte si viac<\/a>\r\n            <\/div>\r\n            <div class=\"col-xs-12\"><div class=\"line\"><\/div><\/div>\r\n        <\/div>\r\n                        <div class=\"row posts-list-one\">\r\n                        <div class=\"col-xs-2\">\r\n            <img width=\"450\" height=\"302\" src=\"https:\/\/www.simproperty.com\/wp-content\/uploads\/2020\/07\/prenajom-450x302.jpg\" class=\"img-responsive wp-post-image\" alt=\"\" decoding=\"async\" loading=\"lazy\" srcset=\"https:\/\/www.simproperty.com\/wp-content\/uploads\/2020\/07\/prenajom-450x302.jpg 450w, https:\/\/www.simproperty.com\/wp-content\/uploads\/2020\/07\/prenajom-300x200.jpg 300w\" sizes=\"(max-width: 450px) 100vw, 450px\" \/>                <\/div>\r\n        \r\n            \r\n            <div class=\" col-xs-10 \">\r\n                <h2 class=\"posts-list-title\"><a href=\"https:\/\/www.simproperty.com\/sk\/novinky-sk\/10-tipov-pre-dlhodobo-uspesny-prenajom\/\">10 tipov pre dlhodobo \u00faspe\u0161n\u00fd pren\u00e1jom<\/a><\/h2>\r\n                <div class=\"posts-list-date tag-header\">\r\n            <span class=\"cell\"><a href=\"https:\/\/www.simproperty.com\/sk\/novinky\/?news-category[]=104&keyword=&news-filter=Search\" class=\"button button-flat button-flat-orange pull-left\">Know-how<\/a><\/span> <span class=\"cell\"><a href=\"https:\/\/www.simproperty.com\/sk\/novinky\/?news-category[]=96&keyword=&news-filter=Search\" class=\"button button-flat button-flat-orange pull-left\">Novinky<\/a><\/span>                    <span class=\"tag-row\">\r\n                        <span class=\"cell\">2020-07-29<\/span>\r\n                        <span class=\"cell\">jaroslavbarla<\/span>\r\n                        <span class=\"post-tags\"><a href=\"https:\/\/www.simproperty.com\/sk\/novinky\/?news-tag[]=612&news-filter=\">pren\u00e1jmy<\/a>, <a href=\"https:\/\/www.simproperty.com\/sk\/novinky\/?news-tag[]=675&news-filter=\">spr\u00e1va pren\u00e1jmu<\/a> | <a href=\"https:\/\/www.simproperty.com\/sk\/novinky\/?news-country[]=635&news-filter=\">Slovensko<\/a><\/span>\r\n                    <\/span>\r\n                <\/div>\r\n                <p>Nehnute\u013enosti s\u00fa pova\u017eovan\u00e9 za jednu z\u00a0najbezpe\u010dnej\u0161\u00edch invest\u00edci\u00ed. Ak viete ako na to. Preto pre V\u00e1s prin\u00e1\u0161ame 10 tipov pre dlhodobo \u00faspe\u0161n\u00fd pren\u00e1jom, ktor\u00fdch je potrebn\u00e9 sa&hellip;                <\/p>\r\n\r\n                <a href=\"https:\/\/www.simproperty.com\/sk\/novinky-sk\/10-tipov-pre-dlhodobo-uspesny-prenajom\/\">Pre\u010d\u00edtajte si viac<\/a>\r\n            <\/div>\r\n            <div class=\"col-xs-12\"><div class=\"line\"><\/div><\/div>\r\n        <\/div>\r\n                        <div class=\"row posts-list-one\">\r\n                        <div class=\"col-xs-2\">\r\n            <img width=\"450\" height=\"450\" src=\"https:\/\/www.simproperty.com\/wp-content\/uploads\/2020\/07\/tierra-mallorca-JXI2Ap8dTNc-unsplash-450x450.jpg\" class=\"img-responsive wp-post-image\" alt=\"Toto je obr\u00e1zok dom\u010dekov na stole k t\u00e9me Property management.\" decoding=\"async\" loading=\"lazy\" srcset=\"https:\/\/www.simproperty.com\/wp-content\/uploads\/2020\/07\/tierra-mallorca-JXI2Ap8dTNc-unsplash-450x450.jpg 450w, https:\/\/www.simproperty.com\/wp-content\/uploads\/2020\/07\/tierra-mallorca-JXI2Ap8dTNc-unsplash-150x150.jpg 150w, https:\/\/www.simproperty.com\/wp-content\/uploads\/2020\/07\/tierra-mallorca-JXI2Ap8dTNc-unsplash-400x400.jpg 400w, https:\/\/www.simproperty.com\/wp-content\/uploads\/2020\/07\/tierra-mallorca-JXI2Ap8dTNc-unsplash-71x71.jpg 71w, https:\/\/www.simproperty.com\/wp-content\/uploads\/2020\/07\/tierra-mallorca-JXI2Ap8dTNc-unsplash-140x140.jpg 140w\" sizes=\"(max-width: 450px) 100vw, 450px\" \/>                <\/div>\r\n        \r\n            \r\n            <div class=\" col-xs-10 \">\r\n                <h2 class=\"posts-list-title\"><a href=\"https:\/\/www.simproperty.com\/sk\/novinky-sk\/know-how-sk\/property-management-alebo-realitka\/\">Property management, alebo realitka?<\/a><\/h2>\r\n                <div class=\"posts-list-date tag-header\">\r\n            <span class=\"cell\"><a href=\"https:\/\/www.simproperty.com\/sk\/novinky\/?news-category[]=104&keyword=&news-filter=Search\" class=\"button button-flat button-flat-orange pull-left\">Know-how<\/a><\/span>                    <span class=\"tag-row\">\r\n                        <span class=\"cell\">2020-07-13<\/span>\r\n                        <span class=\"cell\">jaroslavbarla<\/span>\r\n                        <span class=\"post-tags\"><a href=\"https:\/\/www.simproperty.com\/sk\/novinky\/?news-tag[]=612&news-filter=\">pren\u00e1jmy<\/a>, <a href=\"https:\/\/www.simproperty.com\/sk\/novinky\/?news-tag[]=611&news-filter=\">spr\u00e1va nehnute\u013enost\u00ed<\/a>, <a href=\"https:\/\/www.simproperty.com\/sk\/novinky\/?news-tag[]=675&news-filter=\">spr\u00e1va pren\u00e1jmu<\/a> | <a href=\"https:\/\/www.simproperty.com\/sk\/novinky\/?news-country[]=635&news-filter=\">Slovensko<\/a><\/span>\r\n                    <\/span>\r\n                <\/div>\r\n                <p>Property management, alebo realitka? Slu\u017eba spr\u00e1vy pren\u00e1jmu nehnute\u013enosti, resp. Property management, je na Slovensku e\u0161te st\u00e1le m\u00e1lo roz\u0161\u00edren\u00e1. V tomto \u010dl\u00e1nku si pribl\u00ed\u017eime, \u010doho v\u0161etk\u00e9ho sa&hellip;                <\/p>\r\n\r\n                <a href=\"https:\/\/www.simproperty.com\/sk\/novinky-sk\/know-how-sk\/property-management-alebo-realitka\/\">Pre\u010d\u00edtajte si viac<\/a>\r\n            <\/div>\r\n            <div class=\"col-xs-12\"><div class=\"line\"><\/div><\/div>\r\n        <\/div>\r\n                        <div class=\"row posts-list-one\">\r\n                        <div class=\"col-xs-2\">\r\n            <img width=\"436\" height=\"322\" src=\"https:\/\/www.simproperty.com\/wp-content\/uploads\/2020\/07\/Post-1-Graf-1.png\" class=\"img-responsive wp-post-image\" alt=\"\" decoding=\"async\" loading=\"lazy\" srcset=\"https:\/\/www.simproperty.com\/wp-content\/uploads\/2020\/07\/Post-1-Graf-1.png 436w, https:\/\/www.simproperty.com\/wp-content\/uploads\/2020\/07\/Post-1-Graf-1-300x222.png 300w, https:\/\/www.simproperty.com\/wp-content\/uploads\/2020\/07\/Post-1-Graf-1-14x11.png 14w\" sizes=\"(max-width: 436px) 100vw, 436px\" \/>                <\/div>\r\n        \r\n            \r\n            <div class=\" col-xs-10 \">\r\n                <h2 class=\"posts-list-title\"><a href=\"https:\/\/www.simproperty.com\/sk\/novinky-sk\/vyvoj-cien-nehnutelnosti-za-1q-2020\/\">V\u00fdvoj cien nehnute\u013enost\u00ed za 1q 2020<\/a><\/h2>\r\n                <div class=\"posts-list-date tag-header\">\r\n            <span class=\"cell\"><a href=\"https:\/\/www.simproperty.com\/sk\/novinky\/?news-category[]=96&keyword=&news-filter=Search\" class=\"button button-flat button-flat-orange pull-left\">Novinky<\/a><\/span>                    <span class=\"tag-row\">\r\n                        <span class=\"cell\">2020-07-03<\/span>\r\n                        <span class=\"cell\">jaroslavbarla<\/span>\r\n                        <span class=\"post-tags\"><a href=\"https:\/\/www.simproperty.com\/sk\/novinky\/?news-tag[]=607&news-filter=\">invest\u00edcie<\/a>, <a href=\"https:\/\/www.simproperty.com\/sk\/novinky\/?news-tag[]=613&news-filter=\">predaj<\/a> | <a href=\"https:\/\/www.simproperty.com\/sk\/novinky\/?news-country[]=635&news-filter=\">Slovensko<\/a><\/span>\r\n                    <\/span>\r\n                <\/div>\r\n                <p>V\u00fdvoj cien nehnute\u013enost\u00ed za 1q 2020 Ak ste investovali do real\u00edt, alebo o\u00a0invest\u00edcii uva\u017eujete, jedn\u00fdm zo z\u00e1kladov \u00faspechu je pozna\u0165 ekonomick\u00e9 prostredie, ktor\u00e9 m\u00e1, resp. bude&hellip;                <\/p>\r\n\r\n                <a href=\"https:\/\/www.simproperty.com\/sk\/novinky-sk\/vyvoj-cien-nehnutelnosti-za-1q-2020\/\">Pre\u010d\u00edtajte si viac<\/a>\r\n            <\/div>\r\n            <div class=\"col-xs-12\"><div class=\"line\"><\/div><\/div>\r\n        <\/div>\r\n                                                            \r\n            <\/div>\r\n            \r\n        <\/div>\r\n\r\n         <\/div>\n<\/div><!-- \/wpb-row row --><\/div><!-- \/cointainer fluid or cointainer --><\/div><!-- \/row-wrap -->\n","protected":false},"excerpt":{"rendered":"V\u00fdvoj cien nehnute\u013enost\u00ed za 1q 2020 Ak ste investovali do real\u00edt, alebo o\u00a0invest\u00edcii uva\u017eujete, jedn\u00fdm zo z\u00e1kladov \u00faspechu je pozna\u0165 ekonomick\u00e9 prostredie, ktor\u00e9 m\u00e1, resp. bude ma\u0165, na Va\u0161u invest\u00edciu priamy vplyv. Tento \u010dl\u00e1nok prin\u00e1\u0161a \u00fadaje o\u00a0v\u00fdvoji na trhu nehnute\u013enost\u00ed za prv\u00fd kvart\u00e1l 2020 ako zachyt\u00e1vaj\u00fa \u0161tatistiky\u00a0N\u00e1rodnej banky Slovenska, s vyu\u017eit\u00edm zdrojov N\u00e1rodnej asoci\u00e1cie realitn\u00fdch [...]","protected":false},"author":6,"featured_media":0,"parent":0,"menu_order":0,"comment_status":"closed","ping_status":"open","template":"","meta":[],"aioseo_notices":[],"_links":{"self":[{"href":"https:\/\/www.simproperty.com\/sk\/wp-json\/wp\/v2\/pages\/2656"}],"collection":[{"href":"https:\/\/www.simproperty.com\/sk\/wp-json\/wp\/v2\/pages"}],"about":[{"href":"https:\/\/www.simproperty.com\/sk\/wp-json\/wp\/v2\/types\/page"}],"author":[{"embeddable":true,"href":"https:\/\/www.simproperty.com\/sk\/wp-json\/wp\/v2\/users\/6"}],"replies":[{"embeddable":true,"href":"https:\/\/www.simproperty.com\/sk\/wp-json\/wp\/v2\/comments?post=2656"}],"version-history":[{"count":9,"href":"https:\/\/www.simproperty.com\/sk\/wp-json\/wp\/v2\/pages\/2656\/revisions"}],"predecessor-version":[{"id":15282,"href":"https:\/\/www.simproperty.com\/sk\/wp-json\/wp\/v2\/pages\/2656\/revisions\/15282"}],"wp:attachment":[{"href":"https:\/\/www.simproperty.com\/sk\/wp-json\/wp\/v2\/media?parent=2656"}],"curies":[{"name":"wp","href":"https:\/\/api.w.org\/{rel}","templated":true}]}}