{"id":15448,"date":"2021-02-01T10:23:29","date_gmt":"2021-02-01T09:23:29","guid":{"rendered":"https:\/\/www.simproperty.com\/sk\/?page_id=15448"},"modified":"2021-02-11T15:18:09","modified_gmt":"2021-02-11T14:18:09","slug":"nase-sluzby-a-posobnost","status":"publish","type":"page","link":"https:\/\/www.simproperty.com\/sk\/nase-sluzby-a-posobnost\/","title":{"rendered":"Slu\u017eby a lokality"},"content":{"rendered":"<div class=\"row-wrap \"><!-- row-wrap --><div class=\"container\"><!-- cointainer --><div class=\"wpb-row row     \"><!-- wpb-row row --><div class=\"wpb-column col-md-12        \" style=\"height:px\"><div class=\"box-wrap  box-border-none     box-wrap-box-icon-top box-wrap-box-icon-normal \" style=\"height:px\"><div class=\"box-inner \"><h3 class=\"box-title  text-center box-icon-top-title box-icon-normal-title \">Sim Property - Slu\u017eby a lokality<\/h3><div class=\"wpb-column-text column-text  \"><!-- wpb-column-text --><p>V Sim Property V\u00e1m poskytujeme komplexn\u00e9 a ucelen\u00e9 slu\u017eby zameran\u00e9 na invest\u00edcie do nehnute\u013enost\u00ed a n\u00e1sledn\u00fa starostlivos\u0165 naprie\u010d r\u00f4znorod\u00fdmi lokalitami kraj\u00edn EU. V\u010faka tomu v n\u00e1s n\u00e1jdete partnera, ktor\u00fd pre V\u00e1s zaist\u00ed v\u0161etko potrebn\u00e9 &#8220;pod jednou strechou&#8221;.<\/p>\n<\/div><!-- \/wpb-column-text -->\n<div class=\"clearfix\"><\/div><\/div><\/div><div class=\"box-wrap  box-border-none  box-white    box-wrap-no-icon \" style=\"height:px\"><div class=\"box-inner \"><div class=\"wpb-row row      \"><div class=\"wpb-column col-md-4        \" style=\"height:px\"><div class=\"wpb-column-text column-text  \"><!-- wpb-column-text --><p><span style=\"color: #00639f;\"><strong>REALITY<\/strong><\/span><\/p>\n<ul>\n<li><a href=\"https:\/\/www.simproperty.com\/sk\/predaj\/\"><strong>Predaj<\/strong><\/a>\u00a0&#8211;\u00a0kompletn\u00e9 predajn\u00e9 slu\u017eby<\/li>\n<li><a href=\"https:\/\/www.simproperty.com\/sk\/prenajom\/\"><b>Pren\u00e1jom<\/b><\/a>\u00a0&#8211; r\u00fdchle zaistenie spo\u013eahliv\u00e9ho n\u00e1jomcu<\/li>\n<\/ul>\n<p><strong>FINANCIE<\/strong><\/p>\n<ul>\n<li><strong><a href=\"https:\/\/www.simproperty.com\/sk\/hypoteky\/\">Hypot\u00e9ky<\/a><\/strong> &#8211; financovanie a refinancovanie pre Va\u0161u invest\u00edciu<\/li>\n<li><b>\u00da\u010dtovn\u00e9 slu\u017eby a poistenie nehnute\u013enosti<\/b><\/li>\n<\/ul>\n<p><strong>OSTATN\u00c9<\/strong><\/p>\n<ul>\n<li><strong>Konzult\u00e1cie pre developerov<\/strong>\u00a0&#8211; cenov\u00e9 strat\u00e9gie, dynamika ponuky a dopytu, dispozi\u010dn\u00e9 rie\u0161enie priestorov, dizajnov\u00fd koncept projektu, predaj a marketing<\/li>\n<li><strong>Pr\u00e1vna ochrana<\/strong>\u00a0\u2013 zastupovanie, zmluvy a kontrakty, splnomocnenia, registr\u00e1cie, poskytovanie s\u00eddla spolo\u010dnosti a spr\u00e1va spolo\u010dnost\u00ed<\/li>\n<li><strong><a href=\"https:\/\/www.simproperty.com\/sk\/sprava-prenajmu\/rentflow-online-softver-spravu-prenajmu\/\">Softv\u00e9r pre spr\u00e1vu nehnute\u013enost\u00ed<\/a><\/strong><\/li>\n<\/ul>\n<\/div><!-- \/wpb-column-text --> <\/div><div class=\"wpb-column col-md-4        \" style=\"height:px\"><div class=\"wpb-column-text column-text  \"><!-- wpb-column-text --><p style=\"text-align: center;\"><a href=\"https:\/\/www.simproperty.com\/wp-content\/uploads\/2021\/01\/web-vortex-sk.jpg\"><img decoding=\"async\" loading=\"lazy\" class=\"alignnone size-medium wp-image-15455\" src=\"https:\/\/www.simproperty.com\/wp-content\/uploads\/2021\/01\/web-vortex-sk-300x284.jpg\" alt=\"sim-vortex-sk\" width=\"300\" height=\"284\" srcset=\"https:\/\/www.simproperty.com\/wp-content\/uploads\/2021\/01\/web-vortex-sk-300x284.jpg 300w, https:\/\/www.simproperty.com\/wp-content\/uploads\/2021\/01\/web-vortex-sk.jpg 670w\" sizes=\"(max-width: 300px) 100vw, 300px\" \/><\/a><\/p>\n<\/div><!-- \/wpb-column-text --> <\/div><div class=\"wpb-column col-md-4        \" style=\"height:px\"><div class=\"wpb-column-text column-text  \"><!-- wpb-column-text --><p><strong>INVEST\u00cdCIE<\/strong><\/p>\n<ul>\n<li><a href=\"https:\/\/www.simproperty.com\/sk\/investicie\/\"><strong>Vyh\u013eadanie nehnute\u013enosti<\/strong><\/a>\u00a0&#8211; n\u00e1jdeme pre V\u00e1s najvhodnej\u0161ie invest\u00edcie pod\u013ea V\u00e1\u0161ho rozpo\u010dtu<\/li>\n<li><a href=\"https:\/\/www.simproperty.com\/sk\/novinky\/\"><strong>Prieskum a anal\u00fdzy<\/strong><\/a> &#8211; aktu\u00e1lne anal\u00fdzy medzin\u00e1rodn\u00fdch realitn\u00fdch trhov<\/li>\n<li><a href=\"https:\/\/www.simproperty.com\/sk\/kontakt\/\"><strong>Poradenstvo<\/strong><\/a> &#8211; \u00faprimn\u00e1 a odborn\u00e1 pomoc pre individu\u00e1lnych investorov h\u013eadaj\u00facich svoju prv\u00fa investi\u010dn\u00fa nehnute\u013enos\u0165, ako aj pre t\u00fdch, ktor\u00ed roz\u0161iruj\u00fa svoje portf\u00f3lio; ve\u013ek\u00fdch investorov a fondy h\u013eadaj\u00facich dlhodobo udr\u017eate\u013en\u00e9 v\u00fdnosy<\/li>\n<\/ul>\n<p><span style=\"color: #f79427;\"><strong>MANAGEMENT &#8211; SPR\u00c1VA PREN\u00c1JMU<\/strong><\/span><\/p>\n<ul>\n<li><a href=\"https:\/\/www.simproperty.com\/sk\/sprava-prenajmu\/\"><strong>Spr\u00e1va pren\u00e1jmu<\/strong><\/a>\u00a0&#8211; \u00faplne nez\u00e1visl\u00e1 spr\u00e1va Va\u0161ej nehnute\u013enosti a jej pren\u00e1jmu, s vyu\u017eit\u00edm online technol\u00f3gi\u00ed<\/li>\n<li><b>Spr\u00e1va kr\u00e1tkodob\u00e9ho pren\u00e1jmu<\/b> &#8211; mana\u017ement rezerva\u010dn\u00e9ho syst\u00e9mu, kompletn\u00e1 starostlivos\u0165 o host\u00edfinding guests &amp; full guest management<\/li>\n<li><strong>Spr\u00e1va budov<\/strong>\u00a0&#8211; n\u00e1jomn\u00fdch aj dru\u017estevn\u00fdch bytov\u00fdch domov<\/li>\n<li><strong>Rekon\u0161trukcie, kuchyne a vybavenie n\u00e1bytkom<\/strong>\u00a0&#8211; v\u0161etky druhy \u00faprav \u0161it\u00e9 na mieru pre V\u00e1\u0161 rozpo\u010det, od mal\u00fdch vylep\u0161en\u00ed a\u017e po kompletn\u00e9 renov\u00e1cie<\/li>\n<li>Upratovanie, str\u00e1\u017ena slu\u017eba, z\u00e1hradn\u00e9 pr\u00e1ce, interi\u00e9rov\u00fd dizajn a \u010fal\u0161ie &#8230;<\/li>\n<\/ul>\n<\/div><!-- \/wpb-column-text --> <\/div>\n<\/div>\n<div class=\"clearfix\"><\/div><\/div><\/div> <\/div>\n<\/div><!-- \/wpb-row row --><\/div><!-- \/cointainer fluid or cointainer --><\/div><!-- \/row-wrap --><div class=\"row-wrap \"><!-- row-wrap --><div class=\"bg-blue\"><!-- color --><div class=\"container\"><!-- cointainer --><div class=\"wpb-row row     \"><!-- wpb-row row --><div class=\"wpb-column col-md-4        \" style=\"height:px\"><div class=\"box-wrap  box-border-none      box-wrap-no-icon \" style=\"height:px\"><div class=\"box-inner \"><div class=\"wpb-column-text column-text  \"><!-- wpb-column-text --><p>Kompletn\u00e9 slu\u017eby spr\u00e1vy nehnute\u013enost\u00ed, integrovan\u00e9 naprie\u010d:<\/p>\n<ul>\n<li><strong>\u010ceskou republikou<\/strong>\u00a0&#8211; Praha, Brno, Ostrava, Fr\u00fddek-M\u00edstek, Beroun, Hradec Kr\u00e1lov\u00e9, Su\u0161ice &#8230;<\/li>\n<li><strong>Po\u013eskom<\/strong>\u00a0&#8211; Var\u0161ava, Krakov, Katovice, Wroclaw, Pozdna\u0148, Lod\u017e, Piotrk\u00f3w, Trybunalski, Rzesz\u00f3w &#8230;<\/li>\n<li><strong>Slovenskom<\/strong>\u00a0&#8211; Bratislava, Trnava, Ko\u0161ice, \u017dilina &#8230;<\/li>\n<li><strong>Bulharskom<\/strong>\u00a0&#8211; Sofia, Ruse &#8230;<\/li>\n<\/ul>\n<\/div><!-- \/wpb-column-text -->\n<div class=\"clearfix\"><\/div><\/div><\/div> <\/div><div class=\"wpb-column col-md-4        \" style=\"height:px\"><div class=\"wpb-column-text column-text  \"><!-- wpb-column-text --><p><img decoding=\"async\" loading=\"lazy\" class=\"wp-image-1541 aligncenter\" src=\"http:\/\/simproperty.com\/wp-content\/uploads\/2015\/01\/sim-management-locations2-300x265.png\" alt=\"sim-property-management-locations2\" width=\"303\" height=\"267\" srcset=\"https:\/\/www.simproperty.com\/wp-content\/uploads\/2015\/01\/sim-management-locations2-300x265.png 300w, https:\/\/www.simproperty.com\/wp-content\/uploads\/2015\/01\/sim-management-locations2-14x11.png 14w, https:\/\/www.simproperty.com\/wp-content\/uploads\/2015\/01\/sim-management-locations2.png 410w\" sizes=\"(max-width: 303px) 100vw, 303px\" \/><\/p>\n<\/div><!-- \/wpb-column-text --> <\/div><div class=\"wpb-column col-md-4        \" style=\"height:px\"><div class=\"wpb-column-text column-text  \"><!-- wpb-column-text --><p>Vybran\u00e9 slu\u017eby spr\u00e1vy nehnute\u013enost\u00ed\u00a0v krajin\u00e1ch:<\/p>\n<ul>\n<li><b>Ve\u013ek\u00e1 Brit\u00e1nia<\/b><\/li>\n<li><b>\u0160panielsko<\/b><\/li>\n<li><strong>Taliansko<\/strong><\/li>\n<li><strong>Nemecko<\/strong><\/li>\n<li><strong>Ma\u010farsko<\/strong><\/li>\n<li><strong>Rumunsko<\/strong><\/li>\n<li><strong>Chorv\u00e1tsko<\/strong><\/li>\n<li><strong>Slovinsko<\/strong><\/li>\n<\/ul>\n<\/div><!-- \/wpb-column-text --> <\/div>\n<\/div><!-- \/wpb-row row --><\/div><!-- \/cointainer fluid or cointainer --><\/div><!-- \/color --><\/div><!-- \/row-wrap --><div class=\"row-wrap \"><!-- row-wrap --><div class=\"container\"><!-- cointainer --><div class=\"wpb-row row     \"><!-- wpb-row row --><div class=\"wpb-column col-md-12        \" style=\"height:px\"><div class=\"wpb-column-text column-text  \"><!-- wpb-column-text --><p>Sim Property pokr\u00fdva svojimi slu\u017ebami a <a href=\"https:\/\/www.simproperty.com\/sk\/sprava-prenajmu\/rentflow-online-softver-spravu-prenajmu\/\">online syst\u00e9mom<\/a> ve\u013ek\u00e9 mno\u017estvo lokal\u00edt, bu\u010fto vlastn\u00fdm pokryt\u00edm, alebo prostredn\u00edctvom rozsiahlej siete na\u0161ich extern\u00fdch spolupracovn\u00edkov. V\u010faka tomu poskytujeme investorom dlhodobo vysok\u00fd \u0161tandard slu\u017eieb, bez oh\u013eadu na to, kde sa ich nehnute\u013enosti nach\u00e1dzaj\u00fa.<\/p>\n<\/div><!-- \/wpb-column-text -->    <table class=\"  \">\r\n        <thead>\r\n                            <th><b>Krajina<\/b><\/th>\r\n                            <th><b>Invest\u00edcie<\/b><\/th>\r\n                            <th><b>Predaj<\/b><\/th>\r\n                            <th><b>Pren\u00e1jom<\/b><\/th>\r\n                            <th><b>Spr\u00e1va<\/b><\/th>\r\n                            <th><b>Financie<\/b><\/th>\r\n                            <th><b>Pozn\u00e1mka<\/b><\/th>\r\n                    <\/thead>\r\n        <tbody>\r\n             \r\n    <tr>\r\n                    <td>\r\n                \u010cesk\u00e1 republika            <\/td>\r\n                    <td>\r\n                <div style=\"text-align: center;\"><span style=\"color: #ff9900;\">&#042;<\/span><\/div>            <\/td>\r\n                    <td>\r\n                <div style=\"text-align: center;\"><span style=\"color: #00d005;\">&#10003;<\/span><\/div>            <\/td>\r\n                    <td>\r\n                <div style=\"text-align: center;\"><span style=\"color: #00d005;\">&#10003;<\/span><\/div>            <\/td>\r\n                    <td>\r\n                <div style=\"text-align: center;\"><span style=\"color: #00d005;\">&#10003;<\/span><\/div>            <\/td>\r\n                    <td>\r\n                <div style=\"text-align: center;\"><span style=\"color: #00d005;\">&#10003;<\/span><\/div>            <\/td>\r\n                    <td>\r\n                Kompletn\u00e9 slu\u017eby, vr\u00e1tane kr\u00e1tkodob\u00fdch pren\u00e1jmov v Prahe            <\/td>\r\n            <\/tr>\r\n     \r\n    <tr>\r\n                    <td>\r\n                Slovensko            <\/td>\r\n                    <td>\r\n                <div style=\"text-align: center;\"><span style=\"color: #ff9900;\">&#042;<\/span><\/div>            <\/td>\r\n                    <td>\r\n                <div style=\"text-align: center;\"><span style=\"color: #00d005;\">&#10003;<\/span><\/div>            <\/td>\r\n                    <td>\r\n                <div style=\"text-align: center;\"><span style=\"color: #00d005;\">&#10003;<\/span><\/div>            <\/td>\r\n                    <td>\r\n                <div style=\"text-align: center;\"><span style=\"color: #00d005;\">&#10003;<\/span><\/div>            <\/td>\r\n                    <td>\r\n                <div style=\"text-align: center;\"><span style=\"color: #00d005;\">&#10003;<\/span><\/div>            <\/td>\r\n                    <td>\r\n                Kompletn\u00e9 slu\u017eby, vr\u00e1tane kr\u00e1tkodob\u00fdch pren\u00e1jmov v oblasti v\u00fdchodn\u00e9ho Slovenska            <\/td>\r\n            <\/tr>\r\n     \r\n    <tr>\r\n                    <td>\r\n                Po\u013esko            <\/td>\r\n                    <td>\r\n                <div style=\"text-align: center;\"><span style=\"color: #ff9900;\">&#042;<\/span><\/div>            <\/td>\r\n                    <td>\r\n                <div style=\"text-align: center;\"><span style=\"color: #00d005;\">&#10003;<\/span><\/div>            <\/td>\r\n                    <td>\r\n                <div style=\"text-align: center;\"><span style=\"color: #00d005;\">&#10003;<\/span><\/div>            <\/td>\r\n                    <td>\r\n                <div style=\"text-align: center;\"><span style=\"color: #00d005;\">&#10003;<\/span><\/div>            <\/td>\r\n                    <td>\r\n                <div style=\"text-align: center;\"><span style=\"color: #00d005;\">&#10003;<\/span><\/div>            <\/td>\r\n                    <td>\r\n                Kompletn\u00e9 slu\u017eby            <\/td>\r\n            <\/tr>\r\n     \r\n    <tr>\r\n                    <td>\r\n                Bulharsko            <\/td>\r\n                    <td>\r\n                <div style=\"text-align: center;\"><span style=\"color: #ff9900;\">&#042;<\/span><\/div>            <\/td>\r\n                    <td>\r\n                <div style=\"text-align: center;\"><span style=\"color: #00d005;\">&#10003;<\/span><\/div>            <\/td>\r\n                    <td>\r\n                <div style=\"text-align: center;\"><span style=\"color: #00d005;\">&#10003;<\/span><\/div>            <\/td>\r\n                    <td>\r\n                <div style=\"text-align: center;\"><span style=\"color: #00d005;\">&#10003;<\/span><\/div>            <\/td>\r\n                    <td>\r\n                <div style=\"text-align: center;\"><span style=\"color: #00d005;\">&#10003;<\/span><\/div>            <\/td>\r\n                    <td>\r\n                Kompletn\u00e9 slu\u017eby vo ve\u013ek\u00fdch mest\u00e1ch (napr. Sofia). V oblasti Sunny Beach a Bansko iba predaje.\n            <\/td>\r\n            <\/tr>\r\n     \r\n    <tr>\r\n                    <td>\r\n                Nemecko            <\/td>\r\n                    <td>\r\n                <div style=\"text-align: center;\"><span style=\"color: #ff9900;\">&#042;<\/span><\/div>            <\/td>\r\n                    <td>\r\n                <div style=\"text-align: center;\"><span style=\"color: #00d005;\">&#10003;<\/span><\/div>            <\/td>\r\n                    <td>\r\n                <div style=\"text-align: center;\"><span style=\"color: #00d005;\">&#10003;<\/span><\/div>            <\/td>\r\n                    <td>\r\n                <div style=\"text-align: center;\"><span style=\"color: #00d005;\">&#10003;<\/span><\/div>            <\/td>\r\n                    <td>\r\n                <div style=\"text-align: center;\"><span style=\"color: #00d005;\">&#10003;<\/span><\/div>            <\/td>\r\n                    <td>\r\n                Kompletn\u00e9 slu\u017eby, prim\u00e1rne v Berl\u00edne            <\/td>\r\n            <\/tr>\r\n     \r\n    <tr>\r\n                    <td>\r\n                Rumunsko            <\/td>\r\n                    <td>\r\n                <div style=\"text-align: center;\"><span style=\"color: #ff9900;\">&#042;<\/span><\/div>            <\/td>\r\n                    <td>\r\n                <div style=\"text-align: center;\"><span style=\"color: #00d005;\">&#10003;<\/span><\/div>            <\/td>\r\n                    <td>\r\n                <div style=\"text-align: center;\"><span style=\"color: #00d005;\">&#10003;<\/span><\/div>            <\/td>\r\n                    <td>\r\n                <div style=\"text-align: center;\"><span style=\"color: #00d005;\">&#10003;<\/span><\/div>            <\/td>\r\n                    <td>\r\n                <div style=\"text-align: center;\">-<\/div>            <\/td>\r\n                    <td>\r\n                Kompletn\u00e9 slu\u017eby, okrem hypot\u00e9k            <\/td>\r\n            <\/tr>\r\n     \r\n    <tr>\r\n                    <td>\r\n                Chorv\u00e1tsko            <\/td>\r\n                    <td>\r\n                <div style=\"text-align: center;\"><span style=\"color: #ff9900;\">&#042;<\/span><\/div>            <\/td>\r\n                    <td>\r\n                <div style=\"text-align: center;\"><span style=\"color: #00d005;\">&#10003;<\/span><\/div>            <\/td>\r\n                    <td>\r\n                <div style=\"text-align: center;\">-<\/div>            <\/td>\r\n                    <td>\r\n                <div style=\"text-align: center;\">-<\/div>            <\/td>\r\n                    <td>\r\n                <div style=\"text-align: center;\">-<\/div>            <\/td>\r\n                    <td>\r\n                V z\u00e1vislosti od lokality            <\/td>\r\n            <\/tr>\r\n     \r\n    <tr>\r\n                    <td>\r\n                Ve\u013ek\u00e1 Brit\u00e1nia            <\/td>\r\n                    <td>\r\n                <div style=\"text-align: center;\"><span style=\"color: #ff9900;\">&#042;<\/span><\/div>            <\/td>\r\n                    <td>\r\n                <div style=\"text-align: center;\"><span style=\"color: #00d005;\">&#10003;<\/span><\/div>            <\/td>\r\n                    <td>\r\n                <div style=\"text-align: center;\"><span style=\"color: #00d005;\">&#10003;<\/span><\/div>            <\/td>\r\n                    <td>\r\n                <div style=\"text-align: center;\"><span style=\"color: #00d005;\">&#10003;<\/span><\/div>            <\/td>\r\n                    <td>\r\n                <div style=\"text-align: center;\"><span style=\"color: #00d005;\">&#10003;<\/span><\/div>            <\/td>\r\n                    <td>\r\n                V z\u00e1vislosti od lokality            <\/td>\r\n            <\/tr>\r\n     \r\n    <tr>\r\n                    <td>\r\n                \u0160panielsko            <\/td>\r\n                    <td>\r\n                <div style=\"text-align: center;\"><span style=\"color: #ff9900;\">&#042;<\/span><\/div>            <\/td>\r\n                    <td>\r\n                <div style=\"text-align: center;\"><span style=\"color: #00d005;\">&#10003;<\/span><\/div>            <\/td>\r\n                    <td>\r\n                <div style=\"text-align: center;\"><span style=\"color: #00d005;\">&#10003;<\/span><\/div>            <\/td>\r\n                    <td>\r\n                <div style=\"text-align: center;\"><span style=\"color: #00d005;\">&#10003;<\/span><\/div>            <\/td>\r\n                    <td>\r\n                <div style=\"text-align: center;\"><span style=\"color: #00d005;\">&#10003;<\/span><\/div>            <\/td>\r\n                    <td>\r\n                V z\u00e1vislosti od lokality            <\/td>\r\n            <\/tr>\r\n            <\/tbody>\r\n    <\/table>\r\n    <div class=\"wpb-column-text column-text  \"><!-- wpb-column-text --><p><span style=\"color: #ff6600;\">* Pozn\u00e1mka:<\/span>\u00a0Vyh\u013ead\u00e1vanie investi\u010dn\u00fdch pr\u00edle\u017eitost\u00ed do ve\u013ekej miery z\u00e1vis\u00ed od \u0161pecifickej situ\u00e1cie na trhu. Ak chcete zisti\u0165, kde sa v s\u00fa\u010dasnosti nach\u00e1dzaj\u00fa najlep\u0161ie investi\u010dn\u00e9 pr\u00edle\u017eitosti, <a href=\"https:\/\/www.simproperty.com\/sk\/kontakt\/\">kontaktujte n\u00e1s<\/a>.<\/p>\n<\/div><!-- \/wpb-column-text --> <\/div>\n<\/div><!-- \/wpb-row row --><\/div><!-- \/cointainer fluid or cointainer --><\/div><!-- \/row-wrap --><div class=\"row-wrap \"><!-- row-wrap --><div class=\"bg-blue\"><!-- color --><div class=\"container\"><!-- cointainer --><div class=\"wpb-row row     \"><!-- wpb-row row --><div class=\"wpb-column col-md-12   padding-l-0 padding-r-0    \" style=\"height:px\"><div class=\"box-wrap  box-border-none box-border-radius-none    box-wrap-box-icon-next box-wrap-box-icon-normal \" style=\"height:px\"><div class=\"box-inner \"><h3 class=\"box-title  text-center box-icon-next-title box-icon-normal-title \"><span class=\"box-icon-bg box-icon-normal-wrap box-icon-bg-orange box-icon-next\"><i class=\"fa fa-bullhorn box-icon-white box-icon-normal\"><\/i><\/span>Hovor\u00edme Va\u0161im jazykom<\/h3><div class=\"wpb-row row      \"><div class=\"wpb-column col-md-6   padding-l-0 padding-r-0    \" style=\"height:px\"><div class=\"wpb-column-text column-text  \"><!-- wpb-column-text --><p style=\"text-align: center;\">Anglicky<\/p>\n<p style=\"text-align: center;\">\u010cesky<\/p>\n<p style=\"text-align: center;\">Slovensky<\/p>\n<p style=\"text-align: center;\">Po\u013esky<\/p>\n<\/div><!-- \/wpb-column-text --> <\/div><div class=\"wpb-column col-md-6   padding-l-0 padding-r-0    \" style=\"height:px\"><div class=\"wpb-column-text column-text  \"><!-- wpb-column-text --><p style=\"text-align: center;\">Bulharsky<\/p>\n<p style=\"text-align: center;\">Rusky<\/p>\n<p style=\"text-align: center;\">Ma\u010farsky<\/p>\n<p style=\"text-align: center;\">\u0160panielsky<\/p>\n<\/div><!-- \/wpb-column-text --> <\/div>\n<\/div>\n<div class=\"clearfix\"><\/div><\/div><\/div> <\/div>\n<\/div><!-- \/wpb-row row --><\/div><!-- \/cointainer fluid or cointainer --><\/div><!-- \/color --><\/div><!-- \/row-wrap --><div class=\"row-wrap \"><!-- row-wrap --><div class=\"container\"><!-- cointainer --><div class=\"wpb-row row     \"><!-- wpb-row row --><div class=\"wpb-column col-md-12        \" style=\"height:px\"><div class=\"wpb-column-text column-text  \"><!-- wpb-column-text --><p>Pre viac inform\u00e1ci\u00ed <a href=\"https:\/\/www.simproperty.com\/sk\/kontakt\/\">n\u00e1s kontaktujte<\/a>.<\/p>\n<\/div><!-- \/wpb-column-text --> <\/div>\n<\/div><!-- \/wpb-row row --><\/div><!-- \/cointainer fluid or cointainer --><\/div><!-- \/row-wrap --><\/p>\n","protected":false},"excerpt":{"rendered":"Sim Property - Slu\u017eby a lokalityV Sim Property V\u00e1m poskytujeme komplexn\u00e9 a ucelen\u00e9 slu\u017eby zameran\u00e9 na invest\u00edcie do nehnute\u013enost\u00ed a n\u00e1sledn\u00fa starostlivos\u0165 naprie\u010d r\u00f4znorod\u00fdmi lokalitami kraj\u00edn EU. V\u010faka tomu v n\u00e1s n\u00e1jdete partnera, ktor\u00fd pre V\u00e1s zaist\u00ed v\u0161etko potrebn\u00e9 \"pod jednou strechou\". REALITY Predaj\u00a0-\u00a0kompletn\u00e9 predajn\u00e9 slu\u017eby Pren\u00e1jom\u00a0- r\u00fdchle zaistenie spo\u013eahliv\u00e9ho n\u00e1jomcu FINANCIE Hypot\u00e9ky - financovanie [...]","protected":false},"author":9,"featured_media":0,"parent":0,"menu_order":0,"comment_status":"closed","ping_status":"open","template":"","meta":[],"aioseo_notices":[],"_links":{"self":[{"href":"https:\/\/www.simproperty.com\/sk\/wp-json\/wp\/v2\/pages\/15448"}],"collection":[{"href":"https:\/\/www.simproperty.com\/sk\/wp-json\/wp\/v2\/pages"}],"about":[{"href":"https:\/\/www.simproperty.com\/sk\/wp-json\/wp\/v2\/types\/page"}],"author":[{"embeddable":true,"href":"https:\/\/www.simproperty.com\/sk\/wp-json\/wp\/v2\/users\/9"}],"replies":[{"embeddable":true,"href":"https:\/\/www.simproperty.com\/sk\/wp-json\/wp\/v2\/comments?post=15448"}],"version-history":[{"count":28,"href":"https:\/\/www.simproperty.com\/sk\/wp-json\/wp\/v2\/pages\/15448\/revisions"}],"predecessor-version":[{"id":15493,"href":"https:\/\/www.simproperty.com\/sk\/wp-json\/wp\/v2\/pages\/15448\/revisions\/15493"}],"wp:attachment":[{"href":"https:\/\/www.simproperty.com\/sk\/wp-json\/wp\/v2\/media?parent=15448"}],"curies":[{"name":"wp","href":"https:\/\/api.w.org\/{rel}","templated":true}]}}