{"id":13389,"date":"2017-01-31T13:13:34","date_gmt":"2017-01-31T12:13:34","guid":{"rendered":"http:\/\/simproperty.com\/sk\/?page_id=13389"},"modified":"2017-03-09T09:25:06","modified_gmt":"2017-03-09T08:25:06","slug":"kariera","status":"publish","type":"page","link":"https:\/\/www.simproperty.com\/sk\/kariera\/","title":{"rendered":"Kari\u00e9ra"},"content":{"rendered":"<div class=\"row-wrap \"><!-- row-wrap --><div class=\"container\"><!-- cointainer --><div class=\"wpb-row row   margin-t-20  \"><!-- wpb-row row --><div class=\"wpb-column col-md-3        \" style=\"height:px\"><div class=\"box-wrap    box-gradient-white-blue   box-wrap-box-icon-top box-wrap-box-icon-normal \" style=\"height:px\"><div class=\"box-inner box-rectangles\"><span class=\"box-icon-bg box-icon-normal-wrap box-icon-bg-orange box-icon-top\"><i class=\"fa fa-home box-icon-white box-icon-normal\"><\/i><\/span><h3 class=\"box-title  text-center box-icon-top-title box-icon-normal-title box-title-line\">Pre\u010do Sim Property ?<\/h3><div class=\"wpb-column-text column-text  \"><!-- wpb-column-text --><ul>\n<li>\u00dapln\u00e1 \u00faprimnos\u0165, integrita a\u00a0transparentnos\u0165<\/li>\n<li>V\u0161etky potreby pre Va\u0161u nehnute\u013enos\u0165 vyrie\u0161en\u00e9 na jednom mieste<\/li>\n<li>Znalostn\u00e1 z\u00e1klad\u0148a a\u00a0sk\u00fasen\u00fd t\u00edm (zamestn\u00e1vame len t\u00fdch najlep\u0161\u00edch)<\/li>\n<li>Integrovan\u00e9 slu\u017eby vo viac ako 20 mest\u00e1ch v\u00a0strednej a\u00a0v\u00fdchodnej Eur\u00f3pe<\/li>\n<li>Pokro\u010dil\u00fd online syst\u00e9m, udr\u017euje n\u00e1s organizovan\u00fdch a\u00a0V\u00e1s informovan\u00fdch<\/li>\n<li>Proklientsk\u00fd pr\u00edstup<\/li>\n<\/ul>\n<\/div><!-- \/wpb-column-text -->\n<div class=\"clearfix\"><\/div><\/div><\/div> <\/div><div class=\"wpb-column col-md-9        \" style=\"height:px\"><div class=\"wpb-column-text column-text  \"><!-- wpb-column-text --><h2><span lang=\"CS\">Kari\u00e9ra<\/span><\/h2>\n<p>U n\u00e1s v\u00a0Sim Property Group st\u00e1le h\u013ead\u00e1me talentovan\u00fdch jednotlivcov.<br \/>\nV\u00e1\u017eime si \u013eud\u00ed s\u00a0rozsiahlymi schopnos\u0165ami z\u00a0r\u00f4znych odvetv\u00ed.<br \/>\nN\u00e1\u0161 biznis pokra\u010duje v\u00a0silnom raste a\u00a0preto do n\u00e1\u0161ho t\u00edm akt\u00edvne h\u013ead\u00e1me t\u00fdch najlep\u0161\u00edch \u013eud\u00ed.<br \/>\nPon\u00fakame z\u00e1bavn\u00e9 a\u00a0vzru\u0161uj\u00face pracovn\u00e9 prostredie s\u00a0atrakt\u00edvnymi bal\u00ed\u010dkami benefitov pre n\u00e1\u0161 t\u00edm.<\/p>\n<\/div><!-- \/wpb-column-text --><div class=\"wpb-row row      \"><div class=\"wpb-column col-md-6   padding-l-15 padding-r-15    \" style=\"height:px\"><div class=\"box-heading \"><!-- box heading --><h3 class=\"box-heading-title\">Ide\u00e1lny kandid\u00e1t<\/h3><div class=\"box-heading-content-wrap\"><!-- box heading content wrap --><div class=\"box-heading-icon-wrap\"><i class=\"box-heading-icon fa fa-thumbs-o-up \"><\/i><\/div><div class=\"box-heading-content box-heading-has-icon\"><!-- box heading content --><p>T\u00fdm najd\u00f4le\u017eitej\u0161\u00edm, \u010do h\u013ead\u00e1me, je \u010dlovek so spr\u00e1vnym pr\u00edstupom a\u00a0v\u00e1\u0161\u0148ou pre nehnute\u013enosti.<\/p>\n<p>Ak m\u00e1te v\u00f4\u013eu tvrdo pracova\u0165 a\u00a0ve\u013ea sa nau\u010di\u0165, ur\u010dite si budeme pasova\u0165<\/p>\n<p>.<\/p>\n<\/div><!-- \/box heading content --><\/div><!-- \/box heading content wrap --><\/div><!-- \/box heading --> <\/div><div class=\"wpb-column col-md-6   padding-l-15 padding-r-15    \" style=\"height:px\"><div class=\"box-heading \"><!-- box heading --><h3 class=\"box-heading-title\">Schopnosti, ktor\u00e9 h\u013ead\u00e1me<\/h3><div class=\"box-heading-content-wrap\"><!-- box heading content wrap --><div class=\"box-heading-icon-wrap\"><i class=\"box-heading-icon fa fa-thumbs-o-up \"><\/i><\/div><div class=\"box-heading-content box-heading-has-icon\"><!-- box heading content --><p>Pokia\u013e m\u00e1te sk\u00fasenosti v\u00a0niektorej z\u00a0nasleduj\u00facich oblast\u00ed, kontaktujte n\u00e1s a\u00a0uvid\u00edme ako m\u00f4\u017eeme spolupracova\u0165:<\/p>\n<ul>\n<li>Predaj, marketing, Copy Writing, z\u00e1kazn\u00edcky servis, web dizajn, invest\u00edcie do nehnute\u013enost\u00ed, pren\u00e1my a\u00a0mana\u017ement.<\/li>\n<\/ul>\n<\/div><!-- \/box heading content --><\/div><!-- \/box heading content wrap --><\/div><!-- \/box heading --> <\/div>\n<\/div> <\/div>\n<\/div><!-- \/wpb-row row --><\/div><!-- \/cointainer fluid or cointainer --><\/div><!-- \/row-wrap -->\n","protected":false},"excerpt":{"rendered":"Pre\u010do Sim Property ? \u00dapln\u00e1 \u00faprimnos\u0165, integrita a\u00a0transparentnos\u0165 V\u0161etky potreby pre Va\u0161u nehnute\u013enos\u0165 vyrie\u0161en\u00e9 na jednom mieste Znalostn\u00e1 z\u00e1klad\u0148a a\u00a0sk\u00fasen\u00fd t\u00edm (zamestn\u00e1vame len t\u00fdch najlep\u0161\u00edch) Integrovan\u00e9 slu\u017eby vo viac ako 20 mest\u00e1ch v\u00a0strednej a\u00a0v\u00fdchodnej Eur\u00f3pe Pokro\u010dil\u00fd online syst\u00e9m, udr\u017euje n\u00e1s organizovan\u00fdch a\u00a0V\u00e1s informovan\u00fdch Proklientsk\u00fd pr\u00edstup Kari\u00e9ra U n\u00e1s v\u00a0Sim Property Group st\u00e1le h\u013ead\u00e1me talentovan\u00fdch jednotlivcov. [...]","protected":false},"author":6,"featured_media":0,"parent":0,"menu_order":0,"comment_status":"closed","ping_status":"open","template":"","meta":[],"aioseo_notices":[],"_links":{"self":[{"href":"https:\/\/www.simproperty.com\/sk\/wp-json\/wp\/v2\/pages\/13389"}],"collection":[{"href":"https:\/\/www.simproperty.com\/sk\/wp-json\/wp\/v2\/pages"}],"about":[{"href":"https:\/\/www.simproperty.com\/sk\/wp-json\/wp\/v2\/types\/page"}],"author":[{"embeddable":true,"href":"https:\/\/www.simproperty.com\/sk\/wp-json\/wp\/v2\/users\/6"}],"replies":[{"embeddable":true,"href":"https:\/\/www.simproperty.com\/sk\/wp-json\/wp\/v2\/comments?post=13389"}],"version-history":[{"count":3,"href":"https:\/\/www.simproperty.com\/sk\/wp-json\/wp\/v2\/pages\/13389\/revisions"}],"predecessor-version":[{"id":14142,"href":"https:\/\/www.simproperty.com\/sk\/wp-json\/wp\/v2\/pages\/13389\/revisions\/14142"}],"wp:attachment":[{"href":"https:\/\/www.simproperty.com\/sk\/wp-json\/wp\/v2\/media?parent=13389"}],"curies":[{"name":"wp","href":"https:\/\/api.w.org\/{rel}","templated":true}]}}