{"id":3046,"date":"2019-09-13T11:05:40","date_gmt":"2019-09-13T10:05:40","guid":{"rendered":"http:\/\/simproperty.com\/pl\/?page_id=3046"},"modified":"2023-04-24T07:25:26","modified_gmt":"2023-04-24T06:25:26","slug":"rentflow-oprogramowanie-zarzadzania-najmem","status":"publish","type":"page","link":"https:\/\/www.simproperty.com\/pl\/zarzadzanie-najmem\/rentflow-oprogramowanie-zarzadzania-najmem\/","title":{"rendered":"Rentflow oprogramowanie do zarz\u0105dzania najmem"},"content":{"rendered":"<div class=\"row-wrap \"><!-- row-wrap --><div class=\"container\"><!-- cointainer --><div class=\"wpb-row row     \"><!-- wpb-row row --><div class=\"wpb-column col-md-12        \" style=\"height:px\"><div class=\"wpb-column-text column-text  \"><!-- wpb-column-text --><p>W efektywnym zarz\u0105dzaniu najmem w 4 krajach pomaga nam autorskie oprogramowanie, kt\u00f3re zosta\u0142o napisane specjalnie dla naszej firmy. <a href=\"http:\/\/www.rentflow.io\">www.rentflow.io<\/a><\/p>\n<p>Dost\u0119p do niego maj\u0105 r\u00f3wnie\u017c w\u0142a\u015bciciele nieruchomo\u015bci, kt\u00f3rymi zarz\u0105dzamy, co znacznie usprawnia komunikacj\u0119 na linii klient \u2013 opiekun mieszkania i sprawia, \u017ce wszystkie nasze dzia\u0142ania s\u0105 przejrzyste.<\/p>\n    <div class=\"gallery row\">\r\n                    <div class=\"col-sm-2 col-xs-3 gallery-item\">\r\n                <a rel=\"gallery\" href=\"https:\/\/www.simproperty.com\/wp-content\/uploads\/2015\/01\/sim-propertytab1.png\"><img class=\"img-responsive\" src=\"https:\/\/www.simproperty.com\/wp-content\/uploads\/2015\/01\/sim-propertytab1-150x150.png\" alt=\"\"><\/a>\r\n            <\/div>\r\n                    <div class=\"col-sm-2 col-xs-3 gallery-item\">\r\n                <a rel=\"gallery\" href=\"https:\/\/www.simproperty.com\/wp-content\/uploads\/2015\/01\/sim-propertytab2-language.png\"><img class=\"img-responsive\" src=\"https:\/\/www.simproperty.com\/wp-content\/uploads\/2015\/01\/sim-propertytab2-language-150x150.png\" alt=\"\"><\/a>\r\n            <\/div>\r\n                    <div class=\"col-sm-2 col-xs-3 gallery-item\">\r\n                <a rel=\"gallery\" href=\"https:\/\/www.simproperty.com\/wp-content\/uploads\/2015\/01\/sim-propertytab3-photo.png\"><img class=\"img-responsive\" src=\"https:\/\/www.simproperty.com\/wp-content\/uploads\/2015\/01\/sim-propertytab3-photo-150x150.png\" alt=\"\"><\/a>\r\n            <\/div>\r\n                    <div class=\"col-sm-2 col-xs-3 gallery-item\">\r\n                <a rel=\"gallery\" href=\"https:\/\/www.simproperty.com\/wp-content\/uploads\/2015\/01\/sim-propertytab4-units.png\"><img class=\"img-responsive\" src=\"https:\/\/www.simproperty.com\/wp-content\/uploads\/2015\/01\/sim-propertytab4-units-150x150.png\" alt=\"\"><\/a>\r\n            <\/div>\r\n                    <div class=\"col-sm-2 col-xs-3 gallery-item\">\r\n                <a rel=\"gallery\" href=\"https:\/\/www.simproperty.com\/wp-content\/uploads\/2015\/01\/sim-propertytab5-unitsdetail.png\"><img class=\"img-responsive\" src=\"https:\/\/www.simproperty.com\/wp-content\/uploads\/2015\/01\/sim-propertytab5-unitsdetail-150x150.png\" alt=\"\"><\/a>\r\n            <\/div>\r\n                    <div class=\"col-sm-2 col-xs-3 gallery-item\">\r\n                <a rel=\"gallery\" href=\"https:\/\/www.simproperty.com\/wp-content\/uploads\/2015\/01\/sim-financetab1.png\"><img class=\"img-responsive\" src=\"https:\/\/www.simproperty.com\/wp-content\/uploads\/2015\/01\/sim-financetab1-150x150.png\" alt=\"\"><\/a>\r\n            <\/div>\r\n                    <div class=\"col-sm-2 col-xs-3 gallery-item\">\r\n                <a rel=\"gallery\" href=\"https:\/\/www.simproperty.com\/wp-content\/uploads\/2015\/01\/sim-financetab2-billhover.png\"><img class=\"img-responsive\" src=\"https:\/\/www.simproperty.com\/wp-content\/uploads\/2015\/01\/sim-financetab2-billhover-150x150.png\" alt=\"\"><\/a>\r\n            <\/div>\r\n                    <div class=\"col-sm-2 col-xs-3 gallery-item\">\r\n                <a rel=\"gallery\" href=\"https:\/\/www.simproperty.com\/wp-content\/uploads\/2015\/01\/sim-financetab3-renthover.png\"><img class=\"img-responsive\" src=\"https:\/\/www.simproperty.com\/wp-content\/uploads\/2015\/01\/sim-financetab3-renthover-150x150.png\" alt=\"\"><\/a>\r\n            <\/div>\r\n                    <div class=\"col-sm-2 col-xs-3 gallery-item\">\r\n                <a rel=\"gallery\" href=\"https:\/\/www.simproperty.com\/wp-content\/uploads\/2015\/01\/sim-paymentstab1.png\"><img class=\"img-responsive\" src=\"https:\/\/www.simproperty.com\/wp-content\/uploads\/2015\/01\/sim-paymentstab1-150x150.png\" alt=\"\"><\/a>\r\n            <\/div>\r\n                    <div class=\"col-sm-2 col-xs-3 gallery-item\">\r\n                <a rel=\"gallery\" href=\"https:\/\/www.simproperty.com\/wp-content\/uploads\/2015\/01\/sim-billstab1.png\"><img class=\"img-responsive\" src=\"https:\/\/www.simproperty.com\/wp-content\/uploads\/2015\/01\/sim-billstab1-150x150.png\" alt=\"\"><\/a>\r\n            <\/div>\r\n                    <div class=\"col-sm-2 col-xs-3 gallery-item\">\r\n                <a rel=\"gallery\" href=\"https:\/\/www.simproperty.com\/wp-content\/uploads\/2015\/01\/sim-feestab1.png\"><img class=\"img-responsive\" src=\"https:\/\/www.simproperty.com\/wp-content\/uploads\/2015\/01\/sim-feestab1-150x150.png\" alt=\"\"><\/a>\r\n            <\/div>\r\n                    <div class=\"col-sm-2 col-xs-3 gallery-item\">\r\n                <a rel=\"gallery\" href=\"https:\/\/www.simproperty.com\/wp-content\/uploads\/2015\/01\/sim-rentalcontractstab1.png\"><img class=\"img-responsive\" src=\"https:\/\/www.simproperty.com\/wp-content\/uploads\/2015\/01\/sim-rentalcontractstab1-150x150.png\" alt=\"\"><\/a>\r\n            <\/div>\r\n                    <div class=\"col-sm-2 col-xs-3 gallery-item\">\r\n                <a rel=\"gallery\" href=\"https:\/\/www.simproperty.com\/wp-content\/uploads\/2015\/01\/sim-rentalcontractstab2-detail.png\"><img class=\"img-responsive\" src=\"https:\/\/www.simproperty.com\/wp-content\/uploads\/2015\/01\/sim-rentalcontractstab2-detail-150x150.png\" alt=\"\"><\/a>\r\n            <\/div>\r\n                    <div class=\"col-sm-2 col-xs-3 gallery-item\">\r\n                <a rel=\"gallery\" href=\"https:\/\/www.simproperty.com\/wp-content\/uploads\/2015\/01\/sim-rentalcontractstab3-deposit.png\"><img class=\"img-responsive\" src=\"https:\/\/www.simproperty.com\/wp-content\/uploads\/2015\/01\/sim-rentalcontractstab3-deposit-150x150.png\" alt=\"\"><\/a>\r\n            <\/div>\r\n            <\/div>\r\n    \n<p>W efektywnym zarz\u0105dzaniu najmem w 4 krajach pomaga nam autorskie oprogramowanie, kt\u00f3re zosta\u0142o napisane specjalnie dla naszej firmy.<\/p>\n<p>Dost\u0119p do niego maj\u0105 r\u00f3wnie\u017c w\u0142a\u015bciciele nieruchomo\u015bci, kt\u00f3rymi zarz\u0105dzamy, co znacznie usprawnia komunikacj\u0119 na linii klient \u2013 opiekun mieszkania i sprawia, \u017ce wszystkie nasze dzia\u0142ania s\u0105 przejrzyste.<\/p>\n<p>Kliknij na zdj\u0119cia poni\u017cej, \u017ceby zobaczy\u0107 przyk\u0142adowe zdj\u0119cia naszego systemu<\/p>\n<p>Zaawansowane rozwi\u0105zania zastosowane w oprogramowaniu pozwalaj\u0105 nam w pe\u0142ni kontrolowa\u0107 <a href=\"https:\/\/www.simproperty.com\/pl\/zarzadzanie-najmem\/\">zarz\u0105dzanie najmem<\/a>; nic nie umknie naszej uwadze!<\/p>\n<\/div><!-- \/wpb-column-text --><div class=\"accordion  \" data-activetab=\"false\" data-collapsible=\"yes\"><div class=\"accordion-tab\"><div class=\"accordion-header\"><div class=\"accordion-header-icon\"><i class=\"fa fa-plus\"><\/i><\/div><h3>Zobacz, jakie mo\u017cliwo\u015bci daje system w\u0142a\u015bcicielom:<\/h3><\/div><div class=\"accordion-content\"><div class=\"wpb-column-text column-text  \"><!-- wpb-column-text --><ul>\n<li>Dane nieruchomo\u015bci (adres, powierzchnia, mapa, zdj\u0119cia, pi\u0119tro, itp.)<\/li>\n<li>Wszystkie p\u0142atno\u015bci dla danej nieruchomo\u015bci (wychodz\u0105ce &#8211; rachunki i przychodz\u0105ce \u2013 czynsz najmu) w jednym miejscu<\/li>\n<li>P\u0142atno\u015bci, dokonywane przez Sim i p\u0142atno\u015bci dokonywane bezpo\u015brednio przez w\u0142a\u015bciciela<\/li>\n<li>\u015aledzenie kaucji najemcy<\/li>\n<li>Pe\u0142na historia ka\u017cdej umowy najmu<\/li>\n<li>Prognoza cashflow<\/li>\n<li>14 j\u0119zyk\u00f3w\u00a0(en, cs, sk, pl, bg, ru, es, it, pt, ro, he, tr, fr, de)<\/li>\n<li>Wszystkie dane w czasie rzeczywistym<\/li>\n<li>Pe\u0142na historia wszystkich rachunk\u00f3w<\/li>\n<li>Rachunki i p\u0142atno\u015bci prognozowane<\/li>\n<li>Skan umowy najmu, protoko\u0142u zdawczo-odbiorczego<\/li>\n<li>Wszystkie nieruchomo\u015bci w jednym miejscu<\/li>\n<li>Dost\u0119p dla autoryzowanych os\u00f3b trzecich (np. ksi\u0119gowy)<\/li>\n<li>Bezpo\u015bredni kontakt z opiekunem mieszkania<\/li>\n<\/ul>\n<\/div><!-- \/wpb-column-text -->\n<\/div><\/div><div class=\"accordion-tab\"><div class=\"accordion-header\"><div class=\"accordion-header-icon\"><i class=\"fa fa-plus\"><\/i><\/div><h3>Zobacz, jakie mo\u017cliwo\u015bci daje system opiekunom mieszka\u0144:<\/h3><\/div><div class=\"accordion-content\"><div class=\"wpb-column-text column-text  \"><!-- wpb-column-text --><ul>\n<li>Efektywne \u015bledzenie i kontrola p\u0142atno\u015bci czynszu najmu<\/li>\n<li>\u015aledzenie p\u0142atno\u015bci rachunk\u00f3w<\/li>\n<li>Szybki dost\u0119p do wszystkich informacji nt. nieruchomo\u015bci<\/li>\n<li>Koordynacja dzia\u0142a\u0144 pomi\u0119dzy nieruchomo\u015bciami w r\u00f3\u017cnych lokalizacjach<\/li>\n<li>Efektywne \u015bledzenie i kontrola obs\u0142ugi technicznej<\/li>\n<li>\u015aledzenie status nieruchomo\u015bci i szybkie wystawienie na wynajem\/ sprzeda\u017c<\/li>\n<li>Mo\u017cliwo\u015b\u0107 generowania raport\u00f3w finansowych dla w\u0142a\u015bcicieli<\/li>\n<li>Automatyczne wyliczanie op\u0142at za us\u0142ugi SIM<\/li>\n<\/ul>\n<\/div><!-- \/wpb-column-text -->\n<\/div><\/div>\n<\/div><div class=\"wpb-column-text column-text  \"><!-- wpb-column-text --><p>Je\u015bli chcesz zobaczy\u0107 <a href=\"https:\/\/demo.rentflow.net\">demo<\/a> naszego oprogramowania, <a href=https:\/\/www.simproperty.com\/pl\/kontakt\/>skontaktuj si\u0119 z nami<\/a>.<\/p>\n<\/div><!-- \/wpb-column-text --><div class=\"wpb-row row      \"><div class=\"wpb-column col-md-12        \" style=\"height:px\"><div class=\"box-wrap       box-wrap-box-icon-top box-wrap-box-icon-normal \" style=\"height:px\"><div class=\"box-inner \"><span class=\"box-icon-bg box-icon-normal-wrap box-icon-bg-orange box-icon-top\"><i class=\"fa fa-child box-icon-white box-icon-normal\"><\/i><\/span><h3 class=\"box-title  text-center box-icon-top-title box-icon-normal-title \">Zobacz, co nasi klienci s\u0105dz\u0105 o naszym systemie<\/h3>\r\n            <div id=\"testimonial-slider-1\" class=\"testimonial-slider \">\r\n                <ul>\r\n                                    <li class=\"jcarousel-item\">\r\n                        \r\n                        <div class=\"testimonial-box row \">\r\n    <div class=\"col-xs-12 col-testimonial-image text-center\">\r\n\r\n                    <img class=\"img-responsive\" src=\"https:\/\/www.simproperty.com\/wp-content\/themes\/simproperty\/images\/dummy.png\" alt=\"\">\r\n\r\n\r\n\r\n    <\/div>    \r\n    <div class=\"col-xs-12 col-testimonial-text\">\r\n        <blockquote><p>Hi Jaroslava,\r\nBy the way, I think you are all doing a great job at Sim Property as I have NEVER known so much about what is going on with my flat!!\r\nHave a great weekend!!\r\nRgds..Bill<\/p><\/blockquote>\r\n        <p class=\"testimonial-author\">Bill Bruce - Prague, CZ<\/p>                \r\n    <\/div>\r\n<\/div>  \r\n                        \r\n                    <\/li>\r\n                                        <li class=\"jcarousel-item\">\r\n                        \r\n                        <div class=\"testimonial-box row \">\r\n    <div class=\"col-xs-12 col-testimonial-image text-center\">\r\n\r\n                    <img class=\"img-responsive\" src=\"https:\/\/www.simproperty.com\/wp-content\/themes\/simproperty\/images\/dummy.png\" alt=\"\">\r\n\r\n\r\n\r\n    <\/div>    \r\n    <div class=\"col-xs-12 col-testimonial-text\">\r\n        <blockquote><p>Sim Property group has been particularly helpful in identifying quality real estate investments in Wroclaw and managing them. Their information system is state of the art and helps keeping control of the situation from a distance. In any case, SPG is reactive to any incident so that there is no need to worry about anything. In summary I would not have considered investing in Poland without the outstanding support of SPG. Patrick L, France<\/p><\/blockquote>\r\n        <p class=\"testimonial-author\">Patrick Laredo - Wroclaw, PL<\/p>                \r\n    <\/div>\r\n<\/div>  \r\n                        \r\n                    <\/li>\r\n                                        <li class=\"jcarousel-item\">\r\n                        \r\n                        <div class=\"testimonial-box row \">\r\n    <div class=\"col-xs-12 col-testimonial-image text-center\">\r\n\r\n                    <img class=\"img-responsive\" src=\"https:\/\/www.simproperty.com\/wp-content\/themes\/simproperty\/images\/dummy.png\" alt=\"\">\r\n\r\n\r\n\r\n    <\/div>    \r\n    <div class=\"col-xs-12 col-testimonial-text\">\r\n        <blockquote><p>Hi Simon,\r\nEverything is fine with the service and its as I prefer - pretty hands off for me.  I especially appreciate the assistance that I had this year with tax preparation.  Anna was very understanding and helpful.  \r\nHappy Christmas and best regards,\r\nKevin<\/p><\/blockquote>\r\n        <p class=\"testimonial-author\">Kevin Hay - Warsaw, PL<\/p>                \r\n    <\/div>\r\n<\/div>  \r\n                        \r\n                    <\/li>\r\n                                        <li class=\"jcarousel-item\">\r\n                        \r\n                        <div class=\"testimonial-box row \">\r\n    <div class=\"col-xs-12 col-testimonial-image text-center\">\r\n\r\n                    <img class=\"img-responsive\" src=\"https:\/\/www.simproperty.com\/wp-content\/themes\/simproperty\/images\/dummy.png\" alt=\"\">\r\n\r\n\r\n\r\n    <\/div>    \r\n    <div class=\"col-xs-12 col-testimonial-text\">\r\n        <blockquote><p>Dear Simon,\r\nYour website is excellent and does provide\/answer most of my needs.  Even to the extent of understanding the balance of the finances!  \r\nKind regards\r\nWalter<\/p><\/blockquote>\r\n        <p class=\"testimonial-author\">Walter Brown - Kosice, SK<\/p>                \r\n    <\/div>\r\n<\/div>  \r\n                        \r\n                    <\/li>\r\n                                        <li class=\"jcarousel-item\">\r\n                        \r\n                        <div class=\"testimonial-box row \">\r\n    <div class=\"col-xs-12 col-testimonial-image text-center\">\r\n\r\n                    <img class=\"img-responsive\" src=\"https:\/\/www.simproperty.com\/wp-content\/themes\/simproperty\/images\/dummy.png\" alt=\"\">\r\n\r\n\r\n\r\n    <\/div>    \r\n    <div class=\"col-xs-12 col-testimonial-text\">\r\n        <blockquote><p>Simon\r\nI have logged on to my online account and it is very impressive and userfriendly.\r\nThanks\r\nNeel<\/p><\/blockquote>\r\n        <p class=\"testimonial-author\">Neel Sahai - Brno, CZ<\/p>                \r\n    <\/div>\r\n<\/div>  \r\n                        \r\n                    <\/li>\r\n                                        <li class=\"jcarousel-item\">\r\n                        \r\n                        <div class=\"testimonial-box row \">\r\n    <div class=\"col-xs-12 col-testimonial-image text-center\">\r\n\r\n                    <img class=\"img-responsive\" src=\"https:\/\/www.simproperty.com\/wp-content\/themes\/simproperty\/images\/dummy.png\" alt=\"\">\r\n\r\n\r\n\r\n    <\/div>    \r\n    <div class=\"col-xs-12 col-testimonial-text\">\r\n        <blockquote><p>Hi Simon, \r\nthank you for acting with the integrity that I believed, and you have just proven is, an inherent value of SIM Property Group.\r\nRegards - David<\/p><\/blockquote>\r\n        <p class=\"testimonial-author\">David Bradshaw - PL<\/p>                \r\n    <\/div>\r\n<\/div>  \r\n                        \r\n                    <\/li>\r\n                                        <li class=\"jcarousel-item\">\r\n                        \r\n                        <div class=\"testimonial-box row \">\r\n    <div class=\"col-xs-12 col-testimonial-image text-center\">\r\n\r\n                    <img class=\"img-responsive\" src=\"https:\/\/www.simproperty.com\/wp-content\/themes\/simproperty\/images\/dummy.png\" alt=\"\">\r\n\r\n\r\n\r\n    <\/div>    \r\n    <div class=\"col-xs-12 col-testimonial-text\">\r\n        <blockquote><p>Dear Simon\r\n\r\nMany thanks on your efficiency!\r\nHave a good day!\r\nMatt<\/p><\/blockquote>\r\n        <p class=\"testimonial-author\">Matthew Earp - Prague, CZ<\/p>                \r\n    <\/div>\r\n<\/div>  \r\n                        \r\n                    <\/li>\r\n                                        <li class=\"jcarousel-item\">\r\n                        \r\n                        <div class=\"testimonial-box row \">\r\n    <div class=\"col-xs-12 col-testimonial-image text-center\">\r\n\r\n                    <img class=\"img-responsive\" src=\"https:\/\/www.simproperty.com\/wp-content\/themes\/simproperty\/images\/dummy.png\" alt=\"\">\r\n\r\n\r\n\r\n    <\/div>    \r\n    <div class=\"col-xs-12 col-testimonial-text\">\r\n        <blockquote><p>Many thanks simon for all this and your excellent professionalism<\/p><\/blockquote>\r\n        <p class=\"testimonial-author\">Robyn Harte-Bunting - CZ<\/p>                \r\n    <\/div>\r\n<\/div>  \r\n                        \r\n                    <\/li>\r\n                                        <li class=\"jcarousel-item\">\r\n                        \r\n                        <div class=\"testimonial-box row \">\r\n    <div class=\"col-xs-12 col-testimonial-image text-center\">\r\n\r\n                    <img class=\"img-responsive\" src=\"https:\/\/www.simproperty.com\/wp-content\/themes\/simproperty\/images\/dummy.png\" alt=\"\">\r\n\r\n\r\n\r\n    <\/div>    \r\n    <div class=\"col-xs-12 col-testimonial-text\">\r\n        <blockquote><p>Simon and his team have been excellent throughout all the years I have owned my flat and finally during the sale. The whole process has been efficient, professional and transparent. \r\nI would recommend SimProperty to anyone contemplating owning a property in Eastern Europe.<\/p><\/blockquote>\r\n        <p class=\"testimonial-author\">Marc Amey - CZ & BG<\/p>                \r\n    <\/div>\r\n<\/div>  \r\n                        \r\n                    <\/li>\r\n                     \r\n                <\/ul>\r\n            <\/div>\r\n\r\n            <script>\r\n                jQuery(document).ready(function ($) {\r\n                     \r\n                    $('#testimonial-slider-1').on('jcarousel:create jcarousel:reload', function () {\r\n\r\n                        var carousel = $(this);\r\n                        width = carousel.innerWidth();\r\n                        carousel.jcarousel('items').css('width', width + 'px');\r\n\r\n                    }).jcarousel({\r\n                        wrap: 'circular'                        \r\n                    });\r\n                    \r\n                    $('.testimonial-slider').jcarouselAutoscroll({\r\n                        autostart: true,\r\n                        interval: 5000                    });                    \r\n                })\r\n            <\/script>\r\n\r\n            \n<div class=\"clearfix\"><\/div><\/div><\/div> <\/div>\n<\/div> <\/div>\n<\/div><!-- \/wpb-row row --><\/div><!-- \/cointainer fluid or cointainer --><\/div><!-- \/row-wrap -->\n","protected":false},"excerpt":{"rendered":"W efektywnym zarz\u0105dzaniu najmem w 4 krajach pomaga nam autorskie oprogramowanie, kt\u00f3re zosta\u0142o napisane specjalnie dla naszej firmy. www.rentflow.io Dost\u0119p do niego maj\u0105 r\u00f3wnie\u017c w\u0142a\u015bciciele nieruchomo\u015bci, kt\u00f3rymi zarz\u0105dzamy, co znacznie usprawnia komunikacj\u0119 na linii klient \u2013 opiekun mieszkania i sprawia, \u017ce wszystkie nasze dzia\u0142ania s\u0105 przejrzyste. W efektywnym zarz\u0105dzaniu najmem w 4 krajach pomaga nam [...]","protected":false},"author":6,"featured_media":0,"parent":2632,"menu_order":0,"comment_status":"closed","ping_status":"open","template":"","meta":[],"aioseo_notices":[],"_links":{"self":[{"href":"https:\/\/www.simproperty.com\/pl\/wp-json\/wp\/v2\/pages\/3046"}],"collection":[{"href":"https:\/\/www.simproperty.com\/pl\/wp-json\/wp\/v2\/pages"}],"about":[{"href":"https:\/\/www.simproperty.com\/pl\/wp-json\/wp\/v2\/types\/page"}],"author":[{"embeddable":true,"href":"https:\/\/www.simproperty.com\/pl\/wp-json\/wp\/v2\/users\/6"}],"replies":[{"embeddable":true,"href":"https:\/\/www.simproperty.com\/pl\/wp-json\/wp\/v2\/comments?post=3046"}],"version-history":[{"count":15,"href":"https:\/\/www.simproperty.com\/pl\/wp-json\/wp\/v2\/pages\/3046\/revisions"}],"predecessor-version":[{"id":15786,"href":"https:\/\/www.simproperty.com\/pl\/wp-json\/wp\/v2\/pages\/3046\/revisions\/15786"}],"up":[{"embeddable":true,"href":"https:\/\/www.simproperty.com\/pl\/wp-json\/wp\/v2\/pages\/2632"}],"wp:attachment":[{"href":"https:\/\/www.simproperty.com\/pl\/wp-json\/wp\/v2\/media?parent=3046"}],"curies":[{"name":"wp","href":"https:\/\/api.w.org\/{rel}","templated":true}]}}