{"id":2972,"date":"2019-09-13T11:05:00","date_gmt":"2019-09-13T10:05:00","guid":{"rendered":"http:\/\/simproperty.com\/pl\/?page_id=2972"},"modified":"2021-02-01T13:50:53","modified_gmt":"2021-02-01T12:50:53","slug":"hipoteki","status":"publish","type":"page","link":"https:\/\/www.simproperty.com\/pl\/hipoteki\/","title":{"rendered":"Produkty hipoteczne"},"content":{"rendered":"<div class=\"row-wrap \"><!-- row-wrap --><div class=\"container\"><!-- cointainer --><div class=\"wpb-row row     \"><!-- wpb-row row --><div class=\"wpb-column col-md-12        \" style=\"height:px\"><div class=\"wpb-column-text column-text  \"><!-- wpb-column-text --><h2 style=\"text-align: center;\">Kredyty hipoteczne<\/h2>\n<p>Sim Property oferuje produkty hipoteczne w Polsce adresowane do w\u0142a\u015bcicieli mieszka\u0144 i inwestor\u00f3w. W naszej ofercie znajduje si\u0119 takie produkty jak:<\/p>\n<ul>\n<li>Kredyty hipoteczne na zakup nowej nieruchomo\u015bci<\/li>\n<li>Kredyty hipoteczne dla cudzoziemc\u00f3w<\/li>\n<li>Po\u017cyczki hipoteczne<\/li>\n<li>Refinansowanie<\/li>\n<\/ul>\n<p>Klientom, kt\u00f3rzy maj\u0105 problem ze sp\u0142at\u0105 kredytu, pomagamy w negocjacjach z bankiem. Negocjacje te obejmuj\u0105 zmian\u0119 warunk\u00f3w kredytu, przej\u0119cie nieruchomo\u015bci przez bank oraz umorzenie d\u0142ugu pozosta\u0142ego po sprzeda\u017cy lub przej\u0119ciu nieruchomo\u015bci.<\/p>\n<p><a href=https:\/\/www.simproperty.com\/pl\/kontakt\/>Skontaktuj si\u0119 z nami<\/a> je\u015bli jeste\u015b zainteresowany nasz\u0105 ofert\u0105 us\u0142ug finansowych dla nieruchomo\u015bci lub planujesz sprzeda\u017c nieruchomo\u015bci, a warto\u015b\u0107 hipoteki przewy\u017csza jej warto\u015b\u0107 rynkow\u0105.<\/p>\n<\/div><!-- \/wpb-column-text --> <\/div>\n<\/div><!-- \/wpb-row row --><\/div><!-- \/cointainer fluid or cointainer --><\/div><!-- \/row-wrap -->\n","protected":false},"excerpt":{"rendered":"Kredyty hipoteczne Sim Property oferuje produkty hipoteczne w Polsce adresowane do w\u0142a\u015bcicieli mieszka\u0144 i inwestor\u00f3w. W naszej ofercie znajduje si\u0119 takie produkty jak: Kredyty hipoteczne na zakup nowej nieruchomo\u015bci Kredyty hipoteczne dla cudzoziemc\u00f3w Po\u017cyczki hipoteczne Refinansowanie Klientom, kt\u00f3rzy maj\u0105 problem ze sp\u0142at\u0105 kredytu, pomagamy w negocjacjach z bankiem. Negocjacje te obejmuj\u0105 zmian\u0119 warunk\u00f3w kredytu, przej\u0119cie [...]","protected":false},"author":6,"featured_media":0,"parent":0,"menu_order":0,"comment_status":"closed","ping_status":"open","template":"","meta":[],"aioseo_notices":[],"_links":{"self":[{"href":"https:\/\/www.simproperty.com\/pl\/wp-json\/wp\/v2\/pages\/2972"}],"collection":[{"href":"https:\/\/www.simproperty.com\/pl\/wp-json\/wp\/v2\/pages"}],"about":[{"href":"https:\/\/www.simproperty.com\/pl\/wp-json\/wp\/v2\/types\/page"}],"author":[{"embeddable":true,"href":"https:\/\/www.simproperty.com\/pl\/wp-json\/wp\/v2\/users\/6"}],"replies":[{"embeddable":true,"href":"https:\/\/www.simproperty.com\/pl\/wp-json\/wp\/v2\/comments?post=2972"}],"version-history":[{"count":9,"href":"https:\/\/www.simproperty.com\/pl\/wp-json\/wp\/v2\/pages\/2972\/revisions"}],"predecessor-version":[{"id":15503,"href":"https:\/\/www.simproperty.com\/pl\/wp-json\/wp\/v2\/pages\/2972\/revisions\/15503"}],"wp:attachment":[{"href":"https:\/\/www.simproperty.com\/pl\/wp-json\/wp\/v2\/media?parent=2972"}],"curies":[{"name":"wp","href":"https:\/\/api.w.org\/{rel}","templated":true}]}}