{"id":2664,"date":"2019-09-13T11:04:57","date_gmt":"2019-09-13T10:04:57","guid":{"rendered":"http:\/\/simproperty.com\/pl\/?page_id=2664"},"modified":"2023-01-09T08:43:31","modified_gmt":"2023-01-09T07:43:31","slug":"kontakt","status":"publish","type":"page","link":"https:\/\/www.simproperty.com\/pl\/kontakt\/","title":{"rendered":"Kontakt"},"content":{"rendered":"<div class=\"row-wrap \"><!-- row-wrap --><div class=\"container\"><!-- cointainer --><div class=\"wpb-row row     \"><!-- wpb-row row --><div class=\"wpb-column col-md-6        \" style=\"height:px\">\n<div class=\"wpcf7 no-js\" id=\"wpcf7-f2864-o1\" lang=\"pl-PL\" dir=\"ltr\">\n<div class=\"screen-reader-response\"><p role=\"status\" aria-live=\"polite\" aria-atomic=\"true\"><\/p> <ul><\/ul><\/div>\n<form action=\"\/pl\/wp-json\/wp\/v2\/pages\/2664#wpcf7-f2864-o1\" method=\"post\" class=\"wpcf7-form init\" aria-label=\"Formularz kontaktowy\" novalidate=\"novalidate\" data-status=\"init\">\n<div style=\"display: none;\">\n<input type=\"hidden\" name=\"_wpcf7\" value=\"2864\" \/>\n<input type=\"hidden\" name=\"_wpcf7_version\" value=\"5.7.3\" \/>\n<input type=\"hidden\" name=\"_wpcf7_locale\" value=\"pl_PL\" \/>\n<input type=\"hidden\" name=\"_wpcf7_unit_tag\" value=\"wpcf7-f2864-o1\" \/>\n<input type=\"hidden\" name=\"_wpcf7_container_post\" value=\"0\" \/>\n<input type=\"hidden\" name=\"_wpcf7_posted_data_hash\" value=\"\" \/>\n<input type=\"hidden\" name=\"_wpcf7_recaptcha_response\" value=\"\" \/>\n<\/div>\n<p>Imi\u0119 i nazwisko*<br \/>\n    <span class=\"wpcf7-form-control-wrap\" data-name=\"your-name\"><input size=\"40\" class=\"wpcf7-form-control wpcf7-text wpcf7-validates-as-required\" aria-required=\"true\" aria-invalid=\"false\" value=\"\" type=\"text\" name=\"your-name\" \/><\/span> <\/p>\n\n<p>Email *<br \/>\n    <span class=\"wpcf7-form-control-wrap\" data-name=\"your-email\"><input size=\"40\" class=\"wpcf7-form-control wpcf7-text wpcf7-email wpcf7-validates-as-required wpcf7-validates-as-email\" aria-required=\"true\" aria-invalid=\"false\" value=\"\" type=\"email\" name=\"your-email\" \/><\/span> <\/p>\n\n<p>Telefon<br \/>\n    <span class=\"wpcf7-form-control-wrap\" data-name=\"your-phone\"><input size=\"40\" class=\"wpcf7-form-control wpcf7-text wpcf7-tel wpcf7-validates-as-tel\" aria-invalid=\"false\" value=\"\" type=\"tel\" name=\"your-phone\" \/><\/span> <\/p>\n\n<p>Wiadomo\u015b\u0107<br \/>\n    <span class=\"wpcf7-form-control-wrap\" data-name=\"your-message\"><textarea cols=\"40\" rows=\"10\" class=\"wpcf7-form-control wpcf7-textarea\" aria-invalid=\"false\" name=\"your-message\"><\/textarea><\/span> <\/p>\n\n<p><\/p>\n\n<p><input class=\"wpcf7-form-control has-spinner wpcf7-submit\" type=\"submit\" value=\"Wy\u015blij\" \/><\/p><div class=\"wpcf7-response-output\" aria-hidden=\"true\"><\/div>\n<\/form>\n<\/div>\n <\/div><div class=\"wpb-column col-md-6        \" style=\"height:px\"><div class=\"box-heading \"><!-- box heading --><h3 class=\"box-heading-title\">Siedziba<\/h3><div class=\"box-heading-content-wrap\"><!-- box heading content wrap --><div class=\"box-heading-content\"><!-- box heading content --><h3>Polska<\/h3>\n<p>Paulinska 6, 31-065 Krak\u00f3w,\u00a0Polska<br \/>\n+48 12 341 51 63<\/p>\n<p><iframe loading=\"lazy\" style=\"border: 0;\" src=\"https:\/\/www.google.com\/maps\/embed?pb=!1m14!1m8!1m3!1d10247.903036604119!2d19.9381235!3d50.0492854!3m2!1i1024!2i768!4f13.1!3m3!1m2!1s0x0%3A0x243711c948748f93!2sSim%20Property!5e0!3m2!1spl!2spl!4v1568108515181!5m2!1spl!2spl\" width=\"100%\" height=\"300\" frameborder=\"0\" allowfullscreen=\"allowfullscreen\"><\/iframe><\/p>\n<h3>Republika Czeska<\/h3>\n<p>Ostrovskeho 1190\/17, Praha,\u00a0Republika Czeska<br \/>\n+420 777 940 832<\/p>\n<h3>S\u0142owacja<\/h3>\n<p>Mierov\u00e1 2753\/30A, 093 01 \u00a0Vranov nad Top\u013eou, S\u0142owacja<br \/>\n+421 918 929 112<\/p>\n<h3>Bu\u0142garia<\/h3>\n<p>17A Tvardishki Prohod, Sofia, Bu\u0142garia<br \/>\n+359 879 466 987<\/p>\n<\/div><!-- \/box heading content --><\/div><!-- \/box heading content wrap --><\/div><!-- \/box heading --> <\/div>\n<\/div><!-- \/wpb-row row --><\/div><!-- \/cointainer fluid or cointainer --><\/div><!-- \/row-wrap -->\n","protected":false},"excerpt":{"rendered":"Imi\u0119 i nazwisko* Email * Telefon Wiadomo\u015b\u0107 SiedzibaPolska Paulinska 6, 31-065 Krak\u00f3w,\u00a0Polska +48 12 341 51 63 Republika Czeska Ostrovskeho 1190\/17, Praha,\u00a0Republika Czeska +420 777 940 832 S\u0142owacja Mierov\u00e1 2753\/30A, 093 01 \u00a0Vranov nad Top\u013eou, S\u0142owacja +421 918 929 112 Bu\u0142garia 17A Tvardishki Prohod, Sofia, Bu\u0142garia +359 879 466 987","protected":false},"author":6,"featured_media":0,"parent":0,"menu_order":0,"comment_status":"closed","ping_status":"open","template":"","meta":[],"aioseo_notices":[],"_links":{"self":[{"href":"https:\/\/www.simproperty.com\/pl\/wp-json\/wp\/v2\/pages\/2664"}],"collection":[{"href":"https:\/\/www.simproperty.com\/pl\/wp-json\/wp\/v2\/pages"}],"about":[{"href":"https:\/\/www.simproperty.com\/pl\/wp-json\/wp\/v2\/types\/page"}],"author":[{"embeddable":true,"href":"https:\/\/www.simproperty.com\/pl\/wp-json\/wp\/v2\/users\/6"}],"replies":[{"embeddable":true,"href":"https:\/\/www.simproperty.com\/pl\/wp-json\/wp\/v2\/comments?post=2664"}],"version-history":[{"count":9,"href":"https:\/\/www.simproperty.com\/pl\/wp-json\/wp\/v2\/pages\/2664\/revisions"}],"predecessor-version":[{"id":15741,"href":"https:\/\/www.simproperty.com\/pl\/wp-json\/wp\/v2\/pages\/2664\/revisions\/15741"}],"wp:attachment":[{"href":"https:\/\/www.simproperty.com\/pl\/wp-json\/wp\/v2\/media?parent=2664"}],"curies":[{"name":"wp","href":"https:\/\/api.w.org\/{rel}","templated":true}]}}