{"id":2632,"date":"2019-09-13T11:04:48","date_gmt":"2019-09-13T10:04:48","guid":{"rendered":"http:\/\/simproperty.com\/pl\/?page_id=2632"},"modified":"2023-01-25T08:40:42","modified_gmt":"2023-01-25T07:40:42","slug":"zarzadzanie-najmem","status":"publish","type":"page","link":"https:\/\/www.simproperty.com\/pl\/zarzadzanie-najmem\/","title":{"rendered":"Kompleksowa us\u0142uga zarz\u0105dzania najmem"},"content":{"rendered":"<div class=\"row-wrap \"><!-- row-wrap --><div class=\"container\"><!-- cointainer --><div class=\"wpb-row row padding-t-20    \"><!-- wpb-row row --><div class=\"wpb-column col-md-3        \" style=\"height:px\"><div class=\"box-wrap    box-gradient-blue-white   box-wrap-box-icon-top box-wrap-box-icon-normal \" style=\"height:px\"><div class=\"box-inner \"><span class=\"box-icon-bg box-icon-normal-wrap box-icon-bg-orange box-icon-top\"><i class=\"fa fa-group box-icon-white box-icon-normal\"><\/i><\/span><h3 class=\"box-title  text-center box-icon-top-title box-icon-normal-title \">Zosta\u0144 naszym klientem<\/h3><div class=\"wpb-column-text column-text  \"><!-- wpb-column-text --><p>Wy\u015blij nam informacje na temat swojej nieruchomo\u015bci pod wynajem, a przygotujemy dla Ciebie ofert\u0119 zarz\u0105dzania najmem<\/p>\n<\/div><!-- \/wpb-column-text --><div class=\"text-center\"><a class=\"button     \" href=\"https:\/\/www.simproperty.com\/pl\/kontakt\/\" >Wy\u015blij<\/a><\/div>\n<div class=\"clearfix\"><\/div><\/div><\/div><div class=\"box-wrap       box-wrap-box-icon-top box-wrap-box-icon-normal \" style=\"height:px\"><div class=\"box-inner \"><span class=\"box-icon-bg box-icon-normal-wrap box-icon-bg-orange box-icon-top\"><i class=\"fa fa-magnet box-icon-white box-icon-normal\"><\/i><\/span><h3 class=\"box-title  text-left box-icon-top-title box-icon-normal-title \">Kompleksowe zarz\u0105dzanie najmem<\/h3><div class=\"wpb-column-text column-text  \"><!-- wpb-column-text --><p><strong>Nieruchomo\u015bci. Zarz\u0105dzanie. Profesjonalnie.<\/strong><\/p>\n<ul>\n<li>Us\u0142uga obejmuj\u0105c wszystkie aspekty zarz\u0105dzanej nieruchomo\u015bci<\/li>\n<li>24h dost\u0119p do informacji nt. zarz\u0105dzanej nieruchomo\u015bci<\/li>\n<li>Us\u0142uga oferowana w ponad 20 miastach<\/li>\n<li>Opieka nad najemc\u0105<\/li>\n<li>P\u0142acenie rachunk\u00f3w<\/li>\n<li>Obs\u0142uga techniczna<\/li>\n<li>Ubezpieczenia<\/li>\n<li>Rozliczanie dochodu z najmu<\/li>\n<li>Optymalizacja zysk\u00f3w<\/li>\n<li>Jeden opiekun mieszkanie je\u015bli posiadasz nieruchomo\u015bci w wielu miastach<\/li>\n<\/ul>\n<\/div><!-- \/wpb-column-text -->\n<div class=\"clearfix\"><\/div><\/div><\/div> <\/div><div class=\"wpb-column col-md-9        \" style=\"height:px\"><div class=\"wpb-column-text column-text  \"><!-- wpb-column-text --><p align=\"justify\">W Sim Property zapewniamy naszym Klientom kompleksow\u0105 us\u0142ug\u0119 <strong>zarz\u0105dzania najmem<\/strong>. Obejmuje ona wszystkie aspekty gospodarowania wynajmowan\u0105 nieruchomo\u015bci\u0105.<\/p>\n<p>Zapewniamy:<\/p>\n<ul>\n<li>bezproblemowe posiadanie <a href=\"https:\/\/www.simproperty.com\/pl\/wynajem\/\">nieruchomo\u015bci pod wynajem<\/a>,<\/li>\n<li>utrzymanie nieruchomo\u015bci w dobrym stanie technicznym,<\/li>\n<li>optymalizacj\u0119 koszt\u00f3w,<\/li>\n<li>najlepsze rozwi\u0105zania w zakresie sprzeda\u017cy nieruchomo\u015bci i re-inwestowania kapita\u0142u.<br \/>\n<a href=\"https:\/\/simproperty.com\/wp-content\/uploads\/2015\/01\/sim-management-locations2.png\"><img decoding=\"async\" loading=\"lazy\" class=\" wp-image-1541 alignright\" src=\"https:\/\/simproperty.com\/wp-content\/uploads\/2015\/01\/sim-management-locations2-300x265.png\" alt=\"sim-property-management-locations2\" width=\"219\" height=\"193\" srcset=\"https:\/\/www.simproperty.com\/wp-content\/uploads\/2015\/01\/sim-management-locations2-300x265.png 300w, https:\/\/www.simproperty.com\/wp-content\/uploads\/2015\/01\/sim-management-locations2-14x11.png 14w, https:\/\/www.simproperty.com\/wp-content\/uploads\/2015\/01\/sim-management-locations2.png 410w\" sizes=\"(max-width: 219px) 100vw, 219px\" \/><\/a><\/li>\n<\/ul>\n<p align=\"justify\">Mo\u017cesz nas znale\u017a\u0107 w najwi\u0119kszych miastach w Polsce (<strong>Warszawa, Krak\u00f3w, Wroc\u0142aw, \u0141\u00f3d\u017a<\/strong>, Katowice, Pozna\u0144, Lublin). W ka\u017cdym z nich mamy swoich wykwalifikowanych pracownik\u00f3w i zaufan\u0105 baz\u0119 wykonawc\u00f3w w zakresie obs\u0142ugi technicznej.<\/p>\n<h2><strong>Zarz\u0105dzanie najmem w imieniu w\u0142a\u015bciciela <\/strong><\/h2>\n<p>W tym modelu dzia\u0142amy na podstawie pe\u0142nomocnictwa udzielonego nam przez w\u0142a\u015bciciela nieruchomo\u015bci. To kompleksowa us\u0142uga obejmuj\u0105ca wszystkie aspekty zarz\u0105dzania mieszkaniem zwi\u0105zane ze znalezieniem najemcy i p\u00f3\u017aniejsz\u0105 obs\u0142ug\u0105 wynajmowanego ju\u017c mieszkania \u2026.<\/p>\n<p>Do naszych obowi\u0105zk\u00f3w nale\u017cy m.in. znalezienie i weryfikacja\u00a0 najemcy, negocjowanie warunk\u00f3w i podpisanie umowy najmu, przekazanie lokalu najemcy, odbi\u00f3r czynszu i kaucji od najemcy, a tak\u017ce monitorowanie tych p\u0142atno\u015bci i ich windykacja; organizowanie napraw niezb\u0119dnych do prawid\u0142owego funkcjonowania nieruchomo\u015bci, op\u0142acanie wszystkich rachunk\u00f3w, rozliczanie medi\u00f3w i kaucji, prowadzenie komunikacji i negocjacji z najemc\u0105, przechowywanie dokument\u00f3w nieruchomo\u015bci , a tak\u017ce opcjonalnie zorganizowanie ubezpieczenie nieruchomo\u015bci oraz rozliczanie i op\u0142acenie podatku od najmu.<\/p>\n<p>Nasz schemat dzia\u0142ania jest bardzo prosty &#8211; najemca p\u0142aci czynsz do <a href=\"https:\/\/www.simproperty.com\/pl\/kontakt\/\">Sim Property<\/a>, my op\u0142acamy wszystkie rachunki zwi\u0105zane z nieruchomo\u015bci\u0105, a pozosta\u0142e \u015brodki przekazujemy na konto w\u0142a\u015bciciela.<\/p>\n<p>W\u0142a\u015bciciel jest na bie\u017c\u0105co informowany o wszystkich naszych dzia\u0142aniach, zatwierdza koszty napraw czy warunki umowy najmu. Dodatkowo zawsze\u00a0 mo\u017ce \u015bledzi\u0107 wszystkie informacje finansowe dotycz\u0105ce swojej\/ swoich\u00a0 nieruchomo\u015bci oraz umowy najmu po zalogowaniu si\u0119 do panelu klienta.<\/p>\n<p><strong>Co zyskuje w\u0142a\u015bciciel nieruchomo\u015bci?<\/strong><\/p>\n<ul>\n<li><strong>Nieruchomo\u015b\u0107 jest zarz\u0105dzana przez profesjonaln\u0105, rzeteln\u0105 i do\u015bwiadczon\u0105 firm\u0119<\/strong><\/li>\n<li><strong>Kompleksow\u0105 us\u0142ug\u0119 obejmuj\u0105c\u0105 wszystkie aspekty zarz\u0105dzania najmem<\/strong><\/li>\n<li><strong>Kontrol\u0119 i decyzyjno\u015b\u0107 <\/strong><\/li>\n<li><strong>Sta\u0142y dost\u0119p do wszystkich informacji nt. swojej nieruchomo\u015bci<\/strong><\/li>\n<li><strong>Jednego opiekuna mieszkania niezalenie od liczby posiadanych mieszka\u0144 na wynajem i ich lokalizacji <\/strong><\/li>\n<li><strong>Maksymalizacj\u0119 zysk\u00f3w <\/strong><\/li>\n<\/ul>\n<p>To oferta skierowana do w\u0142a\u015bcicieli mieszka\u0144, kt\u00f3rym szczeg\u00f3lnie zale\u017cy na kontrolowaniu i decyzyjno\u015bci w sprawie zarz\u0105dzania najmem swojej nieruchomo\u015bci. Jednocze\u015bnie wszystkie czynno\u015bci s\u0105 wykonywane w imieniu w\u0142a\u015bciciela, oszcz\u0119dzaj\u0105c czas i pieni\u0105dze. Je\u015bli taki model zarz\u0105dzania najmem jest tym, czego szukasz &#8211; <a href=\"https:\/\/www.simproperty.com\/pl\/kontakt\/\">Skontaktuj si\u0119 z nami<\/a><\/p>\n<\/div><!-- \/wpb-column-text --><div class=\"wpb-column-text column-text  \"><!-- wpb-column-text --><h2><strong>Czynsz gwarantowany<\/strong><\/h2>\n<p>W tym modelu zarz\u0105dzania najmem g\u0142\u00f3wnym najemc\u0105 nieruchomo\u015bci jeste\u015bmy my &#8211;\u00a0 umowa najmu zawierana jest mi\u0119dzy w\u0142a\u015bcicielem a Sim Property.\u00a0 Jest to umowa d\u0142ugoterminowa, zwykle podpisywana na okres 3-5 lat. Czynsz p\u0142acony jest regularnie, co miesi\u0105c, w ustalonej sta\u0142ej kwocie, niezale\u017cnie od tego czy mieszkanie jest wynaj\u0119te czy puste. Wszelkie ryzyko bierzemy na siebie.<\/p>\n<p>Sim Property odpowiada r\u00f3wnie\u017c za dokonywanie wszelkich op\u0142at za\u00a0 mieszkanie, w tym op\u0142at do sp\u00f3\u0142dzielni lub wsp\u00f3lnoty oraz op\u0142at za media.\u00a0 Umowy na media przepisywane s\u0105 na SIM, tak\u017ce w\u0142a\u015bciciel nie ponosi \u017cadnych koszt\u00f3w zwi\u0105zanych z eksploatacj\u0105 mieszkania.<\/p>\n<p>W ca\u0142o\u015bci bierzemy r\u00f3wnie\u017c na siebie odpowiedzialno\u015b\u0107 za dba\u0142o\u015b\u0107 o stan techniczny mieszkania oraz naprawy wynikaj\u0105ce z normalnego u\u017cytkowania.<\/p>\n<p>Z racji tego, \u017ce mieszkanie jest wynajmowane przez SIM innym osobom, od w\u0142a\u015bcicieli wymagamy tylko udzielenia zgody na podnajem. Jest to prosty zapis w umowie najmu.<\/p>\n<p><strong>Co zyskuje w\u0142a\u015bciciel nieruchomo\u015bci?<\/strong><\/p>\n<ul>\n<li><strong>Sta\u0142y gwarantowany doch\u00f3d z najmu niezale\u017cnie od tego czy mieszkanie jest puste czy wynaj\u0119te<\/strong><\/li>\n<li><strong>D\u0142ugoterminowego, rzetelnego najemc\u0119<\/strong><\/li>\n<li><strong>Mieszkanie jest zarz\u0105dzane przez profesjonaln\u0105, do\u015bwiadczon\u0105 firm\u0119 bez dodatkowych op\u0142at za zarz\u0105dzanie<\/strong><\/li>\n<li><strong>Brak ryzyka zwi\u0105zanego ze znalezieniem najemcy, a co za tym idzie pustostanu<\/strong><\/li>\n<li><strong>Brak op\u0142aty za znalezienie najemcy <\/strong><\/li>\n<li><strong>Rachunki zwi\u0105zane z eksploatacj\u0105 s\u0105 op\u0142acane przez firm\u0119 zarz\u0105dzaj\u0105c\u0105 <\/strong><\/li>\n<li><strong>Bie\u017c\u0105ce naprawy s\u0105 organizowane i pokrywane przez firm\u0119 zarz\u0105dzaj\u0105c\u0105 <\/strong><\/li>\n<li><strong>Optymalizacja najmu<\/strong><\/li>\n<\/ul>\n<p>To oferta skierowana do w\u0142a\u015bcicieli mieszka\u0144, kt\u00f3rym szczeg\u00f3lnie zale\u017cy na zminimalizowaniu ryzyka zwi\u0105zanego z niep\u0142ac\u0105cym najemc\u0105 lub przestojami w wynajmie.\u00a0 Je\u015bli jeste\u015b jednym z nich <a href=https:\/\/www.simproperty.com\/pl\/kontakt\/>skontaktuj si\u0119 z nami<\/a> ju\u017c dzi\u015b.<\/p>\n<\/div><!-- \/wpb-column-text --><div class=\"wpb-row row      \"><div class=\"wpb-column col-md-12        \" style=\"height:px\"><div class=\"box-wrap        box-wrap-no-icon \" style=\"height:px\"><div class=\"box-inner \"><h3 class=\"box-title  text-center box-icon-top-title box-icon-normal-title \">Co m\u00f3wi\u0105 nasi klienci<\/h3>\r\n            <div id=\"testimonial-slider-3\" class=\"testimonial-slider \">\r\n                <ul>\r\n                                    <li class=\"jcarousel-item\">\r\n                        \r\n                        <div class=\"testimonial-box row \">\r\n    <div class=\"col-xs-12 col-testimonial-image text-center\">\r\n\r\n                    <img class=\"img-responsive\" src=\"https:\/\/www.simproperty.com\/wp-content\/themes\/simproperty\/images\/dummy.png\" alt=\"\">\r\n\r\n\r\n\r\n    <\/div>    \r\n    <div class=\"col-xs-12 col-testimonial-text\">\r\n        <blockquote><p>Hi Simon,\r\nEverything is fine with the service and its as I prefer - pretty hands off for me.  I especially appreciate the assistance that I had this year with tax preparation.  Anna was very understanding and helpful.  \r\nHappy Christmas and best regards,\r\nKevin<\/p><\/blockquote>\r\n        <p class=\"testimonial-author\">Kevin Hay - Warsaw, PL<\/p>                \r\n    <\/div>\r\n<\/div>  \r\n                        \r\n                    <\/li>\r\n                                        <li class=\"jcarousel-item\">\r\n                        \r\n                        <div class=\"testimonial-box row \">\r\n    <div class=\"col-xs-12 col-testimonial-image text-center\">\r\n\r\n                    <img class=\"img-responsive\" src=\"https:\/\/www.simproperty.com\/wp-content\/themes\/simproperty\/images\/dummy.png\" alt=\"\">\r\n\r\n\r\n\r\n    <\/div>    \r\n    <div class=\"col-xs-12 col-testimonial-text\">\r\n        <blockquote><p>Wspaniale Magdalena, to jest dok\u0142adnie takie zarz\u0105dzanie nieruchomo\u015bciami o jakie mi chodzi\u0142o. SIM jest najlepszy! W przeciwie\u0144stwie do niekt\u00f3rych innych firm zarz\u0105dzaj\u0105cych w innych krajach! Jeste\u015b na topie! Zmiana najemcy wysz\u0142a na dobre, bo mogli\u015bmy dok\u0142adnie obejrze\u0107 puste mieszkanie i dokona\u0107 rutynowych napraw konserwacyjnych. Ple\u015b\u0144 zosta\u0142a usuni\u0119ta w dobrym momencie!\r\nPozdrawiam Jurek<\/p><\/blockquote>\r\n        <p class=\"testimonial-author\">Jurek Jankowski - Krak\u00f3w, PL<\/p>                \r\n    <\/div>\r\n<\/div>  \r\n                        \r\n                    <\/li>\r\n                                        <li class=\"jcarousel-item\">\r\n                        \r\n                        <div class=\"testimonial-box row \">\r\n    <div class=\"col-xs-12 col-testimonial-image text-center\">\r\n\r\n                    <img class=\"img-responsive\" src=\"https:\/\/www.simproperty.com\/wp-content\/themes\/simproperty\/images\/dummy.png\" alt=\"\">\r\n\r\n\r\n\r\n    <\/div>    \r\n    <div class=\"col-xs-12 col-testimonial-text\">\r\n        <blockquote><p>Cze\u015b\u0107 Jaroslava, Tak przy okazji, my\u015bl\u0119, \u017ce robisz \u015bwietn\u0105 robot\u0119 w Sim Property, poniewa\u017c NIGDY nie wiedzia\u0142em tak du\u017co o tym, co si\u0119 dzieje z moim mieszkaniem !! Mi\u0142ego weekendu!! Rgds..Bill<\/p><\/blockquote>\r\n        <p class=\"testimonial-author\">Bill Bruce - Praga, CZ<\/p>                \r\n    <\/div>\r\n<\/div>  \r\n                        \r\n                    <\/li>\r\n                                        <li class=\"jcarousel-item\">\r\n                        \r\n                        <div class=\"testimonial-box row \">\r\n    <div class=\"col-xs-12 col-testimonial-image text-center\">\r\n\r\n                    <img class=\"img-responsive\" src=\"https:\/\/www.simproperty.com\/wp-content\/themes\/simproperty\/images\/dummy.png\" alt=\"\">\r\n\r\n\r\n\r\n    <\/div>    \r\n    <div class=\"col-xs-12 col-testimonial-text\">\r\n        <blockquote><p>Sim Property okaza\u0142a si\u0119 szczeg\u00f3lnie pomocna w znalezieniu dobrych inwestycji we Wroc\u0142awiu i zarz\u0105dzaniu nimi. Ich system do zarz\u0105dzania najmem jest najnowocze\u015bniejszy i pomaga w utrzymaniu kontroli nad sytuacj\u0105 na odleg\u0142o\u015b\u0107. Sim Property  reaguje na wszelkie zdarzenia, aby nie trzeba by\u0142o si\u0119 o nic martwi\u0107. Podsumowuj\u0105c, nie rozwa\u017ca\u0142bym inwestowania w Polsce bez wyj\u0105tkowego wsparcia Sim Property. Patrick L, Francja<\/p><\/blockquote>\r\n        <p class=\"testimonial-author\">Patrick Laredo - Wroc\u0142aw, PL<\/p>                \r\n    <\/div>\r\n<\/div>  \r\n                        \r\n                    <\/li>\r\n                                        <li class=\"jcarousel-item\">\r\n                        \r\n                        <div class=\"testimonial-box row \">\r\n    <div class=\"col-xs-12 col-testimonial-image text-center\">\r\n\r\n                    <img class=\"img-responsive\" src=\"https:\/\/www.simproperty.com\/wp-content\/themes\/simproperty\/images\/dummy.png\" alt=\"\">\r\n\r\n\r\n\r\n    <\/div>    \r\n    <div class=\"col-xs-12 col-testimonial-text\">\r\n        <blockquote><p>Jestem inwestorem z Wielkiej Brytanii, a Sim Property to trzecia firma, kt\u00f3ra zarz\u0105dza moimi nieruchomo\u015bciami w Polsce.  Obs\u0142uga, kt\u00f3r\u0105 otrzyma\u0142em od SIM  jest absolutnie pierwsza klasa i znacznie lepsza ni\u017c te \u015bwiadczone przez dwie pozosta\u0142e firmy, kt\u00f3re r\u00f3wnie\u017c s\u0105 du\u017cymi nazwiskami w bran\u017cy. Poniewa\u017c nie znam j\u0119zyka polskiego, wa\u017cne jest dla mnie, aby osoba zajmuj\u0105ca si\u0119 moimi nieruchomo\u015bciami pos\u0142ugiwa\u0142a si\u0119 bardzo dobrze j\u0119zykiem angielskim.  Anna Grybel-Kloc jest moim g\u0142\u00f3wnym kontaktem, a jej angielski zar\u00f3wno w mowie jak  i w pi\u015bmie jest niemal bezb\u0142\u0119dny. Inni pracownicy Sim Property, z kt\u00f3rymi rozmawia\u0142em, r\u00f3wnie\u017c doskonale m\u00f3wi\u0105 po angielsku. Ich angielski jest znacznie lepszy ni\u017c ten, z kt\u00f3rym si\u0119 spotka\u0142am w innych firmach zarz\u0105dzaj\u0105cych najmem, a tak\u017ce w moim polskim banku. Zar\u00f3wno Simon Tweddle, jak i Anna Grybel-Kloc SIM byli bardzo pomocni w ci\u0105gu ostatnich trzech lat i zawsze reagowali szybko na e-maile i niejednokrotnie robili wi\u0119cej ni\u017c s\u0105 zobowi\u0105zani na podstawie warunk\u00f3w umowy. Co wi\u0119cej,  to bardzo mili ludzie! Z pewno\u015bci\u0105 poleci\u0142bym  Sim Property i da\u0142bym mu ocen\u0119 10\/10.<\/p><\/blockquote>\r\n        <p class=\"testimonial-author\">David Bradshaw - Warszawa, PL<\/p>                \r\n    <\/div>\r\n<\/div>  \r\n                        \r\n                    <\/li>\r\n                     \r\n                <\/ul>\r\n            <\/div>\r\n\r\n            <script>\r\n                jQuery(document).ready(function ($) {\r\n                     \r\n                    $('#testimonial-slider-3').on('jcarousel:create jcarousel:reload', function () {\r\n\r\n                        var carousel = $(this);\r\n                        width = carousel.innerWidth();\r\n                        carousel.jcarousel('items').css('width', width + 'px');\r\n\r\n                    }).jcarousel({\r\n                        wrap: 'circular'                        \r\n                    });\r\n                    \r\n                    $('.testimonial-slider').jcarouselAutoscroll({\r\n                        autostart: true,\r\n                        interval: 5000                    });                    \r\n                })\r\n            <\/script>\r\n\r\n            \n<div class=\"clearfix\"><\/div><\/div><\/div> <\/div>\n<\/div><div class=\"box-heading \"><!-- box heading --><h3 class=\"box-heading-title\">Kompleksowe us\u0142ugi na rynku nieruchomo\u015bci<\/h3><div class=\"box-heading-content-wrap\"><!-- box heading content wrap --><div class=\"box-heading-content\"><!-- box heading content --><p>Opr\u00f3cz zarz\u0105dzania najmem oferujemy r\u00f3wnie\u017c nast\u0119puj\u0105ce us\u0142ugi:<\/p>\n<ul>\n<li>Wyszukiwanie nieruchomo\u015bci pod wynajem<\/li>\n<li>Przygotowanie nieruchomo\u015bci pod wynajem<\/li>\n<li>Wyko\u0144czenia wn\u0119trz i remonty<\/li>\n<li>Umeblowanie<\/li>\n<li>Kredyty hipoteczne<\/li>\n<li>Wynajem nieruchomo\u015bci<\/li>\n<li>Sprzeda\u017c nieruchomo\u015bci<\/li>\n<\/ul>\n<\/div><!-- \/box heading content --><\/div><!-- \/box heading content wrap --><\/div><!-- \/box heading --> <\/div>\n<\/div><!-- \/wpb-row row --><\/div><!-- \/cointainer fluid or cointainer --><\/div><!-- \/row-wrap -->\n","protected":false},"excerpt":{"rendered":"Zosta\u0144 naszym klientemWy\u015blij nam informacje na temat swojej nieruchomo\u015bci pod wynajem, a przygotujemy dla Ciebie ofert\u0119 zarz\u0105dzania najmem Wy\u015blij Kompleksowe zarz\u0105dzanie najmemNieruchomo\u015bci. Zarz\u0105dzanie. Profesjonalnie. Us\u0142uga obejmuj\u0105c wszystkie aspekty zarz\u0105dzanej nieruchomo\u015bci 24h dost\u0119p do informacji nt. zarz\u0105dzanej nieruchomo\u015bci Us\u0142uga oferowana w ponad 20 miastach Opieka nad najemc\u0105 P\u0142acenie rachunk\u00f3w Obs\u0142uga techniczna Ubezpieczenia Rozliczanie dochodu z najmu [...]","protected":false},"author":6,"featured_media":0,"parent":0,"menu_order":0,"comment_status":"closed","ping_status":"open","template":"","meta":[],"aioseo_notices":[],"_links":{"self":[{"href":"https:\/\/www.simproperty.com\/pl\/wp-json\/wp\/v2\/pages\/2632"}],"collection":[{"href":"https:\/\/www.simproperty.com\/pl\/wp-json\/wp\/v2\/pages"}],"about":[{"href":"https:\/\/www.simproperty.com\/pl\/wp-json\/wp\/v2\/types\/page"}],"author":[{"embeddable":true,"href":"https:\/\/www.simproperty.com\/pl\/wp-json\/wp\/v2\/users\/6"}],"replies":[{"embeddable":true,"href":"https:\/\/www.simproperty.com\/pl\/wp-json\/wp\/v2\/comments?post=2632"}],"version-history":[{"count":28,"href":"https:\/\/www.simproperty.com\/pl\/wp-json\/wp\/v2\/pages\/2632\/revisions"}],"predecessor-version":[{"id":15749,"href":"https:\/\/www.simproperty.com\/pl\/wp-json\/wp\/v2\/pages\/2632\/revisions\/15749"}],"wp:attachment":[{"href":"https:\/\/www.simproperty.com\/pl\/wp-json\/wp\/v2\/media?parent=2632"}],"curies":[{"name":"wp","href":"https:\/\/api.w.org\/{rel}","templated":true}]}}