{"id":2968,"date":"2016-06-21T17:09:35","date_gmt":"2016-06-21T16:09:35","guid":{"rendered":"http:\/\/simproperty.com\/cs\/?page_id=2968"},"modified":"2021-02-01T13:54:23","modified_gmt":"2021-02-01T12:54:23","slug":"hypoteky","status":"publish","type":"page","link":"https:\/\/www.simproperty.com\/cs\/hypoteky\/","title":{"rendered":"Hypot\u00e9ky"},"content":{"rendered":"<div class=\"row-wrap \"><!-- row-wrap --><div class=\"container\"><!-- cointainer --><div class=\"wpb-row row     \"><!-- wpb-row row --><div class=\"wpb-column col-md-12        \" style=\"height:px\"><div class=\"wpb-column-text column-text  \"><!-- wpb-column-text --><h1 style=\"text-align: center;\">Hypot\u00e9ky<\/h1>\n<p>Sim Property nab\u00edz\u00ed sv\u00fdm klient\u016fm kompletn\u00ed a ucelenou nab\u00eddku hypot\u00e9k dostupn\u00fdch v \u010cesk\u00e9 republice.<\/p>\n<p>V\u017edy se sna\u017e\u00edme za\u0159\u00eddit pro v\u00e1s ty nejlep\u0161\u00ed podm\u00ednky, kter\u00e9 v\u00e1m budou vyhovovat. A\u0165 u\u017e jste investor nebo vlastn\u00edk nemovitosti.<\/p>\n<ul>\n<li>Nov\u00e1 hypot\u00e9ka, kdy\u017e kupujete nemovitost<\/li>\n<li>Hypot\u00e9ka pro cizince, s p\u0159\u00edjmem ze zahrani\u010d\u00ed nebo v r\u00e1mci \u010cR<\/li>\n<li>Hypot\u00e9ka stylem Kup a pronajmi, pro investory bez prokazateln\u00e9ho p\u0159\u00edjmu<\/li>\n<li>Refinancov\u00e1n\u00ed hypot\u00e9ky pro z\u00edsk\u00e1n\u00ed lep\u0161\u00edch podm\u00ednek ne\u017e kter\u00e9 moment\u00e1ln\u011b m\u00e1te<\/li>\n<li>Refinancov\u00e1n\u00ed pro z\u00edsk\u00e1n\u00ed dodate\u010dn\u00fdch pen\u011bz pro investici do dal\u0161\u00ed nemovitosti<\/li>\n<\/ul>\n<p>Pokud prod\u00e1v\u00e1te va\u0161i nemovitost m\u011bli byste n\u00e1s kontaktovat, abychom spole\u010dn\u011b na\u0161li nejlep\u0161\u00ed zp\u016fsob pro doplacen\u00ed va\u0161\u00ed hypot\u00e9ky (takov\u00e1 rada m\u016f\u017ee b\u00fdt kritick\u00e1, proto\u017ee n\u011bkter\u00e9 banky \u00fa\u010dtuj\u00ed vysok\u00e9 poplatky za p\u0159ed\u010dasn\u00e9 splacen\u00ed \u00fav\u011bru)<\/p>\n<p><a href=https:\/\/www.simproperty.com\/cs\/kontakt\/>Kontaktujte n\u00e1s<\/a> a z\u00edskejte ZDARMA n\u00e1vrh hypot\u00e9ky, kter\u00fd v\u00e1s k ni\u010demu nezavazuje.<\/p>\n<\/div><!-- \/wpb-column-text --> <\/div>\n<\/div><!-- \/wpb-row row --><\/div><!-- \/cointainer fluid or cointainer --><\/div><!-- \/row-wrap -->\n","protected":false},"excerpt":{"rendered":"Hypot\u00e9ky Sim Property nab\u00edz\u00ed sv\u00fdm klient\u016fm kompletn\u00ed a ucelenou nab\u00eddku hypot\u00e9k dostupn\u00fdch v \u010cesk\u00e9 republice. V\u017edy se sna\u017e\u00edme za\u0159\u00eddit pro v\u00e1s ty nejlep\u0161\u00ed podm\u00ednky, kter\u00e9 v\u00e1m budou vyhovovat. A\u0165 u\u017e jste investor nebo vlastn\u00edk nemovitosti. Nov\u00e1 hypot\u00e9ka, kdy\u017e kupujete nemovitost Hypot\u00e9ka pro cizince, s p\u0159\u00edjmem ze zahrani\u010d\u00ed nebo v r\u00e1mci \u010cR Hypot\u00e9ka stylem Kup a [...]","protected":false},"author":6,"featured_media":0,"parent":0,"menu_order":0,"comment_status":"closed","ping_status":"open","template":"","meta":[],"aioseo_notices":[],"_links":{"self":[{"href":"https:\/\/www.simproperty.com\/cs\/wp-json\/wp\/v2\/pages\/2968"}],"collection":[{"href":"https:\/\/www.simproperty.com\/cs\/wp-json\/wp\/v2\/pages"}],"about":[{"href":"https:\/\/www.simproperty.com\/cs\/wp-json\/wp\/v2\/types\/page"}],"author":[{"embeddable":true,"href":"https:\/\/www.simproperty.com\/cs\/wp-json\/wp\/v2\/users\/6"}],"replies":[{"embeddable":true,"href":"https:\/\/www.simproperty.com\/cs\/wp-json\/wp\/v2\/comments?post=2968"}],"version-history":[{"count":9,"href":"https:\/\/www.simproperty.com\/cs\/wp-json\/wp\/v2\/pages\/2968\/revisions"}],"predecessor-version":[{"id":15505,"href":"https:\/\/www.simproperty.com\/cs\/wp-json\/wp\/v2\/pages\/2968\/revisions\/15505"}],"wp:attachment":[{"href":"https:\/\/www.simproperty.com\/cs\/wp-json\/wp\/v2\/media?parent=2968"}],"curies":[{"name":"wp","href":"https:\/\/api.w.org\/{rel}","templated":true}]}}