{"id":2669,"date":"2016-06-20T17:41:50","date_gmt":"2016-06-20T16:41:50","guid":{"rendered":"http:\/\/simproperty.com\/cs\/?page_id=2669"},"modified":"2023-01-09T08:42:38","modified_gmt":"2023-01-09T07:42:38","slug":"kontakt","status":"publish","type":"page","link":"https:\/\/www.simproperty.com\/cs\/kontakt\/","title":{"rendered":"Kontakt"},"content":{"rendered":"<div class=\"row-wrap \"><!-- row-wrap --><div class=\"container\"><!-- cointainer --><div class=\"wpb-row row     \"><!-- wpb-row row --><div class=\"wpb-column col-md-6        \" style=\"height:px\">\n<div class=\"wpcf7 no-js\" id=\"wpcf7-f2701-o1\" lang=\"cs-CZ\" dir=\"ltr\">\n<div class=\"screen-reader-response\"><p role=\"status\" aria-live=\"polite\" aria-atomic=\"true\"><\/p> <ul><\/ul><\/div>\n<form action=\"\/cs\/wp-json\/wp\/v2\/pages\/2669#wpcf7-f2701-o1\" method=\"post\" class=\"wpcf7-form init\" aria-label=\"Kontaktn\u00ed formul\u00e1\u0159\" novalidate=\"novalidate\" data-status=\"init\">\n<div style=\"display: none;\">\n<input type=\"hidden\" name=\"_wpcf7\" value=\"2701\" \/>\n<input type=\"hidden\" name=\"_wpcf7_version\" value=\"5.7.3\" \/>\n<input type=\"hidden\" name=\"_wpcf7_locale\" value=\"cs_CZ\" \/>\n<input type=\"hidden\" name=\"_wpcf7_unit_tag\" value=\"wpcf7-f2701-o1\" \/>\n<input type=\"hidden\" name=\"_wpcf7_container_post\" value=\"0\" \/>\n<input type=\"hidden\" name=\"_wpcf7_posted_data_hash\" value=\"\" \/>\n<input type=\"hidden\" name=\"_wpcf7_recaptcha_response\" value=\"\" \/>\n<\/div>\n<p>Jm\u00e9no *<br \/>\n    <span class=\"wpcf7-form-control-wrap\" data-name=\"your-name\"><input size=\"40\" class=\"wpcf7-form-control wpcf7-text wpcf7-validates-as-required\" aria-required=\"true\" aria-invalid=\"false\" value=\"\" type=\"text\" name=\"your-name\" \/><\/span> <\/p>\n\n<p>E-mail *<br \/>\n    <span class=\"wpcf7-form-control-wrap\" data-name=\"your-email\"><input size=\"40\" class=\"wpcf7-form-control wpcf7-text wpcf7-email wpcf7-validates-as-required wpcf7-validates-as-email\" aria-required=\"true\" aria-invalid=\"false\" value=\"\" type=\"email\" name=\"your-email\" \/><\/span> <\/p>\n\n<p>Telefon<br \/>\n    <span class=\"wpcf7-form-control-wrap\" data-name=\"your-phone\"><input size=\"40\" class=\"wpcf7-form-control wpcf7-text wpcf7-tel wpcf7-validates-as-tel\" aria-invalid=\"false\" value=\"\" type=\"tel\" name=\"your-phone\" \/><\/span> <\/p>\n\n<p>Vzkaz<br \/>\n    <span class=\"wpcf7-form-control-wrap\" data-name=\"your-message\"><textarea cols=\"40\" rows=\"10\" class=\"wpcf7-form-control wpcf7-textarea\" aria-invalid=\"false\" name=\"your-message\"><\/textarea><\/span> <\/p>\n\n<p><\/p>\n\n<p><input class=\"wpcf7-form-control has-spinner wpcf7-submit\" type=\"submit\" value=\"Odeslat\" \/><\/p><div class=\"wpcf7-response-output\" aria-hidden=\"true\"><\/div>\n<\/form>\n<\/div>\n <\/div><div class=\"wpb-column col-md-6        \" style=\"height:px\"><div class=\"box-heading \"><!-- box heading --><h3 class=\"box-heading-title\">Hlavn\u00ed Kancel\u00e1\u0159e<\/h3><div class=\"box-heading-content-wrap\"><!-- box heading content wrap --><div class=\"box-heading-content\"><!-- box heading content --><h3>\u010cesk\u00e1 Republika<\/h3>\n<p>Ostrovskeho 1190\/17, Praha, \u010cesk\u00e1 Republika<br \/>\n+420 777 940 832<\/p>\n<h3>Slovensko<\/h3>\n<p>Mierov\u00e1 2753\/30A, 093 01 \u00a0Vranov nad Top\u013eou,\u00a0Slovensko<br \/>\n+421 918 929 112<\/p>\n<h3>Polsko<\/h3>\n<p>Paulinska 6, 31-065 Krakow,\u00a0Polsko<br \/>\n+48 12 341 51 63<\/p>\n<h3>Bulharsko<\/h3>\n<p>17A Tvardishki Prohod, Sofia,\u00a0Bulharsko<br \/>\n+359 879 466 987<\/p>\n<\/div><!-- \/box heading content --><\/div><!-- \/box heading content wrap --><\/div><!-- \/box heading --> <\/div>\n<\/div><!-- \/wpb-row row --><\/div><!-- \/cointainer fluid or cointainer --><\/div><!-- \/row-wrap -->\n","protected":false},"excerpt":{"rendered":"Jm\u00e9no * E-mail * Telefon Vzkaz Hlavn\u00ed Kancel\u00e1\u0159e\u010cesk\u00e1 Republika Ostrovskeho 1190\/17, Praha, \u010cesk\u00e1 Republika +420 777 940 832 Slovensko Mierov\u00e1 2753\/30A, 093 01 \u00a0Vranov nad Top\u013eou,\u00a0Slovensko +421 918 929 112 Polsko Paulinska 6, 31-065 Krakow,\u00a0Polsko +48 12 341 51 63 Bulharsko 17A Tvardishki Prohod, Sofia,\u00a0Bulharsko +359 879 466 987","protected":false},"author":6,"featured_media":0,"parent":0,"menu_order":0,"comment_status":"closed","ping_status":"open","template":"","meta":[],"aioseo_notices":[],"_links":{"self":[{"href":"https:\/\/www.simproperty.com\/cs\/wp-json\/wp\/v2\/pages\/2669"}],"collection":[{"href":"https:\/\/www.simproperty.com\/cs\/wp-json\/wp\/v2\/pages"}],"about":[{"href":"https:\/\/www.simproperty.com\/cs\/wp-json\/wp\/v2\/types\/page"}],"author":[{"embeddable":true,"href":"https:\/\/www.simproperty.com\/cs\/wp-json\/wp\/v2\/users\/6"}],"replies":[{"embeddable":true,"href":"https:\/\/www.simproperty.com\/cs\/wp-json\/wp\/v2\/comments?post=2669"}],"version-history":[{"count":7,"href":"https:\/\/www.simproperty.com\/cs\/wp-json\/wp\/v2\/pages\/2669\/revisions"}],"predecessor-version":[{"id":15740,"href":"https:\/\/www.simproperty.com\/cs\/wp-json\/wp\/v2\/pages\/2669\/revisions\/15740"}],"wp:attachment":[{"href":"https:\/\/www.simproperty.com\/cs\/wp-json\/wp\/v2\/media?parent=2669"}],"curies":[{"name":"wp","href":"https:\/\/api.w.org\/{rel}","templated":true}]}}