{"id":2654,"date":"2016-06-20T17:29:08","date_gmt":"2016-06-20T16:29:08","guid":{"rendered":"http:\/\/simproperty.com\/cs\/?page_id=2654"},"modified":"2017-03-16T14:09:04","modified_gmt":"2017-03-16T13:09:04","slug":"novinky","status":"publish","type":"page","link":"https:\/\/www.simproperty.com\/cs\/novinky\/","title":{"rendered":"Novinky"},"content":{"rendered":"<div class=\"row-wrap \"><!-- row-wrap --><div class=\"container\"><!-- cointainer --><div class=\"wpb-row row     \"><!-- wpb-row row --><div class=\"wpb-column col-md-3        \" style=\"height:px\"><div class=\"box-wrap    box-blue   box-wrap-box-icon-top box-wrap-box-icon-normal \" style=\"height:px\"><div class=\"box-inner \"><span class=\"box-icon-bg box-icon-normal-wrap box-icon-bg-orange box-icon-top\"><i class=\"fa fa-adjust box-icon-white box-icon-normal\"><\/i><\/span><h3 class=\"box-title  text-center box-icon-top-title box-icon-normal-title \">Novinky filtr<\/h3>\r\n\r\n    <script type=\"text\/javascript\">\r\n        jQuery(document).ready(function ($) {\r\n            multiselectJs('#country-select-1', 'Zem\u011b');\r\n            multiselectJs('#category-select-1', 'Category');\r\n            multiselectJs('#tag-select-1', 'Tag');\r\n        });\r\n    <\/script>\r\n\r\n    \r\n    <form class=\"news-filter clearfix\" action=\"https:\/\/www.simproperty.com\/cs\/novinky\/\" method=\"get\">\r\n\r\n        <div class=\"row\">\r\n\r\n            <div class=\"col-news\">\r\n                <div class=\"fpad\">\r\n                    <div class=\"w100 select-placeholder\">\r\n                        <select id=\"country-select-1\" class=\"checkboxes-select\" multiple=\"multiple\" name=\"news-country[]\">\r\n\r\n                                                    <option value=\"509\" >\r\n                                \u010cesk\u00e1 republika                            <\/option>\r\n                        \r\n                        <\/select>\r\n                    <\/div>\r\n                <\/div>\r\n            <\/div>\r\n\r\n\r\n            <div class=\"col-news\">\r\n                <div class=\"fpad\">\r\n                    <div class=\"w100 select-placeholder\">\r\n                        <select id=\"category-select-1\" class=\"checkboxes-select\" multiple=\"multiple\" name=\"news-category[]\">\r\n\r\n                                                    <option value=\"103\" >Know-how<\/option>\r\n                                                    <option value=\"95\" >Novinky<\/option>\r\n                        \r\n                        <\/select>\r\n                    <\/div>\r\n                <\/div>\r\n            <\/div>\r\n\r\n\r\n            <div class=\"col-news\">\r\n                <div class=\"fpad\">\r\n                    <div class=\"w100 select-placeholder\">\r\n                        <select id=\"tag-select-1\" class=\"checkboxes-select\" multiple=\"multiple\" name=\"news-tag[]\">\r\n\r\n                                                    <option value=\"306\" >anal\u00fdza trhu<\/option>\r\n                                                    <option value=\"304\" >dan\u011b<\/option>\r\n                                                    <option value=\"299\" >hypot\u00e9ky<\/option>\r\n                                                    <option value=\"298\" >investice<\/option>\r\n                                                    <option value=\"293\" >n\u00e1kup<\/option>\r\n                                                    <option value=\"305\" >pr\u00e1vo<\/option>\r\n                                                    <option value=\"302\" >prodeje<\/option>\r\n                                                    <option value=\"301\" >pron\u00e1jmy<\/option>\r\n                                                    <option value=\"307\" >simproperty<\/option>\r\n                                                    <option value=\"603\" >spr\u00e1va nemovitosti<\/option>\r\n                        \r\n                        <\/select>\r\n                    <\/div>\r\n                <\/div>\r\n            <\/div>\r\n\r\n\r\n            <div class=\"col-news\">\r\n                <div class=\"fpad\">\r\n                    <div class=\"w100 select-placeholder\">\r\n                        <input class=\"w100\" type=\"text\" name=\"keyword\" value=\"\" placeholder=\"Kl\u00ed\u010dov\u00e1 slova\">\r\n                    <\/div>\r\n                <\/div>\r\n            <\/div>\r\n\r\n            <div class=\"col-news\">\r\n                <div class=\"fpad\">\r\n                    <input type=\"submit\" class=\"w100 button button-big button-bigke\" name=\"news-filter\" value=\"Vyhledat\">\r\n                <\/div>\r\n            <\/div>\r\n\r\n        <\/div>\r\n    <\/form>\r\n\r\n    \n<div class=\"clearfix\"><\/div><\/div><\/div><div class=\"box-wrap    box-blue   box-wrap-box-icon-top box-wrap-box-icon-normal \" style=\"height:px\"><div class=\"box-inner \"><span class=\"box-icon-bg box-icon-normal-wrap box-icon-bg-orange box-icon-top\"><i class=\"fa fa-envelope box-icon-white box-icon-normal\"><\/i><\/span><h3 class=\"box-title  text-center box-icon-top-title box-icon-normal-title \">Zaregistrujte se<\/h3><div class=\"wpb-column-text column-text  \"><!-- wpb-column-text --><p>Z\u00edskejte nejnov\u011bj\u0161\u00ed zpr\u00e1vy z trhu a know-how<\/p>\n<\/div><!-- \/wpb-column-text -->\r\n    <div class=\"newsletter-box \">\r\n\r\n        <form action=\"https:\/\/www.simproperty.com\/wp-admin\/admin-ajax.php\" method=\"post\" class=\"newsletter-form\" data-name=\"Default sign-up form\">            \r\n            \r\n            <input type=\"hidden\" name=\"pid\" value=\"2654\">\r\n            <input type=\"hidden\" name=\"tt\" value=\"1776624185\">\r\n            <input type=\"email\" name=\"email\" placeholder=\"Your e-mail\" required=\"\">\r\n            <input value=\"Send\" type=\"submit\">            \r\n\r\n            <div class=\"newsletter-response\"><\/div>\r\n\r\n        <\/form><!-- \/ MailChimp for WordPress Plugin -->\r\n    <\/div>\r\n\r\n    <div class=\"clearfix\"><\/div>\n<div class=\"clearfix\"><\/div><\/div><\/div><div class=\"box-wrap    box-gradient-blue-white   box-wrap-box-icon-top box-wrap-box-icon-normal \" style=\"height:px\"><div class=\"box-inner \"><span class=\"box-icon-bg box-icon-normal-wrap box-icon-bg-orange box-icon-top\"><i class=\"fa fa-child box-icon-white box-icon-normal\"><\/i><\/span><h3 class=\"box-title  text-center box-icon-top-title box-icon-normal-title \">Nejnov\u011bj\u0161\u00ed zpr\u00e1vy<\/h3>\r\n        <div class=\"posts-list-wrap-extra \">\r\n                        \r\n            <div class=\"posts-list-wrap\">\r\n                                    <ul>\r\n                                                <li><a href=\"https:\/\/www.simproperty.com\/cs\/novinky\/realitni-makleri-zmena-mysleni-je-nevyhnutelna\/\">Realitn\u00ed makl\u00e9\u0159i, zm\u011bna my\u0161len\u00ed je nevyhnuteln\u00e1<\/a><\/li>\r\n            <li><a href=\"https:\/\/www.simproperty.com\/cs\/novinky\/know-how-cs\/jak-zmenit-bankovni-ucet-pro-zasilani-plateb-od-najemniku\/\">Jak zm\u011bnit bankovn\u00ed \u00fa\u010det pro zas\u00edl\u00e1n\u00ed plateb od n\u00e1jemn\u00edk\u016f<\/a><\/li>\r\n            <li><a href=\"https:\/\/www.simproperty.com\/cs\/novinky\/proc-investovat-do-nemovitosti-v-ceske-republice\/\">Pro\u010d investovat do nemovitosti v \u010cesk\u00e9 republice?<\/a><\/li>\r\n            <li><a href=\"https:\/\/www.simproperty.com\/cs\/novinky\/know-how-cs\/prehled-dani-souvisejicich-s-nemovitostmi-na-uzemi-cr\/\">P\u0159ehled dan\u00ed souvisej\u00edc\u00edch s nemovitostmi na \u00fazem\u00ed \u010cR<\/a><\/li>\r\n            <li><a href=\"https:\/\/www.simproperty.com\/cs\/novinky\/know-how-cs\/dan-z-nemovitych-veci\/\">Da\u0148 z nemovit\u00fdch v\u011bc\u00ed<\/a><\/li>\r\n                                            <\/ul>\r\n                                        \r\n            <\/div>\r\n            \r\n        <\/div>\r\n\r\n        \n<div class=\"clearfix\"><\/div><\/div><\/div> <\/div><div class=\"wpb-column col-md-9 padding-t-40  padding-l-15 padding-r-15    \" style=\"height:px\">\r\n        <div class=\"posts-list-wrap-extra \">\r\n                        \r\n            <div class=\"posts-list-wrap\">\r\n                                            <div class=\"row posts-list-one\">\r\n                        <div class=\"col-xs-2\">\r\n            <img width=\"401\" height=\"303\" src=\"https:\/\/www.simproperty.com\/wp-content\/uploads\/2017\/01\/ba-interview.png\" class=\"img-responsive wp-post-image\" alt=\"\" decoding=\"async\" loading=\"lazy\" srcset=\"https:\/\/www.simproperty.com\/wp-content\/uploads\/2017\/01\/ba-interview.png 401w, https:\/\/www.simproperty.com\/wp-content\/uploads\/2017\/01\/ba-interview-300x227.png 300w, https:\/\/www.simproperty.com\/wp-content\/uploads\/2017\/01\/ba-interview-400x303.png 400w, https:\/\/www.simproperty.com\/wp-content\/uploads\/2017\/01\/ba-interview-14x11.png 14w, https:\/\/www.simproperty.com\/wp-content\/uploads\/2017\/01\/ba-interview-98x74.png 98w\" sizes=\"(max-width: 401px) 100vw, 401px\" \/>                <\/div>\r\n        \r\n            \r\n            <div class=\" col-xs-10 \">\r\n                <h2 class=\"posts-list-title\"><a href=\"https:\/\/www.simproperty.com\/cs\/novinky\/realitni-makleri-zmena-mysleni-je-nevyhnutelna\/\">Realitn\u00ed makl\u00e9\u0159i, zm\u011bna my\u0161len\u00ed je nevyhnuteln\u00e1<\/a><\/h2>\r\n                <div class=\"posts-list-date tag-header\">\r\n            <span class=\"cell\"><a href=\"https:\/\/www.simproperty.com\/cs\/novinky\/?news-category[]=95&keyword=&news-filter=Search\" class=\"button button-flat button-flat-orange pull-left\">Novinky<\/a><\/span>                    <span class=\"tag-row\">\r\n                        <span class=\"cell\">2017-01-27<\/span>\r\n                        <span class=\"cell\">simontweddle<\/span>\r\n                        <span class=\"post-tags\"><a href=\"https:\/\/www.simproperty.com\/cs\/novinky\/?news-tag[]=302&news-filter=\">prodeje<\/a>, <a href=\"https:\/\/www.simproperty.com\/cs\/novinky\/?news-tag[]=301&news-filter=\">pron\u00e1jmy<\/a>, <a href=\"https:\/\/www.simproperty.com\/cs\/novinky\/?news-tag[]=307&news-filter=\">simproperty<\/a> | <a href=\"https:\/\/www.simproperty.com\/cs\/novinky\/?news-country[]=509&news-filter=\">\u010cesk\u00e1 republika<\/a><\/span>\r\n                    <\/span>\r\n                <\/div>\r\n                <p>Simon Tweddle: \u201eUchaze\u010di o pr\u00e1ci v\u00a0realit\u00e1ch mus\u00ed pochopit, \u017ee nejde jen o prod\u00e1m-koup\u00edm. Makl\u00e9\u0159 m\u00e1 p\u0159edev\u0161\u00edm d\u011blat byznys\u201c \u201ePr\u00e1ci realitn\u00edho makl\u00e9\u0159e m\u016f\u017ee d\u011blat ka\u017ed\u00fd, je to&hellip;                <\/p>\r\n\r\n                <a href=\"https:\/\/www.simproperty.com\/cs\/novinky\/realitni-makleri-zmena-mysleni-je-nevyhnutelna\/\">P\u0159e\u010dt\u011bte si v\u00edce<\/a>\r\n            <\/div>\r\n            <div class=\"col-xs-12\"><div class=\"line\"><\/div><\/div>\r\n        <\/div>\r\n                        <div class=\"row posts-list-one\">\r\n        \r\n            \r\n            <div class=\" col-xs-12 \">\r\n                <h2 class=\"posts-list-title\"><a href=\"https:\/\/www.simproperty.com\/cs\/novinky\/know-how-cs\/jak-zmenit-bankovni-ucet-pro-zasilani-plateb-od-najemniku\/\">Jak zm\u011bnit bankovn\u00ed \u00fa\u010det pro zas\u00edl\u00e1n\u00ed plateb od n\u00e1jemn\u00edk\u016f<\/a><\/h2>\r\n                <div class=\"posts-list-date tag-header\">\r\n            <span class=\"cell\"><a href=\"https:\/\/www.simproperty.com\/cs\/novinky\/?news-category[]=103&keyword=&news-filter=Search\" class=\"button button-flat button-flat-orange pull-left\">Know-how<\/a><\/span>                    <span class=\"tag-row\">\r\n                        <span class=\"cell\">2016-08-09<\/span>\r\n                        <span class=\"cell\">simontweddle<\/span>\r\n                        <span class=\"post-tags\"><a href=\"https:\/\/www.simproperty.com\/cs\/novinky\/?news-tag[]=305&news-filter=\">pr\u00e1vo<\/a>, <a href=\"https:\/\/www.simproperty.com\/cs\/novinky\/?news-tag[]=301&news-filter=\">pron\u00e1jmy<\/a> | <a href=\"https:\/\/www.simproperty.com\/cs\/novinky\/?news-country[]=509&news-filter=\">\u010cesk\u00e1 republika<\/a><\/span>\r\n                    <\/span>\r\n                <\/div>\r\n                <p>Q: Co je pot\u0159eba ud\u011blat kdy\u017e chcete\/pot\u0159ebujete zm\u011bnit bankovn\u00ed \u00fa\u010det pro p\u0159\u00edchoz\u00ed platby od n\u00e1jemn\u00edk\u016f a v\u00a0n\u00e1jemn\u00ed smlouv\u011b je uveden jin\u00fd bankovn\u00ed \u00fa\u010det? A: Je pot\u0159eba&hellip;                <\/p>\r\n\r\n                <a href=\"https:\/\/www.simproperty.com\/cs\/novinky\/know-how-cs\/jak-zmenit-bankovni-ucet-pro-zasilani-plateb-od-najemniku\/\">P\u0159e\u010dt\u011bte si v\u00edce<\/a>\r\n            <\/div>\r\n            <div class=\"col-xs-12\"><div class=\"line\"><\/div><\/div>\r\n        <\/div>\r\n                        <div class=\"row posts-list-one\">\r\n        \r\n            \r\n            <div class=\" col-xs-12 \">\r\n                <h2 class=\"posts-list-title\"><a href=\"https:\/\/www.simproperty.com\/cs\/novinky\/proc-investovat-do-nemovitosti-v-ceske-republice\/\">Pro\u010d investovat do nemovitosti v \u010cesk\u00e9 republice?<\/a><\/h2>\r\n                <div class=\"posts-list-date tag-header\">\r\n            <span class=\"cell\"><a href=\"https:\/\/www.simproperty.com\/cs\/novinky\/?news-category[]=103&keyword=&news-filter=Search\" class=\"button button-flat button-flat-orange pull-left\">Know-how<\/a><\/span> <span class=\"cell\"><a href=\"https:\/\/www.simproperty.com\/cs\/novinky\/?news-category[]=95&keyword=&news-filter=Search\" class=\"button button-flat button-flat-orange pull-left\">Novinky<\/a><\/span>                    <span class=\"tag-row\">\r\n                        <span class=\"cell\">2016-08-09<\/span>\r\n                        <span class=\"cell\">simontweddle<\/span>\r\n                        <span class=\"post-tags\"><a href=\"https:\/\/www.simproperty.com\/cs\/novinky\/?news-tag[]=306&news-filter=\">anal\u00fdza trhu<\/a>, <a href=\"https:\/\/www.simproperty.com\/cs\/novinky\/?news-tag[]=298&news-filter=\">investice<\/a>, <a href=\"https:\/\/www.simproperty.com\/cs\/novinky\/?news-tag[]=293&news-filter=\">n\u00e1kup<\/a>, <a href=\"https:\/\/www.simproperty.com\/cs\/novinky\/?news-tag[]=302&news-filter=\">prodeje<\/a> | <a href=\"https:\/\/www.simproperty.com\/cs\/novinky\/?news-country[]=509&news-filter=\">\u010cesk\u00e1 republika<\/a><\/span>\r\n                    <\/span>\r\n                <\/div>\r\n                <p>Tento \u010cervenec p\u0159inesl do \u010cesk\u00e9 republiky rekordn\u00ed teploty, ale zm\u011bna teplot se projevuje i jinde. Konkr\u00e9tn\u011b n\u00e1m \u010d\u00edm d\u00e1l v\u00edce p\u0159\u00edho\u0159\u00edv\u00e1 na nemovitostn\u00edm trhu v\u00a0Praze. U\u017e&hellip;                <\/p>\r\n\r\n                <a href=\"https:\/\/www.simproperty.com\/cs\/novinky\/proc-investovat-do-nemovitosti-v-ceske-republice\/\">P\u0159e\u010dt\u011bte si v\u00edce<\/a>\r\n            <\/div>\r\n            <div class=\"col-xs-12\"><div class=\"line\"><\/div><\/div>\r\n        <\/div>\r\n                        <div class=\"row posts-list-one\">\r\n        \r\n            \r\n            <div class=\" col-xs-12 \">\r\n                <h2 class=\"posts-list-title\"><a href=\"https:\/\/www.simproperty.com\/cs\/novinky\/know-how-cs\/prehled-dani-souvisejicich-s-nemovitostmi-na-uzemi-cr\/\">P\u0159ehled dan\u00ed souvisej\u00edc\u00edch s nemovitostmi na \u00fazem\u00ed \u010cR<\/a><\/h2>\r\n                <div class=\"posts-list-date tag-header\">\r\n            <span class=\"cell\"><a href=\"https:\/\/www.simproperty.com\/cs\/novinky\/?news-category[]=103&keyword=&news-filter=Search\" class=\"button button-flat button-flat-orange pull-left\">Know-how<\/a><\/span>                    <span class=\"tag-row\">\r\n                        <span class=\"cell\">2016-08-09<\/span>\r\n                        <span class=\"cell\">simontweddle<\/span>\r\n                        <span class=\"post-tags\"><a href=\"https:\/\/www.simproperty.com\/cs\/novinky\/?news-tag[]=304&news-filter=\">dan\u011b<\/a>, <a href=\"https:\/\/www.simproperty.com\/cs\/novinky\/?news-tag[]=293&news-filter=\">n\u00e1kup<\/a>, <a href=\"https:\/\/www.simproperty.com\/cs\/novinky\/?news-tag[]=302&news-filter=\">prodeje<\/a>, <a href=\"https:\/\/www.simproperty.com\/cs\/novinky\/?news-tag[]=603&news-filter=\">spr\u00e1va nemovitosti<\/a> | <a href=\"https:\/\/www.simproperty.com\/cs\/novinky\/?news-country[]=509&news-filter=\">\u010cesk\u00e1 republika<\/a><\/span>\r\n                    <\/span>\r\n                <\/div>\r\n                <p>Osobn\u00ed da\u0148ov\u00e9 \u010d\u00edslo Vlastn\u00edci nemovitost\u00ed se nemus\u00ed registrovat a \u017e\u00e1dat o osobn\u00ed da\u0148ov\u00e9 \u010d\u00edslo Da\u0148 z\u00a0nemovit\u00fdch v\u011bc\u00ed Nemovitosti mus\u00ed b\u00fdt nahl\u00e1\u0161eny k\u00a0da\u0148i z\u00a0nemovit\u00fdch v\u011bc\u00ed. Nejpozd\u011bji lze&hellip;                <\/p>\r\n\r\n                <a href=\"https:\/\/www.simproperty.com\/cs\/novinky\/know-how-cs\/prehled-dani-souvisejicich-s-nemovitostmi-na-uzemi-cr\/\">P\u0159e\u010dt\u011bte si v\u00edce<\/a>\r\n            <\/div>\r\n            <div class=\"col-xs-12\"><div class=\"line\"><\/div><\/div>\r\n        <\/div>\r\n                        <div class=\"row posts-list-one\">\r\n        \r\n            \r\n            <div class=\" col-xs-12 \">\r\n                <h2 class=\"posts-list-title\"><a href=\"https:\/\/www.simproperty.com\/cs\/novinky\/know-how-cs\/dan-z-nemovitych-veci\/\">Da\u0148 z nemovit\u00fdch v\u011bc\u00ed<\/a><\/h2>\r\n                <div class=\"posts-list-date tag-header\">\r\n            <span class=\"cell\"><a href=\"https:\/\/www.simproperty.com\/cs\/novinky\/?news-category[]=103&keyword=&news-filter=Search\" class=\"button button-flat button-flat-orange pull-left\">Know-how<\/a><\/span>                    <span class=\"tag-row\">\r\n                        <span class=\"cell\">2016-08-09<\/span>\r\n                        <span class=\"cell\">simontweddle<\/span>\r\n                        <span class=\"post-tags\"><a href=\"https:\/\/www.simproperty.com\/cs\/novinky\/?news-tag[]=304&news-filter=\">dan\u011b<\/a>, <a href=\"https:\/\/www.simproperty.com\/cs\/novinky\/?news-tag[]=302&news-filter=\">prodeje<\/a> | <a href=\"https:\/\/www.simproperty.com\/cs\/novinky\/?news-country[]=509&news-filter=\">\u010cesk\u00e1 republika<\/a><\/span>\r\n                    <\/span>\r\n                <\/div>\r\n                <p>P\u0159i prodeji nemovitosti na \u00fazem\u00ed \u010cesk\u00e9 republiky je z\u00e1konnou povinnost\u00ed platit da\u0148 z\u00a0nabyt\u00ed nemovit\u00fdch v\u011bc\u00ed. Od 1.1.2013 je da\u0148 z\u00a0nabyt\u00ed nemovit\u00fdch v\u011bc\u00ed 4% z\u00a0prodejn\u00ed ceny, nebo&hellip;                <\/p>\r\n\r\n                <a href=\"https:\/\/www.simproperty.com\/cs\/novinky\/know-how-cs\/dan-z-nemovitych-veci\/\">P\u0159e\u010dt\u011bte si v\u00edce<\/a>\r\n            <\/div>\r\n            <div class=\"col-xs-12\"><div class=\"line\"><\/div><\/div>\r\n        <\/div>\r\n                        <div class=\"row posts-list-one\">\r\n        \r\n            \r\n            <div class=\" col-xs-12 \">\r\n                <h2 class=\"posts-list-title\"><a href=\"https:\/\/www.simproperty.com\/cs\/novinky\/nove-webove-stranky-sim-property\/\">Nov\u00e9 webov\u00e9 str\u00e1nky Sim Property<\/a><\/h2>\r\n                <div class=\"posts-list-date tag-header\">\r\n            <span class=\"cell\"><a href=\"https:\/\/www.simproperty.com\/cs\/novinky\/?news-category[]=95&keyword=&news-filter=Search\" class=\"button button-flat button-flat-orange pull-left\">Novinky<\/a><\/span>                    <span class=\"tag-row\">\r\n                        <span class=\"cell\">2016-08-09<\/span>\r\n                        <span class=\"cell\">simontweddle<\/span>\r\n                        <span class=\"post-tags\"><a href=\"https:\/\/www.simproperty.com\/cs\/novinky\/?news-tag[]=307&news-filter=\">simproperty<\/a><\/span>\r\n                    <\/span>\r\n                <\/div>\r\n                <p>Sim Property pr\u00e1v\u011b spou\u0161t\u00ed novou webovou platformu. Ta zaji\u0161\u0165uje hlub\u0161\u00ed propojen\u00ed s\u00a0na\u0161imi backendov\u00fdmi syst\u00e9my a douf\u00e1me, \u017ee v\u00e1m poskytne lep\u0161\u00ed p\u0159\u00edstup ke v\u0161em na\u0161im nemovitostem a&hellip;                <\/p>\r\n\r\n                <a href=\"https:\/\/www.simproperty.com\/cs\/novinky\/nove-webove-stranky-sim-property\/\">P\u0159e\u010dt\u011bte si v\u00edce<\/a>\r\n            <\/div>\r\n            <div class=\"col-xs-12\"><div class=\"line\"><\/div><\/div>\r\n        <\/div>\r\n                        <div class=\"row posts-list-one\">\r\n        \r\n            \r\n            <div class=\" col-xs-12 \">\r\n                <h2 class=\"posts-list-title\"><a href=\"https:\/\/www.simproperty.com\/cs\/novinky\/know-how-cs\/jak-se-vyhnout-vysokym-pokutam-za-predcasne-ukonceni-hypoteky-v-cr\/\">Jak se vyhnout vysok\u00fdm pokut\u00e1m za p\u0159ed\u010dasn\u00e9 ukon\u010den\u00ed hypot\u00e9ky v \u010cR<\/a><\/h2>\r\n                <div class=\"posts-list-date tag-header\">\r\n            <span class=\"cell\"><a href=\"https:\/\/www.simproperty.com\/cs\/novinky\/?news-category[]=103&keyword=&news-filter=Search\" class=\"button button-flat button-flat-orange pull-left\">Know-how<\/a><\/span>                    <span class=\"tag-row\">\r\n                        <span class=\"cell\">2016-08-09<\/span>\r\n                        <span class=\"cell\">simontweddle<\/span>\r\n                        <span class=\"post-tags\"><a href=\"https:\/\/www.simproperty.com\/cs\/novinky\/?news-tag[]=299&news-filter=\">hypot\u00e9ky<\/a>, <a href=\"https:\/\/www.simproperty.com\/cs\/novinky\/?news-tag[]=302&news-filter=\">prodeje<\/a> | <a href=\"https:\/\/www.simproperty.com\/cs\/novinky\/?news-country[]=509&news-filter=\">\u010cesk\u00e1 republika<\/a><\/span>\r\n                    <\/span>\r\n                <\/div>\r\n                <p>U n\u00e1s v\u00a0Sim Property jsme za ta l\u00e9ta pom\u00e1hali s\u00a0mnoha prodeji nemovitost\u00ed. Jsme obezn\u00e1meni se v\u0161emi mo\u017en\u00fdmi probl\u00e9my, kter\u00e9 mohou b\u011bhem prodeje nastat a nau\u010dili jsme&hellip;                <\/p>\r\n\r\n                <a href=\"https:\/\/www.simproperty.com\/cs\/novinky\/know-how-cs\/jak-se-vyhnout-vysokym-pokutam-za-predcasne-ukonceni-hypoteky-v-cr\/\">P\u0159e\u010dt\u011bte si v\u00edce<\/a>\r\n            <\/div>\r\n            <div class=\"col-xs-12\"><div class=\"line\"><\/div><\/div>\r\n        <\/div>\r\n                                                            \r\n            <\/div>\r\n            \r\n        <\/div>\r\n\r\n         <\/div>\n<\/div><!-- \/wpb-row row --><\/div><!-- \/cointainer fluid or cointainer --><\/div><!-- \/row-wrap -->\n","protected":false},"excerpt":{"rendered":"U n\u00e1s v\u00a0Sim Property jsme za ta l\u00e9ta pom\u00e1hali s\u00a0mnoha prodeji nemovitost\u00ed. Jsme obezn\u00e1meni se v\u0161emi mo\u017en\u00fdmi probl\u00e9my, kter\u00e9 mohou b\u011bhem prodeje nastat a nau\u010dili jsme se je do posledn\u00edho efektivn\u011b \u0159e\u0161it. Jednou z\u00a0nejv\u011bt\u0161\u00edch (finan\u010dn\u00edch) p\u0159ek\u00e1\u017eek p\u0159i prodeji nemovitosti v\u00a0\u010cesk\u00e9 republice je pokusit sevyhnout velmi vysok\u00fdm poplatk\u016fm za p\u0159ed\u010dasn\u00e9 splacen\u00ed hypot\u00e9ky b\u011bhem fixa\u010dn\u00edho obdob\u00ed, kter\u00e9 [...]","protected":false},"author":6,"featured_media":0,"parent":0,"menu_order":0,"comment_status":"closed","ping_status":"open","template":"","meta":[],"aioseo_notices":[],"_links":{"self":[{"href":"https:\/\/www.simproperty.com\/cs\/wp-json\/wp\/v2\/pages\/2654"}],"collection":[{"href":"https:\/\/www.simproperty.com\/cs\/wp-json\/wp\/v2\/pages"}],"about":[{"href":"https:\/\/www.simproperty.com\/cs\/wp-json\/wp\/v2\/types\/page"}],"author":[{"embeddable":true,"href":"https:\/\/www.simproperty.com\/cs\/wp-json\/wp\/v2\/users\/6"}],"replies":[{"embeddable":true,"href":"https:\/\/www.simproperty.com\/cs\/wp-json\/wp\/v2\/comments?post=2654"}],"version-history":[{"count":6,"href":"https:\/\/www.simproperty.com\/cs\/wp-json\/wp\/v2\/pages\/2654\/revisions"}],"predecessor-version":[{"id":14197,"href":"https:\/\/www.simproperty.com\/cs\/wp-json\/wp\/v2\/pages\/2654\/revisions\/14197"}],"wp:attachment":[{"href":"https:\/\/www.simproperty.com\/cs\/wp-json\/wp\/v2\/media?parent=2654"}],"curies":[{"name":"wp","href":"https:\/\/api.w.org\/{rel}","templated":true}]}}