{"id":13385,"date":"2017-01-31T13:11:33","date_gmt":"2017-01-31T12:11:33","guid":{"rendered":"http:\/\/simproperty.com\/cs\/?page_id=13385"},"modified":"2017-03-06T14:27:29","modified_gmt":"2017-03-06T13:27:29","slug":"kariera","status":"publish","type":"page","link":"https:\/\/www.simproperty.com\/cs\/kariera\/","title":{"rendered":"Kari\u00e9ra"},"content":{"rendered":"<div class=\"row-wrap \"><!-- row-wrap --><div class=\"container\"><!-- cointainer --><div class=\"wpb-row row   margin-t-20  \"><!-- wpb-row row --><div class=\"wpb-column col-md-3        \" style=\"height:px\"><div class=\"box-wrap    box-gradient-white-blue   box-wrap-box-icon-top box-wrap-box-icon-normal \" style=\"height:px\"><div class=\"box-inner box-rectangles\"><span class=\"box-icon-bg box-icon-normal-wrap box-icon-bg-orange box-icon-top\"><i class=\"fa fa-home box-icon-white box-icon-normal\"><\/i><\/span><h3 class=\"box-title  text-center box-icon-top-title box-icon-normal-title box-title-line\">Pro\u010d Sim Property?<\/h3><div class=\"wpb-column-text column-text  \"><!-- wpb-column-text --><ul>\n<li>Poctiv\u00e9, jednozna\u010dn\u00e9 a kompletn\u00ed zaji\u0161t\u011bn\u00ed ve\u0161ker\u00fdch slu\u017eeb spojen\u00fdch s n\u00e1kupem, spr\u00e1vou a prodejem nemovitost\u00ed pod jednou st\u0159echou<\/li>\n<li>Zku\u0161en\u00fd a prov\u011b\u0159en\u00fd t\u00fdm (my jsme ti nejlep\u0161\u00ed)<\/li>\n<li>Integrovan\u00e9 slu\u017eby ve v\u00edce ne\u017e 20 m\u011bstech ve st\u0159edn\u00ed a v\u00fdchodn\u00ed Evrop\u011b<\/li>\n<li>Pokro\u010dil\u00fd online syst\u00e9m, kter\u00fd n\u00e1m usnad\u0148uje pr\u00e1ci a v\u00e1m d\u00e1v\u00e1 pot\u0159ebn\u00e9 informace v\u017edy v\u010das<\/li>\n<li>Jsme odhodlan\u00ed a zav\u00e1zan\u00ed sv\u00fdm klient\u016fm<\/li>\n<\/ul>\n<\/div><!-- \/wpb-column-text -->\n<div class=\"clearfix\"><\/div><\/div><\/div> <\/div><div class=\"wpb-column col-md-9        \" style=\"height:px\"><div class=\"wpb-column-text column-text  \"><!-- wpb-column-text --><h2>Kari\u00e9ra<\/h2>\n<p>Pro n\u00e1s v Sim Property je d\u016fle\u017eit\u00e9 neust\u00e1le vyhl\u00ed\u017eet a hledat talentovan\u00e9 jednotlivce.<br \/>\nV\u00e1\u017e\u00edme si lid\u00ed s velk\u00fdm rozsahem dovednost\u00ed z r\u016fzn\u00fdch prost\u0159ed\u00ed.<br \/>\nN\u00e1\u0161 kontinu\u00e1ln\u00ed a siln\u00fd r\u016fst je spojen s neust\u00e1l\u00fdm hled\u00e1n\u00edm t\u011bch nejlep\u0161\u00edch lid\u00ed pro n\u00e1\u0161 t\u00fdm.<br \/>\nNab\u00edz\u00edme legraci a zaj\u00edmavou a \u010dinnorodou pr\u00e1ci v prost\u0159ed\u00ed s atraktivn\u00edmi benefity a bal\u00ed\u010dky pro v\u0161echny na\u0161e zam\u011bstnance.<\/p>\n<\/div><!-- \/wpb-column-text --><div class=\"wpb-row row      \"><div class=\"wpb-column col-md-6   padding-l-15 padding-r-15    \" style=\"height:px\"><div class=\"box-heading \"><!-- box heading --><h3 class=\"box-heading-title\">Hod\u00edte se k n\u00e1m<\/h3><div class=\"box-heading-content-wrap\"><!-- box heading content wrap --><div class=\"box-heading-icon-wrap\"><i class=\"box-heading-icon fa fa-thumbs-o-up \"><\/i><\/div><div class=\"box-heading-content box-heading-has-icon\"><!-- box heading content --><p>Nejd\u016fle\u017eit\u011bj\u0161\u00ed v\u011bc\u00ed, kterou mus\u00edte m\u00edt, je spr\u00e1vn\u00fd postoj a v\u00e1\u0161e\u0148 pro nemovitosti.<\/p>\n<p>Pokud opravdu chcete pracovat tvrd\u011b a hodn\u011b se nau\u010dit, jsem si jist\u00fd, \u017ee n\u00e1m to bude skv\u011ble fungovat.<\/p>\n<\/div><!-- \/box heading content --><\/div><!-- \/box heading content wrap --><\/div><!-- \/box heading --> <\/div><div class=\"wpb-column col-md-6   padding-l-15 padding-r-15    \" style=\"height:px\"><div class=\"box-heading \"><!-- box heading --><h3 class=\"box-heading-title\">Znalosti, kter\u00e9 hled\u00e1me<\/h3><div class=\"box-heading-content-wrap\"><!-- box heading content wrap --><div class=\"box-heading-icon-wrap\"><i class=\"box-heading-icon fa fa-thumbs-o-up \"><\/i><\/div><div class=\"box-heading-content box-heading-has-icon\"><!-- box heading content --><p>Pokud m\u00e1te schopnosti z n\u011bkter\u00e9 z n\u00ed\u017ee uveden\u00fdch oblast\u00ed, ozv\u011bte se n\u00e1m a uvid\u00edme, jak n\u00e1m to bude spole\u010dn\u011b fungovat:<\/p>\n<ul>\n<li>Obchod, marketing, copywriting, p\u00e9\u010de o z\u00e1kazn\u00edka, Web design, Investice do nemovitost\u00ed, pron\u00e1jmy a spr\u00e1va.<\/li>\n<\/ul>\n<\/div><!-- \/box heading content --><\/div><!-- \/box heading content wrap --><\/div><!-- \/box heading --> <\/div>\n<\/div>        <div id=\"vacancy_wrap\" class=\"accordion vacancy-wrap\" data-activetab=\"false\" data-collapsible=\"yes\">\r\n                            <div class=\"accordion-tab vacancy-one vacancy-country-cs-cs\">\r\n                    <div class=\"accordion-header vacancy-header\">\r\n                        <div class=\"vacancy-one-header-country\">\r\n                            <img width=\"14\" height=\"11\" src=\"https:\/\/www.simproperty.com\/wp-content\/uploads\/2015\/02\/flag-cs.png\" class=\"attachment-flag size-flag\" alt=\"\" decoding=\"async\" loading=\"lazy\" \/>\u010cesk\u00e1 republika &nbsp;\r\n                        <\/div>\r\n                        <h3>Spr\u00e1vce nemovitosti &#8211; \u010d\u00e1ste\u010dn\u00fd \u00favazek &#8211; Praha<\/h3>\r\n                        <div class=\"accordion-header-icon\"><i class=\"fa fa-plus\"><\/i><\/div>\r\n                    <\/div>\r\n                    <div class=\"accordion-content\">\r\n\r\n                        \r\n                        <p>Sim Property hled\u00e1 spr\u00e1vce nemovitost\u00ed na \u010d\u00e1ste\u010dn\u00fd \u00favazek v Praze, kter\u00fd se bude v\u011bnovat z\u00e1kaznick\u00e9mu servisu a bude se starat o nemovitosti na\u0161ich investorsk\u00fdch klient\u016f.<\/p>\n<p>Mezi kl\u00ed\u010dov\u00e9 vlastnosti, kter\u00e9 hled\u00e1me, pat\u0159\u00ed:<\/p>\n<ul>\n<li>Plynn\u00e1 \u010de\u0161tina a angli\u010dtina<\/li>\n<li>Schopnost rychle se u\u010dit a aplikovat se v nov\u00fdch oblastech<\/li>\n<li>P\u0159\u00edjemn\u00fd p\u0159\u00edstup a zam\u011b\u0159en\u00ed na spokojenost klient\u016f<\/li>\n<li>Schopnost snadno pou\u017e\u00edvat po\u010d\u00edta\u010d<\/li>\n<li>Poctivost a spolehlivost<\/li>\n<li>Dob\u0159e organizovan\u00fd a efektivn\u00ed administrativn\u00ed p\u0159\u00edstup<\/li>\n<li>Zku\u0161enosti se spr\u00e1vou nemovitost\u00ed v\u00fdhodou (zejm\u00e9na spr\u00e1va reziden\u010dn\u00edch nemovitost\u00ed)<\/li>\n<\/ul>\n<p>Nab\u00edz\u00edme:<\/p>\n<ul>\n<li>Atraktivn\u00ed plat<\/li>\n<li>Zaj\u00edmavou a flexibiln\u00ed pr\u00e1ci<\/li>\n<li>P\u0159\u00e1telskou a f\u00e9rovou atmosf\u00e9ru<\/li>\n<li>Mo\u017enosti r\u016fstu a u\u010den\u00ed se \u0161irok\u00e9 \u0161k\u00e1le dovednost\u00ed<\/li>\n<li>Aktivn\u00ed pou\u017e\u00edv\u00e1n\u00ed v\u00edce jazyk\u016f<\/li>\n<li>Atraktivn\u00ed bonusov\u00fd syst\u00e9m<\/li>\n<\/ul>\n<p>Va\u0161e povinnosti<\/p>\n<ul>\n<li>\u00dazk\u00e1 ka\u017edodenn\u00ed spolupr\u00e1ce s Country Managerem<\/li>\n<li>Dozv\u00edte se o \u0161irok\u00e9 \u0161k\u00e1le aspekt\u016f reziden\u010dn\u00edch nemovitost\u00ed v \u010cesk\u00e9 republice<\/li>\n<li>Ka\u017ed\u00fd den je jin\u00fd a budete muset spolupracovat s \u0161irokou \u0161k\u00e1lou lid\u00ed a \u00fakol\u016f<\/li>\n<li>Koordinace v\u0161ech aspekt\u016f na\u0161eho portfolia nemovitost\u00ed v Praze<\/li>\n<li>Pr\u00e1ce s mal\u00fdmi byty, domy a\u017e po velk\u00e9 budovy<\/li>\n<li>Jedn\u00e1n\u00ed s n\u00e1jemn\u00edky, koordinace \u00fadr\u017eby, energetick\u00e9 spole\u010dnosti, koordinace pron\u00e1jm\u016f, prodeje atd.<\/li>\n<li>Komunikace s \u010desk\u00fdmi i zahrani\u010dn\u00edmi klienty, soukrom\u00fdmi osobami i velk\u00fdmi investory<\/li>\n<li>Vyu\u017eit\u00ed n\u00e1\u0161 online syst\u00e9m pro spr\u00e1vu nemovitost\u00ed<\/li>\n<\/ul>\n\r\n                        <div>\r\n                            <a href=\"https:\/\/www.simproperty.com\/cs\/vacancy\/spravce-nemovitosti-castecny-uvazek-praha\/\" class=\"button button-big\">Zaujala V\u00e1s pracovn\u00ed nab\u00eddka?<\/a>\r\n                        <\/div>\r\n                    <\/div>\r\n                <\/div>\r\n                            <div class=\"accordion-tab vacancy-one vacancy-country-cs-cs\">\r\n                    <div class=\"accordion-header vacancy-header\">\r\n                        <div class=\"vacancy-one-header-country\">\r\n                            <img width=\"14\" height=\"11\" src=\"https:\/\/www.simproperty.com\/wp-content\/uploads\/2015\/02\/flag-cs.png\" class=\"attachment-flag size-flag\" alt=\"\" decoding=\"async\" loading=\"lazy\" \/>\u010cesk\u00e1 republika &nbsp;\r\n                        <\/div>\r\n                        <h3>Spr\u00e1vce nemovitosti &#8211; Praha<\/h3>\r\n                        <div class=\"accordion-header-icon\"><i class=\"fa fa-plus\"><\/i><\/div>\r\n                    <\/div>\r\n                    <div class=\"accordion-content\">\r\n\r\n                        \r\n                        <p>Sim Property is looking for a property manager in Prague, who is dedicated to customer service, to look after our investor clients properties.<\/p>\n<p>Key qualities we are looking for include:<\/p>\n<ul>\n<li>Must speak fluent Czech &amp; English<\/li>\n<li>Ability to learn quickly and apply oneself to new areas<\/li>\n<li>personable and dedicated to client satisfaction<\/li>\n<li>Ability to use a computer with ease<\/li>\n<li>Must be honest and reliable<\/li>\n<li>Well organised and efficient at administration<\/li>\n<li>Some real estate \/ property management experience an advantage (especially residential property management) though not essential as training is provided<\/li>\n<\/ul>\n<p>We offer:<\/p>\n<ul>\n<li>Attractive salary<\/li>\n<li>Interesting and flexible working environment<\/li>\n<li>Friendly and fair atmosphere<\/li>\n<li>Opportunities to grow and learn a wide range of skills<\/li>\n<li>Active use of multiple languages<\/li>\n<li>Attractive bonus scheme<\/li>\n<\/ul>\n<p>Your Responsibilities<\/p>\n<ul>\n<li>Work closely with the Country Manager on a day to day basis<\/li>\n<li>You will learn about a wide range of aspects of residential real estate in the Czech Republic<\/li>\n<li>Everyday is different and there will be a wide range of people and tasks to work with<\/li>\n<li>Coordination of all aspects of our portfolio of properties in Prague<\/li>\n<li>Work with small apartments, houses to large buildings<\/li>\n<li>Dealing with tenants, maintenance coordination, utility companies, coordination of rentals, sales and so on<\/li>\n<li>Communication with both Czech and foreign clients, private individual and large investors<\/li>\n<li>Use of our online property management system<\/li>\n<\/ul>\n\r\n                        <div>\r\n                            <a href=\"https:\/\/www.simproperty.com\/cs\/vacancy\/spravce-nemovitosti-praha\/\" class=\"button button-big\">Zaujala V\u00e1s pracovn\u00ed nab\u00eddka?<\/a>\r\n                        <\/div>\r\n                    <\/div>\r\n                <\/div>\r\n                    <\/div>\r\n     <\/div>\n<\/div><!-- \/wpb-row row --><\/div><!-- \/cointainer fluid or cointainer --><\/div><!-- \/row-wrap -->\n","protected":false},"excerpt":{"rendered":"Pro\u010d Sim Property? Poctiv\u00e9, jednozna\u010dn\u00e9 a kompletn\u00ed zaji\u0161t\u011bn\u00ed ve\u0161ker\u00fdch slu\u017eeb spojen\u00fdch s n\u00e1kupem, spr\u00e1vou a prodejem nemovitost\u00ed pod jednou st\u0159echou Zku\u0161en\u00fd a prov\u011b\u0159en\u00fd t\u00fdm (my jsme ti nejlep\u0161\u00ed) Integrovan\u00e9 slu\u017eby ve v\u00edce ne\u017e 20 m\u011bstech ve st\u0159edn\u00ed a v\u00fdchodn\u00ed Evrop\u011b Pokro\u010dil\u00fd online syst\u00e9m, kter\u00fd n\u00e1m usnad\u0148uje pr\u00e1ci a v\u00e1m d\u00e1v\u00e1 pot\u0159ebn\u00e9 informace v\u017edy v\u010das Jsme [...]","protected":false},"author":6,"featured_media":0,"parent":0,"menu_order":0,"comment_status":"closed","ping_status":"open","template":"","meta":[],"aioseo_notices":[],"_links":{"self":[{"href":"https:\/\/www.simproperty.com\/cs\/wp-json\/wp\/v2\/pages\/13385"}],"collection":[{"href":"https:\/\/www.simproperty.com\/cs\/wp-json\/wp\/v2\/pages"}],"about":[{"href":"https:\/\/www.simproperty.com\/cs\/wp-json\/wp\/v2\/types\/page"}],"author":[{"embeddable":true,"href":"https:\/\/www.simproperty.com\/cs\/wp-json\/wp\/v2\/users\/6"}],"replies":[{"embeddable":true,"href":"https:\/\/www.simproperty.com\/cs\/wp-json\/wp\/v2\/comments?post=13385"}],"version-history":[{"count":1,"href":"https:\/\/www.simproperty.com\/cs\/wp-json\/wp\/v2\/pages\/13385\/revisions"}],"predecessor-version":[{"id":13386,"href":"https:\/\/www.simproperty.com\/cs\/wp-json\/wp\/v2\/pages\/13385\/revisions\/13386"}],"wp:attachment":[{"href":"https:\/\/www.simproperty.com\/cs\/wp-json\/wp\/v2\/media?parent=13385"}],"curies":[{"name":"wp","href":"https:\/\/api.w.org\/{rel}","templated":true}]}}